{"id":3379,"date":"2024-07-23T01:30:58","date_gmt":"2024-07-23T01:30:58","guid":{"rendered":"https:\/\/www.largepillow.com\/product\/large-couch-dog-bed-with-supportive-foam-soft-cotton"},"modified":"2025-05-30T13:36:37","modified_gmt":"2025-05-30T13:36:37","slug":"velka-pohovka-pre-psa-s-podpornou-penou-z-makkej-bavlny","status":"publish","type":"product","link":"https:\/\/www.largepillow.com\/sk\/product\/large-couch-dog-bed-with-supportive-foam-soft-cotton\/","title":{"rendered":"Ve\u013ek\u00fd pelech pre psa s podpornou penou a m\u00e4kkou bavlnou"},"content":{"rendered":"[zc_getpagecontent mb=&#8221;mb_aplus&#8221; apid=&#8221;74&#8243;]\n","protected":false},"excerpt":{"rendered":"<ul>\n<li>Upokojuj\u00faci peliech pre psa: Spodn\u00e1 \u010das\u0165 n\u00e1\u0161ho upokojuj\u00faceho ve\u013ek\u00e9ho pelichu pre psa je rozdelen\u00e1 na dve vrstvy, ktor\u00e9 pozost\u00e1vaj\u00fa z pribli\u017ene 7,5 cm peny s vysokou hustotou a 7,5 cm m\u00e4kkej bavlnenej v\u00fdplne. To poskytuje \u00fa\u010dinn\u00fa oporu pre telo v\u00e1\u0161ho dom\u00e1ceho mazn\u00e1\u010dika a z\u00e1rove\u0148 pon\u00faka bezkonkuren\u010dn\u00e9 pohodlie.<\/li>\n<li>Hlbok\u00fd pelech pre psov proti \u00fazkosti: Za\u017eite bezkonkuren\u010dn\u00e9 pohodlie a s\u00fakromie s na\u0161\u00edm 40 cm hlbok\u00fdm pelechom pre psov. V\u00e1\u0161 pes n\u00e1jde \u010dist\u00e9 uspokojenie, ke\u010f sa sch\u00fali a ponor\u00ed do luxusn\u00fdch hlb\u00edn tohto v\u00fdnimo\u010dn\u00e9ho \u00fato\u010diska. Uzavret\u00fd dizajn pon\u00faka bezpe\u010dn\u00e9 a od\u013eahl\u00e9 \u00fato\u010disko, ktor\u00e9 v\u00e1\u0161mu psovi umo\u017e\u0148uje u\u017e\u00edva\u0165 si neru\u0161en\u00fd osobn\u00fd priestor. Zbavte svojho psa \u00fazkosti s t\u00fdmto hlbok\u00fdm pelechom pre psov.<\/li>\n<li>Pohodln\u00fd pr\u00edstup: N\u00e1\u0161 upokojuj\u00faci pelech pre ve\u013ek\u00fdch psov sa vyzna\u010duje \u0161ikovn\u00fdm polouzavret\u00fdm dizajnom, ktor\u00fd umo\u017e\u0148uje v\u00e1\u0161mu psovi jednoduch\u00fd vstup a v\u00fdstup a z\u00e1rove\u0148 poskytuje vhodn\u00fa v\u00fd\u0161ku pre pocit bezpe\u010dia. V\u00e1\u0161 pes m\u00f4\u017ee vo\u013ene vstupova\u0165 a vystupova\u0165 z upokojuj\u00faceho pelechu pre psov a polouzavret\u00e9 vank\u00fa\u0161e pon\u00fakaj\u00fa s\u00fakromie a oddelenie, \u010do mu umo\u017e\u0148uje vychutna\u0165 si pokojn\u00fd sp\u00e1nok v \u00fatulnom prostred\u00ed. Tento dizajn poskytuje tepl\u00fd a bezpe\u010dn\u00fd priestor, ktor\u00fd podporuje pokoj a relax\u00e1ciu.<\/li>\n<li>Priestrann\u00fd dizajn pre v\u0161etky ve\u013ekosti: N\u00e1\u0161 ve\u013ek\u00fd upokojuj\u00faci pelech pre psov je priestrann\u00fd a pohodln\u00fd, vhodn\u00fd pre psy v\u0161etk\u00fdch ve\u013ekost\u00ed. \u010ci u\u017e m\u00e1te mal\u00e9 alebo ve\u013ek\u00e9 plemeno, m\u00f4\u017eu sa vo\u013ene roztiahnu\u0165, natiahnu\u0165 si kon\u010datiny a \u00faplne relaxova\u0165. Ve\u013ekorys\u00e9 rozmery ve\u013ek\u00e9ho upokojuj\u00faceho pelechu pre psov poskytuj\u00fa dostatok priestoru na odpo\u010dinok, \u010do umo\u017e\u0148uje v\u00e1\u0161mu dom\u00e1cemu mil\u00e1\u010dikovi dopria\u0165 si maxim\u00e1lne pohodlie po\u010das oddychu.<\/li>\n<li>Pohodln\u00fd a \u013eahko \u010distite\u013en\u00fd \u2013 Interi\u00e9r upokojuj\u00faceho pelechu pre ve\u013ek\u00fdch psov je vyroben\u00fd z priedu\u0161nej a m\u00e4kkej zamatovej l\u00e1tky, ktor\u00e1 poskytuje jemn\u00fd a pohodln\u00fd pocit. Vonkaj\u0161ia vrstva je vyroben\u00e1 z oxfordskej l\u00e1tky navrhnutej pre dlhotrvaj\u00faci v\u00fdkon, \u010do zais\u0165uje jej odolnos\u0165 vo\u010di ka\u017edodenn\u00e9mu opotrebovaniu. Proti\u0161mykov\u00e1 spodn\u00e1 \u010das\u0165 zais\u0165uje stabilitu na akomko\u013evek povrchu. Upokojuj\u00faci pelech pre psov je vybaven\u00fd odn\u00edmate\u013en\u00fdm po\u0165ahom a dvojvrstvov\u00fdm zipsom, \u010do umo\u017e\u0148uje jednoduch\u00e9 pranie.<\/li>\n<\/ul>","protected":false},"featured_media":3370,"comment_status":"open","ping_status":"closed","template":"","meta":[],"product_brand":[],"product_cat":[227],"product_tag":[],"class_list":{"0":"post-3379","1":"product","2":"type-product","3":"status-publish","4":"has-post-thumbnail","6":"product_cat-pet-supplies","8":"first","9":"instock","10":"shipping-taxable","11":"purchasable","12":"product-type-simple"},"_links":{"self":[{"href":"https:\/\/www.largepillow.com\/sk\/wp-json\/wp\/v2\/product\/3379","targetHints":{"allow":["GET"]}}],"collection":[{"href":"https:\/\/www.largepillow.com\/sk\/wp-json\/wp\/v2\/product"}],"about":[{"href":"https:\/\/www.largepillow.com\/sk\/wp-json\/wp\/v2\/types\/product"}],"replies":[{"embeddable":true,"href":"https:\/\/www.largepillow.com\/sk\/wp-json\/wp\/v2\/comments?post=3379"}],"wp:featuredmedia":[{"embeddable":true,"href":"https:\/\/www.largepillow.com\/sk\/wp-json\/wp\/v2\/media\/3370"}],"wp:attachment":[{"href":"https:\/\/www.largepillow.com\/sk\/wp-json\/wp\/v2\/media?parent=3379"}],"wp:term":[{"taxonomy":"product_brand","embeddable":true,"href":"https:\/\/www.largepillow.com\/sk\/wp-json\/wp\/v2\/product_brand?post=3379"},{"taxonomy":"product_cat","embeddable":true,"href":"https:\/\/www.largepillow.com\/sk\/wp-json\/wp\/v2\/product_cat?post=3379"},{"taxonomy":"product_tag","embeddable":true,"href":"https:\/\/www.largepillow.com\/sk\/wp-json\/wp\/v2\/product_tag?post=3379"}],"curies":[{"name":"pracovn\u00fd list","href":"https:\/\/api.w.org\/{rel}","templated":true}]}}