{"id":3388,"date":"2024-07-23T01:37:07","date_gmt":"2024-07-23T01:37:07","guid":{"rendered":"https:\/\/www.largepillow.com\/product\/portable-neck-pillow-clothes-stuffable-ideal-for-trips"},"modified":"2025-04-02T07:09:22","modified_gmt":"2025-04-02T07:09:22","slug":"prenosny-vankus-na-krk-plneny-oblecenim-idealny-na-cesty","status":"publish","type":"product","link":"https:\/\/www.largepillow.com\/sk\/product\/portable-neck-pillow-clothes-stuffable-ideal-for-trips","title":{"rendered":"Prenosn\u00fd vank\u00fa\u0161 na krk, vhodn\u00fd na oble\u010denie, ide\u00e1lny na cesty"},"content":{"rendered":"[zc_getpagecontent mb=&#8221;mb_aplus&#8221; apid=&#8221;75&#8243;]\n","protected":false},"excerpt":{"rendered":"<ul>\n<li><strong>\u017diadne poplatky za dodato\u010dn\u00fa bato\u017einu:<\/strong> Na\u0161e cestovn\u00e9 plnete\u013en\u00e9 vank\u00fa\u0161e na krk s\u00fa navrhnut\u00e9 tak, aby prev\u00e1\u017eali predmety, ktor\u00e9 sa nezmestia do pr\u00edru\u010dnej alebo osobnej bato\u017einy, bez toho, aby ste museli plati\u0165 dodato\u010dn\u00e9 poplatky za podan\u00fa bato\u017einu a\u017e do v\u00fd\u0161ky $70. N\u00e1\u0161 v\u0161estrann\u00fd spolo\u010dn\u00edk na cesty v\u00e1m umo\u017en\u00ed vyhn\u00fa\u0165 sa n\u00e1kladn\u00fdm poplatkom za bato\u017einu. Do tohto plnete\u013en\u00e9ho vank\u00fa\u0161a na krk si zba\u013ete oble\u010denie a nevyhnutnosti a\u017e na 3 dni a u\u017e sa nikdy nemus\u00edte stara\u0165 o poplatky za nadmern\u00fa bato\u017einu.<\/li>\n<li><strong>Pohodln\u00fd materi\u00e1l:<\/strong>\u00a0Pripravili sme pre v\u00e1s pohodln\u00fd a prvotriedny materi\u00e1l. Cestovn\u00fd vank\u00fa\u0161 na krk je vyroben\u00fd z penovej kompozitnej tkaniny a poskytuje v\u00e1m pohodln\u00fd dotyk pre bla\u017een\u00fd z\u00e1\u017eitok z cestovania. M\u00f4\u017eete si vychutna\u0165 pohodln\u00fa oporu krku a bedrovej chrbtice v lietadl\u00e1ch, na cest\u00e1ch autom, vo vlakoch a dokonca posl\u00fa\u017ei ako praktick\u00e1 ta\u0161ka na bicykle a motocykle!<\/li>\n<li><strong>V\u0161estrannos\u0165 a \u00faspora miesta:<\/strong> N\u00e1\u0161 plnen\u00fd cestovn\u00fd vank\u00fa\u0161 na oble\u010denie m\u00e1 nastavite\u013en\u00fd popruh, ktor\u00fd sa d\u00e1 nosi\u0165 cez rameno alebo okolo krku. \u010ci u\u017e sa vyd\u00e1vate na v\u00edkendov\u00fd v\u00fdlet, kempovanie alebo cenovo dostupn\u00fa leteck\u00fa cestu, n\u00e1\u0161 cestovn\u00fd vank\u00fa\u0161 s nastavite\u013enou ve\u013ekos\u0165ou krku a extra ramenn\u00fdm popruhom zjednodu\u0161uje balenie a z\u00e1rove\u0148 maximalizuje priestor v bato\u017eine.<\/li>\n<li><strong>Samoplniaci dizajn:<\/strong> Na\u0161e cestovn\u00e9 vypch\u00e1vacie vank\u00fa\u0161e na krk s\u00fa vybaven\u00e9 skryt\u00fdmi bo\u010dn\u00fdmi zipsami a otvor na vypch\u00e1vanie je dostato\u010dne \u0161irok\u00fd na to, aby ste ho naplnili oble\u010den\u00edm a maximalizovali tak priestor v bato\u017eine. Vank\u00fa\u0161 nezaberie pr\u00edli\u0161 ve\u013ea miesta, tak\u017ee sa do nich d\u00e1 \u013eahko a \u00fah\u013eadne vlo\u017ei\u0165 oble\u010denie. Ke\u010f sa nepou\u017e\u00edvaj\u00fa, daj\u00fa sa zlo\u017ei\u0165 do plochej kabelky, ktor\u00fa je mo\u017en\u00e9 umiestni\u0165 do kabelky, batohu alebo dokonca do vrecka.<\/li>\n<li><strong>Cestovn\u00e9 nevyhnutnosti:<\/strong> V\u0161etko je zameran\u00e9 na pohodlie a komfort, tento plnen\u00fd cestovn\u00fd vank\u00fa\u0161 je prisp\u00f4soben\u00fd na r\u00f4zne cesty, \u010di u\u017e ide o spont\u00e1nny v\u00edkendov\u00fd \u00fanik, pohlcuj\u00facu kempingov\u00fa exped\u00edciu, osvie\u017euj\u00face t\u00fary alebo cenovo dostupn\u00e9 cestovanie lietadlom. N\u00e1\u0161 cestovn\u00fd vank\u00fa\u0161 na krk dok\u00e1\u017ee splni\u0165 va\u0161e potreby a je najlep\u0161\u00edm cestovn\u00fdm vank\u00fa\u0161om pre cestovate\u013eov.<\/li>\n<\/ul>","protected":false},"featured_media":3380,"comment_status":"open","ping_status":"closed","template":"","meta":[],"product_brand":[],"product_cat":[228],"product_tag":[],"class_list":{"0":"post-3388","1":"product","2":"type-product","3":"status-publish","4":"has-post-thumbnail","6":"product_cat-cushions","8":"first","9":"instock","10":"shipping-taxable","11":"purchasable","12":"product-type-simple"},"_links":{"self":[{"href":"https:\/\/www.largepillow.com\/sk\/wp-json\/wp\/v2\/product\/3388","targetHints":{"allow":["GET"]}}],"collection":[{"href":"https:\/\/www.largepillow.com\/sk\/wp-json\/wp\/v2\/product"}],"about":[{"href":"https:\/\/www.largepillow.com\/sk\/wp-json\/wp\/v2\/types\/product"}],"replies":[{"embeddable":true,"href":"https:\/\/www.largepillow.com\/sk\/wp-json\/wp\/v2\/comments?post=3388"}],"wp:featuredmedia":[{"embeddable":true,"href":"https:\/\/www.largepillow.com\/sk\/wp-json\/wp\/v2\/media\/3380"}],"wp:attachment":[{"href":"https:\/\/www.largepillow.com\/sk\/wp-json\/wp\/v2\/media?parent=3388"}],"wp:term":[{"taxonomy":"product_brand","embeddable":true,"href":"https:\/\/www.largepillow.com\/sk\/wp-json\/wp\/v2\/product_brand?post=3388"},{"taxonomy":"product_cat","embeddable":true,"href":"https:\/\/www.largepillow.com\/sk\/wp-json\/wp\/v2\/product_cat?post=3388"},{"taxonomy":"product_tag","embeddable":true,"href":"https:\/\/www.largepillow.com\/sk\/wp-json\/wp\/v2\/product_tag?post=3388"}],"curies":[{"name":"wp","href":"https:\/\/api.w.org\/{rel}","templated":true}]}}