{"id":3404,"date":"2024-07-23T02:34:39","date_gmt":"2024-07-23T02:34:39","guid":{"rendered":"https:\/\/www.largepillow.com\/product\/fireside-bean-bag-chairs-comfy-single-couch-for-reading"},"modified":"2024-10-03T16:31:25","modified_gmt":"2024-10-03T16:31:25","slug":"kresla-s-fazulovymi-vakmi-pri-krbe-pohodlna-jednolozkova-pohovka-na-citanie","status":"publish","type":"product","link":"https:\/\/www.largepillow.com\/sk\/product\/fireside-bean-bag-chairs-comfy-single-couch-for-reading\/","title":{"rendered":"Sedacie vaky pri krbe: Pohodln\u00e1 jednol\u00f4\u017ekov\u00e1 pohovka na \u010d\u00edtanie"},"content":{"rendered":"[zc_getpagecontent mb=&#8221;mb_aplus&#8221; apid=&#8221;56&#8243;]\n","protected":false},"excerpt":{"rendered":"<ul>\n<li><strong>Priestrann\u00e9 sedadlo:<\/strong> 63 cm (v\u00fd\u0161ka) x 86 cm (d\u013a\u017eka) x 72 cm (\u0161\u00edrka), 6 kg. Jednodielne sedacie kreslo je priestrann\u00e9 a vhodn\u00e9 pre ak\u00fdko\u013evek typ postavy. Ergonomick\u00e9 operadlo. Dr\u017e\u00ed si tvar aj po dlh\u00fdch hodin\u00e1ch pou\u017e\u00edvania.<\/li>\n<li><strong>Odoln\u00e1 tkanina:<\/strong> Na\u0161e sedacie vaky s\u00fa vyroben\u00e9 z odolnej a nepremokavej oxfordskej l\u00e1tky, ktor\u00e1 sa \u013eahko \u010dist\u00ed. Proti\u0161mykov\u00e1 \u010dierna z\u00e1kladn\u00e1 l\u00e1tka poskytuje bezpe\u010dn\u00fd \u00fachop.<\/li>\n<li><strong>Penov\u00e1 podpera:<\/strong> Na\u0161e sedacie kreslo je vyplnen\u00e9 jednodielnou penou s vysokou hustotou a pon\u00faka m\u00e4kk\u00e9 sedenie a pevn\u00fa oporu chrbta a n\u00f4h. Ergonomick\u00fd dizajn zais\u0165uje pohodlie a predch\u00e1dza bolestiam chrbta.<\/li>\n<li><strong>Kreat\u00edvny dizajn:<\/strong>\u00a03D v\u00fdrez poskytuje dodato\u010dn\u00fd \u00falo\u017en\u00fd priestor a pom\u00e1ha stoli\u010dke udr\u017ea\u0165 si svoj tvar aj po dlhodobom pou\u017e\u00edvan\u00ed.<\/li>\n<li><strong>Starostlivos\u0165 o v\u00fdrobok:<\/strong>\u00a0\u010cistite vlhkou handri\u010dkou, vyh\u00fdbajte sa priamemu slne\u010dn\u00e9mu \u017eiareniu a agres\u00edvnym chemik\u00e1li\u00e1m. Po rozbalen\u00ed nechajte sedac\u00ed vak 2 hodiny d\u00fdcha\u0165, aby ste dosiahli optim\u00e1lnu elasticitu.<\/li>\n<\/ul>","protected":false},"featured_media":3565,"comment_status":"open","ping_status":"closed","template":"","meta":[],"product_brand":[],"product_cat":[228],"product_tag":[],"class_list":{"0":"post-3404","1":"product","2":"type-product","3":"status-publish","4":"has-post-thumbnail","6":"product_cat-cushions","8":"first","9":"outofstock","10":"shipping-taxable","11":"purchasable","12":"product-type-simple"},"_links":{"self":[{"href":"https:\/\/www.largepillow.com\/sk\/wp-json\/wp\/v2\/product\/3404","targetHints":{"allow":["GET"]}}],"collection":[{"href":"https:\/\/www.largepillow.com\/sk\/wp-json\/wp\/v2\/product"}],"about":[{"href":"https:\/\/www.largepillow.com\/sk\/wp-json\/wp\/v2\/types\/product"}],"replies":[{"embeddable":true,"href":"https:\/\/www.largepillow.com\/sk\/wp-json\/wp\/v2\/comments?post=3404"}],"wp:featuredmedia":[{"embeddable":true,"href":"https:\/\/www.largepillow.com\/sk\/wp-json\/wp\/v2\/media\/3565"}],"wp:attachment":[{"href":"https:\/\/www.largepillow.com\/sk\/wp-json\/wp\/v2\/media?parent=3404"}],"wp:term":[{"taxonomy":"product_brand","embeddable":true,"href":"https:\/\/www.largepillow.com\/sk\/wp-json\/wp\/v2\/product_brand?post=3404"},{"taxonomy":"product_cat","embeddable":true,"href":"https:\/\/www.largepillow.com\/sk\/wp-json\/wp\/v2\/product_cat?post=3404"},{"taxonomy":"product_tag","embeddable":true,"href":"https:\/\/www.largepillow.com\/sk\/wp-json\/wp\/v2\/product_tag?post=3404"}],"curies":[{"name":"pracovn\u00fd list","href":"https:\/\/api.w.org\/{rel}","templated":true}]}}