{"id":3413,"date":"2024-07-23T03:06:14","date_gmt":"2024-07-23T03:06:14","guid":{"rendered":"https:\/\/www.largepillow.com\/product\/ergonomic-wedge-pillow-with-arm-hole-for-shoulder-pain-relief"},"modified":"2025-04-29T06:10:15","modified_gmt":"2025-04-29T06:10:15","slug":"ergonomicky-klinovy-vankus-s-otvorom-na-ruky-pre-ulavu-od-bolesti-ramien","status":"publish","type":"product","link":"https:\/\/www.largepillow.com\/sk\/product\/ergonomic-wedge-pillow-with-arm-hole-for-shoulder-pain-relief","title":{"rendered":"Ergonomick\u00fd klinov\u00fd vank\u00fa\u0161 s otvorom na ruky pre \u00fa\u013eavu od bolesti ramien"},"content":{"rendered":"","protected":false},"excerpt":{"rendered":"<ul>\n<li><strong>Nastavite\u013en\u00fd kont\u00farov\u00fd penov\u00fd vank\u00fa\u0161:<\/strong> Opierka hlavy v tvare U a tlmi\u010d sklonu n\u00e1\u0161ho vank\u00fa\u0161a na spanie na boku udr\u017eiavaj\u00fa va\u0161u chrbticu v neutr\u00e1lnom stave t\u00fdm, \u017ee efekt\u00edvne nastavuj\u00fa a koriguj\u00fa va\u0161u polohu pri span\u00ed na boku, zmier\u0148uj\u00fa tlak na ramen\u00e1, ruky a chrb\u00e1t a uvo\u013e\u0148uj\u00fa viac priestoru na odpo\u010dinok pre ramen\u00e1, tak\u017ee m\u00f4\u017eete pohodlne spa\u0165 na oboch stran\u00e1ch.<\/li>\n<li><strong>Klinov\u00fd vank\u00fa\u0161 na tvarovanie ramien:<\/strong> Vedecky navrhnut\u00e9 dr\u00e1\u017eky v oblasti ramien s\u00fa vhodn\u00e9 pre \u013eud\u00ed, ktor\u00ed spia na boku. Pri span\u00ed na boku dok\u00e1\u017eu zn\u00ed\u017ei\u0165 tlak na ramen\u00e1 a vyhn\u00fa\u0165 sa zhrben\u00fdm poloh\u00e1m pri span\u00ed. Klinov\u00fd vank\u00fa\u0161 je dostato\u010dne \u0161irok\u00fd na to, aby sa do\u0148 dali umiestni\u0165 ruky, tak\u017ee sa pri span\u00ed na boku nebud\u00fa c\u00edti\u0165 vise\u0165. Rozmery: 55*60*19 cm<\/li>\n<li><strong>Zakriven\u00e1 opierka hlavy:<\/strong> N\u00e1\u0161 spac\u00ed vank\u00fa\u0161 m\u00e1 dizajn v tvare U. Jeho tvar poskytuje pevn\u00fa oporu kr\u010dnej chrbtici, hlave a prirodzene sa prisp\u00f4sobuje polohe hlavy pri span\u00ed na boku a chrbte, aby udr\u017eal v\u00e1\u0161 krk v spr\u00e1vnom zarovnan\u00ed so zvy\u0161kom tela a zmiernil bolesti krku a ramien. Spac\u00ed vank\u00fa\u0161 poskytuje lep\u0161iu oporu pre hlavu a kr\u010dn\u00fa chrbticu. Rozmery: 20*39*10 cm<\/li>\n<li><strong>V\u00fdpl\u0148 a l\u00e1tka:<\/strong> Biela \u010das\u0165 je z pletenej priedu\u0161nej l\u00e1tky, ktor\u00e1 je \u0161etrn\u00e1 k poko\u017eke a netla\u010d\u00ed, vhodn\u00e1 pre v\u0161etky ro\u010dn\u00e9 obdobia. B\u00e9\u017eov\u00e1 \u010das\u0165 je vyroben\u00e1 z m\u00e4kkej matnej zamatovej l\u00e1tky. Klinov\u00fd vank\u00fa\u0161 je vyplnen\u00fd penou s vysokou hustotou, ktor\u00e1 poskytuje dlhotrvaj\u00facu a \u00fa\u010dinn\u00fa oporu, so silnou nosnos\u0165ou a \u013eahko sa nedeformuje. Opierka hlavy je vyroben\u00e1 z pr\u00e9miovej pam\u00e4\u0165ovej peny s pomal\u00fdm odrazom, ktor\u00e1 dok\u00e1\u017ee rovnomerne absorbova\u0165 n\u00e1razov\u00fa silu a rozpt\u00fdli\u0165 tlak, s vyv\u00e1\u017eenou m\u00e4kkos\u0165ou.<\/li>\n<li><strong>\u0160irok\u00e9 uplatnenie:<\/strong> Tento vank\u00fa\u0161 na podporu krku je ve\u013emi vhodn\u00fd pre star\u0161\u00edch \u013eud\u00ed, kancel\u00e1rskych pracovn\u00edkov, u\u010dite\u013eov a \u013eud\u00ed, ktor\u00ed trpia poruchami sp\u00e1nku. Ak m\u00e1te z \u010dasu na \u010das pocit, \u017ee be\u017en\u00fd sp\u00e1nok nedok\u00e1\u017ee zmierni\u0165 boles\u0165 a \u00fanavu va\u0161ich ramien a krku, tento ergonomick\u00fd podporn\u00fd vank\u00fa\u0161 bude tou najlep\u0161ou vo\u013ebou. Vedecky navrhnut\u00fd uhol a tvar v\u00e1m poskytn\u00fa pohodln\u00fd sp\u00e1nok a \u00fa\u013eavu od bolesti ramien.<\/li>\n<li><strong>Ide\u00e1lna poloha pri sp\u00e1nku:<\/strong>\u00a0Spr\u00e1vna poloha pri sp\u00e1nku zlep\u0161uje kvalitu sp\u00e1nku a r\u00fdchlo zmier\u0148uje fyzick\u00fa \u00fanavu a psychick\u00fd stres. N\u00e1\u0161 navrhnut\u00fd kont\u00farov\u00fd vank\u00fa\u0161 \u00fa\u010dinne zlep\u0161uje boles\u0165 krku, ramien, chrbta a p\u00e1sa.<\/li>\n<\/ul>","protected":false},"featured_media":3405,"comment_status":"open","ping_status":"closed","template":"","meta":[],"product_brand":[],"product_cat":[228],"product_tag":[],"class_list":{"0":"post-3413","1":"product","2":"type-product","3":"status-publish","4":"has-post-thumbnail","6":"product_cat-cushions","8":"first","9":"outofstock","10":"featured","11":"shipping-taxable","12":"purchasable","13":"product-type-simple"},"_links":{"self":[{"href":"https:\/\/www.largepillow.com\/sk\/wp-json\/wp\/v2\/product\/3413","targetHints":{"allow":["GET"]}}],"collection":[{"href":"https:\/\/www.largepillow.com\/sk\/wp-json\/wp\/v2\/product"}],"about":[{"href":"https:\/\/www.largepillow.com\/sk\/wp-json\/wp\/v2\/types\/product"}],"replies":[{"embeddable":true,"href":"https:\/\/www.largepillow.com\/sk\/wp-json\/wp\/v2\/comments?post=3413"}],"wp:featuredmedia":[{"embeddable":true,"href":"https:\/\/www.largepillow.com\/sk\/wp-json\/wp\/v2\/media\/3405"}],"wp:attachment":[{"href":"https:\/\/www.largepillow.com\/sk\/wp-json\/wp\/v2\/media?parent=3413"}],"wp:term":[{"taxonomy":"product_brand","embeddable":true,"href":"https:\/\/www.largepillow.com\/sk\/wp-json\/wp\/v2\/product_brand?post=3413"},{"taxonomy":"product_cat","embeddable":true,"href":"https:\/\/www.largepillow.com\/sk\/wp-json\/wp\/v2\/product_cat?post=3413"},{"taxonomy":"product_tag","embeddable":true,"href":"https:\/\/www.largepillow.com\/sk\/wp-json\/wp\/v2\/product_tag?post=3413"}],"curies":[{"name":"wp","href":"https:\/\/api.w.org\/{rel}","templated":true}]}}