{"id":3449,"date":"2024-07-25T02:57:32","date_gmt":"2024-07-25T02:57:32","guid":{"rendered":"https:\/\/www.largepillow.com\/product\/portable-small-pet-car-seat-front-seat-safety-for-dogs-cats"},"modified":"2025-03-01T12:11:51","modified_gmt":"2025-03-01T12:11:51","slug":"prenosna-autosedacka-pre-male-domace-zvierata-bezpecnost-predneho-sedadla-pre-psy-a-macky","status":"publish","type":"product","link":"https:\/\/www.largepillow.com\/sk\/product\/portable-small-pet-car-seat-front-seat-safety-for-dogs-cats","title":{"rendered":"Prenosn\u00e1 autoseda\u010dka pre mal\u00e9 dom\u00e1ce zvierat\u00e1, bezpe\u010dnos\u0165 na prednom sedadle pre psy a ma\u010dky"},"content":{"rendered":"[zc_getpagecontent mb=&#8221;mb_aplus&#8221; apid=&#8221;79&#8243;]\n","protected":false},"excerpt":{"rendered":"<ul>\n<li><strong>Maxim\u00e1lna bezpe\u010dnos\u0165 a ochrana:<\/strong> Na\u0161a penov\u00e1 autoseda\u010dka pre psa v stredovej konzole pon\u00faka 4-n\u00e1sobn\u00fd bezpe\u010dnostn\u00fd syst\u00e9m, ktor\u00fd zais\u0165uje bezpe\u010dnos\u0165 v\u00e1\u0161ho mal\u00e9ho psa alebo ma\u010dky po\u010das jazdy autom. V\u010faka dvojit\u00fdm bezpe\u010dnostn\u00fdm p\u00e1som, ktor\u00e9 je mo\u017en\u00e9 pripevni\u0165 k sedadlu vodi\u010da, bezpe\u010dnostn\u00e9mu p\u00e1su pre dom\u00e1ce zvierat\u00e1, pevn\u00fdm popruhom pre stabilitu a proti\u0161mykovej z\u00e1kladni si m\u00f4\u017eete by\u0165 ist\u00ed, \u017ee v\u00e1\u0161 mazn\u00e1\u010dik je bezpe\u010dne na svojom mieste.<\/li>\n<li><strong>Pohodln\u00fd materi\u00e1l:<\/strong> T\u00e1to autoseda\u010dka pre psa v stredovej konzole je vyplnen\u00e1 m\u00e4kk\u00fdm a podporn\u00fdm penov\u00fdm materi\u00e1lom, ktor\u00fd zais\u0165uje pohodlie a zachov\u00e1va si tvar. D\u00e1 sa zlo\u017ei\u0165, aby podopierala hlavu psa a poskytovala v\u00e1\u0161mu mil\u00e1\u010dikovi \u0161ir\u0161\u00ed v\u00fdh\u013ead na okolit\u00fa krajinu. Bez kovov\u00e9ho r\u00e1mu nepredstavuje \u017eiadne bezpe\u010dnostn\u00e9 riziko.<\/li>\n<li><strong>Viacer\u00e9 scen\u00e1re pou\u017eitia:<\/strong> Na\u0161u autoseda\u010dku pre psa v stredovej konzole je mo\u017en\u00e9 nain\u0161talova\u0165 na stredov\u00fa konzolu vozidla, \u010d\u00edm sa u\u0161etr\u00ed miesto a umo\u017en\u00ed pohodln\u00e1 jazda viacer\u00fdch cestuj\u00facich. Nastavite\u013en\u00e1 rukov\u00e4\u0165 na autoseda\u010dke pre psa v stredovej konzole tie\u017e zais\u0165uje bezpe\u010dn\u00fa in\u0161tal\u00e1ciu na sedadlo spolujazdca, \u010do poskytuje \u010fal\u0161iu mo\u017enos\u0165 pou\u017eitia.<\/li>\n<li><strong>Ur\u010den\u00e9 pre mal\u00e9 dom\u00e1ce zvierat\u00e1:<\/strong> T\u00e1to autoseda\u010dka, \u0161peci\u00e1lne navrhnut\u00e1 pre mal\u00e9 psy a ma\u010dky s hmotnos\u0165ou do 5,6 kg, poskytuje \u00fatuln\u00fd a pohodln\u00fd priestor pre v\u00e1\u0161ho chlpat\u00e9ho priate\u013ea. Zabra\u0148uje mu potulova\u0165 sa po aute, zni\u017euje rozpty\u013eovanie a zais\u0165uje jeho bezpe\u010dnos\u0165 po\u010das celej cesty. Sl\u00fa\u017ei aj ako prepravka pre mal\u00e9 dom\u00e1ce zvierat\u00e1, \u010do poskytuje pohodlie a flexibilitu pri cestovan\u00ed s va\u0161\u00edm chlpat\u00fdm spolo\u010dn\u00edkom.<\/li>\n<li><strong>Pohodln\u00fd dizajn:<\/strong> Okrem toho, \u017ee funguje ako autoseda\u010dka pre psa v stredovej konzole, mo\u017eno ju pou\u017ei\u0165 aj ako prepravku pre mal\u00e9 dom\u00e1ce zvierat\u00e1, \u010do pon\u00faka pohodlie a v\u0161estrannos\u0165 po\u010das cestovania s va\u0161\u00edm chlpat\u00fdm spolo\u010dn\u00edkom. Vreck\u00e1 na oboch stran\u00e1ch sl\u00fa\u017eia na pohodln\u00e9 ulo\u017eenie psieho pr\u00edslu\u0161enstva.<\/li>\n<\/ul>","protected":false},"featured_media":3439,"comment_status":"open","ping_status":"closed","template":"","meta":[],"product_brand":[],"product_cat":[227],"product_tag":[],"class_list":{"0":"post-3449","1":"product","2":"type-product","3":"status-publish","4":"has-post-thumbnail","6":"product_cat-pet-supplies","8":"first","9":"instock","10":"shipping-taxable","11":"purchasable","12":"product-type-simple"},"_links":{"self":[{"href":"https:\/\/www.largepillow.com\/sk\/wp-json\/wp\/v2\/product\/3449","targetHints":{"allow":["GET"]}}],"collection":[{"href":"https:\/\/www.largepillow.com\/sk\/wp-json\/wp\/v2\/product"}],"about":[{"href":"https:\/\/www.largepillow.com\/sk\/wp-json\/wp\/v2\/types\/product"}],"replies":[{"embeddable":true,"href":"https:\/\/www.largepillow.com\/sk\/wp-json\/wp\/v2\/comments?post=3449"}],"wp:featuredmedia":[{"embeddable":true,"href":"https:\/\/www.largepillow.com\/sk\/wp-json\/wp\/v2\/media\/3439"}],"wp:attachment":[{"href":"https:\/\/www.largepillow.com\/sk\/wp-json\/wp\/v2\/media?parent=3449"}],"wp:term":[{"taxonomy":"product_brand","embeddable":true,"href":"https:\/\/www.largepillow.com\/sk\/wp-json\/wp\/v2\/product_brand?post=3449"},{"taxonomy":"product_cat","embeddable":true,"href":"https:\/\/www.largepillow.com\/sk\/wp-json\/wp\/v2\/product_cat?post=3449"},{"taxonomy":"product_tag","embeddable":true,"href":"https:\/\/www.largepillow.com\/sk\/wp-json\/wp\/v2\/product_tag?post=3449"}],"curies":[{"name":"wp","href":"https:\/\/api.w.org\/{rel}","templated":true}]}}