{"id":347,"date":"2022-09-15T22:38:34","date_gmt":"2022-09-15T22:38:34","guid":{"rendered":"https:\/\/www.largepillow.com\/product\/bolster-headboard"},"modified":"2025-11-05T02:15:26","modified_gmt":"2025-11-05T02:15:26","slug":"vankus-na-podporu-chrbta-2","status":"publish","type":"product","link":"https:\/\/www.largepillow.com\/sk\/product\/back-support-cushion","title":{"rendered":"Chrbtov\u00fd oporn\u00fd vank\u00fa\u0161"},"content":{"rendered":"<p>The Back Support Cushion \u2013 the ultimate comfort provider for your bed or sofa. If you&#8217;re a night owl, bookworm, or just love to binge-watch your favorite shows in bed, this large bolster pillow is perfect for you. This headboard pillow has a triangular shape that fits snugly against your back and waist, providing relief from lumbar and back pressure. It&#8217;s the only wedge headboard pillow that can accommodate two people, making it an excellent alternative to having two separate pillows.<\/p>\n<p>But that&#8217;s not all \u2013 this back support cushion is designed to be multifunctional. You can use it as a back support headboard pillow when sitting in bed, lay it flat on your bed to use it as a large wedge pillow when sleeping on your back or side, or even use it as a leg pillow to elevate your legs. It&#8217;s an excellent alternative for couples who need a large headboard pillow that provides support for both of them.<\/p>\n<p>Crafted with superior craftsmanship, the pillowcase of this reading pillow boasts a corduroy look made of 100% polyester, making it breathable and comfortable enough to hold its shape over time. A side pocket on each side allows you to slip your book or phone into it, keeping them within reach while you relax.<\/p>\n<p>Cleaning this back support cushion is a breeze, too. The reading pillow cover is attached to the pillow with buttons and can be easily removed with a simple zipper, making it hassle-free to keep it clean. Just remove the cover and do a quick machine wash to make your pillow look like new.<\/p>\n<p>This product comes in various sizes ranging from 45cm to 200cm to accommodate different bed sizes. You can choose the one that suits your needs and preferences.<\/p>\n<p>Customers who have purchased this product are raving about it. One customer commented that the cushion is &#8220;perfect for reading and watching TV in bed,&#8221; while another said, &#8220;the quality of the product is excellent \u2013 definitely worth the purchase.&#8221; With a high customer satisfaction rating, this back support cushion is a must-have for anyone who loves to relax in bed or on the sofa.<\/p>\n<p>In conclusion, the Back Support Cushion is a stylish and functional addition to any bedroom. It offers excellent comfort and support, is multifunctional, easy to clean, and comes in various sizes to accommodate different bed sizes. Don&#8217;t wait \u2013 get yours today and experience the ultimate comfort in your bed or sofa!<\/p>","protected":false},"excerpt":{"rendered":"<ul>\n<li><strong>Maxim\u00e1lne pohodlie:<\/strong> Tento vank\u00fa\u0161 na \u010delo postele pon\u00faka vynikaj\u00face pohodlie v\u010faka svojmu trojuholn\u00edkov\u00e9mu tvaru. Oporn\u00fd vank\u00fa\u0161 na poste\u013e pekne prilieha k chrbtu a p\u00e1su, \u010d\u00edm minimalizuje tlak na bedrov\u00fa chrbticu\/chrb\u00e1t. Tento klinov\u00fd vank\u00fa\u0161 na \u010d\u00edtanie v\u00e1m pom\u00f4\u017ee udr\u017ea\u0165 si pohodlie v posteli alebo na pohovke, \u010do je ide\u00e1lne pre pracuj\u00facich no\u010dn\u00fdch sov, knihomo\u013eov a pozeranie telev\u00edzie v posteli. Tento extra ve\u013ek\u00fd vank\u00fa\u0161 na l\u00f4\u017eko je jedin\u00fd klinov\u00fd vank\u00fa\u0161 na \u010delo postele, ktor\u00fd pojme dve osoby.<\/li>\n<li><strong>3 v 1 ve\u013ek\u00fd vank\u00fa\u0161 na podhlavn\u00edk:<\/strong> Vank\u00fa\u0161 m\u00f4\u017eete pou\u017ei\u0165 vzpriamene ako vank\u00fa\u0161 na oporu chrbta pri seden\u00ed v posteli alebo ho polo\u017ei\u0165 naplocho na poste\u013e a pou\u017ei\u0165 ho ako ve\u013ek\u00fd klinov\u00fd vank\u00fa\u0161 pri span\u00ed na chrbte alebo na boku, alebo ako vank\u00fa\u0161 na nohy, ktor\u00fd v\u00e1m umo\u017en\u00ed zdvihn\u00fa\u0165 nohy. Ak chcete ve\u013ek\u00fd vank\u00fa\u0161 na \u010delo postele, ktor\u00fd poskytne oporu v\u00e1m aj v\u00e1\u0161mu partnerovi\/partnerke, je to vynikaj\u00faca alternat\u00edva.<\/li>\n<li><strong>Multifunk\u010dn\u00fd dizajn:<\/strong> Niektor\u00ed \u013eudia pou\u017e\u00edvaj\u00fa ve\u013ek\u00fd trojuholn\u00edkov\u00fd vank\u00fa\u0161 ako vank\u00fa\u0161 na \u010delo postele, zatia\u013e \u010do in\u00ed ho pou\u017e\u00edvaj\u00fa ako vank\u00fa\u0161 na ochranu chrbta, m\u00f4\u017ee tie\u017e sl\u00fa\u017ei\u0165 ako vank\u00fa\u0161 na podporu operadla pohovky alebo dennej postele. Je \u0161t\u00fdlov\u00fd aj funk\u010dn\u00fd, v\u010faka \u010domu je vynikaj\u00facim doplnkom do ka\u017edej sp\u00e1lne.<\/li>\n<li><strong>Vynikaj\u00face remeseln\u00e9 spracovanie:<\/strong> Oblie\u010dka na vank\u00fa\u0161 m\u00e1 vzh\u013ead man\u0161estru a zlo\u017eenie je polyester 100%. N\u00e1\u0161 vank\u00fa\u0161 na \u010delo postele je priedu\u0161n\u00fd a dostato\u010dne pohodln\u00fd, aby si udr\u017eal tvar a \u010dasom ho nestratil. Bo\u010dn\u00e9 vrecko na ka\u017edej strane v\u00e1m umo\u017en\u00ed vlo\u017ei\u0165 si do\u0148 knihu alebo telef\u00f3n.<\/li>\n<li><strong>\u013dahko sa um\u00fdva:<\/strong> Po\u0165ah na \u010ditate\u013esk\u00fd vank\u00fa\u0161 je pripevnen\u00fd k vank\u00fa\u0161u pomocou gomb\u00edkov a d\u00e1 sa \u013eahko zlo\u017ei\u0165 jednoduch\u00fdm zipsom. V\u010faka tomu je jeho \u010distenie bezprobl\u00e9mov\u00e9. Sta\u010d\u00ed po\u0165ah zlo\u017ei\u0165 a r\u00fdchlo vypra\u0165 v pr\u00e1\u010dke, aby v\u00e1\u0161 vank\u00fa\u0161 vyzeral ako nov\u00fd.<\/li>\n<li><strong>Ve\u013ekos\u0165:<\/strong> 45 cm (D45 x \u016020 x V50 | 0 gomb\u00edkov), 60 cm (D60 x \u016020 x V50 | 0 gomb\u00edkov), 80 cm (D80 x \u016020 x V50 | 2 gomb\u00edky), 100 cm (D100 x \u016020 x V50 | 3 gomb\u00edky), 120 cm (D120 x \u016020 x V50 | 4 gomb\u00edky), 140 cm (D140 x \u016020 x V50 | 4 gomb\u00edky), 160 cm (D160 x \u016020 x V50 | 5 gomb\u00edkov), 180 cm (D180 x \u016020 x V50 | 6 gomb\u00edkov), 200 cm (D200 x \u016020 x V50 | 7 gomb\u00edkov).<\/li>\n<\/ul>","protected":false},"featured_media":328,"comment_status":"open","ping_status":"closed","template":"","meta":[],"product_brand":[],"product_cat":[15],"product_tag":[117,204,218,217,168,132,199,143,182,68],"class_list":{"0":"post-347","1":"product","2":"type-product","3":"status-publish","4":"has-post-thumbnail","6":"product_cat-large-wedge-pillow","7":"product_tag-back-support-cushion","8":"product_tag-bed-support-cushion","9":"product_tag-corduroy-pillow","10":"product_tag-daybed-backrest","11":"product_tag-headboard-pillow","12":"product_tag-large-bolster-pillow","13":"product_tag-large-wedge-pillow","14":"product_tag-multifunctional-pillow","15":"product_tag-triangle-back-pillow","16":"product_tag-wedge-reading-pillow","18":"first","19":"instock","20":"shipping-taxable","21":"purchasable","22":"product-type-variable"},"_links":{"self":[{"href":"https:\/\/www.largepillow.com\/sk\/wp-json\/wp\/v2\/product\/347","targetHints":{"allow":["GET"]}}],"collection":[{"href":"https:\/\/www.largepillow.com\/sk\/wp-json\/wp\/v2\/product"}],"about":[{"href":"https:\/\/www.largepillow.com\/sk\/wp-json\/wp\/v2\/types\/product"}],"replies":[{"embeddable":true,"href":"https:\/\/www.largepillow.com\/sk\/wp-json\/wp\/v2\/comments?post=347"}],"wp:featuredmedia":[{"embeddable":true,"href":"https:\/\/www.largepillow.com\/sk\/wp-json\/wp\/v2\/media\/328"}],"wp:attachment":[{"href":"https:\/\/www.largepillow.com\/sk\/wp-json\/wp\/v2\/media?parent=347"}],"wp:term":[{"taxonomy":"product_brand","embeddable":true,"href":"https:\/\/www.largepillow.com\/sk\/wp-json\/wp\/v2\/product_brand?post=347"},{"taxonomy":"product_cat","embeddable":true,"href":"https:\/\/www.largepillow.com\/sk\/wp-json\/wp\/v2\/product_cat?post=347"},{"taxonomy":"product_tag","embeddable":true,"href":"https:\/\/www.largepillow.com\/sk\/wp-json\/wp\/v2\/product_tag?post=347"}],"curies":[{"name":"wp","href":"https:\/\/api.w.org\/{rel}","templated":true}]}}