{"id":3491,"date":"2024-07-25T03:29:02","date_gmt":"2024-07-25T03:29:02","guid":{"rendered":"https:\/\/www.largepillow.com\/product\/big-gray-bed-reading-pillow-with-arms-lumbar-support"},"modified":"2024-10-03T16:31:25","modified_gmt":"2024-10-03T16:31:25","slug":"velky-sivy-citaci-vankus-s-bedrovou-opierkou-na-ruky","status":"publish","type":"product","link":"https:\/\/www.largepillow.com\/sk\/product\/big-gray-bed-reading-pillow-with-arms-lumbar-support","title":{"rendered":"Ve\u013ek\u00fd siv\u00fd \u010d\u00edtac\u00ed vank\u00fa\u0161 s podr\u00fa\u010dkami a bedrovou opierkou"},"content":{"rendered":"[zc_getpagecontent mb=&#8221;mb_aplus&#8221; apid=&#8221;68&#8243;]\n","protected":false},"excerpt":{"rendered":"<ul>\n<li>M\u00e4kk\u00e1 zamatov\u00e1 l\u00e1tka: Tento prvotriedny \u010ditate\u013esk\u00fd vank\u00fa\u0161 do postele je vyplnen\u00fd vysoko kvalitnou PP bavlnou, ktor\u00e1 je m\u00e4kk\u00e1 a elastick\u00e1, v\u010faka \u010domu sa budete c\u00edti\u0165 neuverite\u013ene pohodlne. Oblie\u010dka na vank\u00fa\u0161 je vyroben\u00e1 z hladkej holandskej zamatovej l\u00e1tky, ktor\u00e1 je jemn\u00e1 a pr\u00edjemn\u00e1 na dotyk. Ply\u0161ov\u00e9 oblie\u010dky na vank\u00fa\u0161e s\u00fa odn\u00edmate\u013en\u00e9 a daj\u00fa sa pra\u0165 v pr\u00e1\u010dke.<\/li>\n<li>Ve\u013ekos\u0165: Vank\u00fa\u0161 meria 56 cm na v\u00fd\u0161ku a 89 cm na \u0161\u00edrku, \u010d\u00edm poskytuje pevn\u00fa a dostato\u010dn\u00fa oporu chrbta. Hr\u00fabka ka\u017edej podr\u00fa\u010dky je 19 cm pre oporu ramien a krku, uvo\u013e\u0148uje svalov\u00e9 nap\u00e4tie a uvo\u013e\u0148uje telo. Hmotnos\u0165: 2,9 kg. Pranie: Pre jednoduch\u0161iu \u00fadr\u017ebu perte v pr\u00e1\u010dke v studenej vode samostatne.<\/li>\n<li>Zips: Spodn\u00e1 \u010das\u0165 po\u0165ahu na vank\u00fa\u0161 je opatren\u00e1 nevidite\u013en\u00fdm zipsom vo farbe, ktor\u00fd dod\u00e1va vank\u00fa\u0161u elegantn\u00fd vzh\u013ead, jednoduch\u00e9 vkladanie a pranie. Dvojit\u00e1 ochrana oblie\u010dok na vank\u00fa\u0161e a pod\u0161\u00edvky, jednoducho rozopnite vn\u00fatorn\u00fa pod\u0161\u00edvku a upravte si v\u00fdpl\u0148 pod\u013ea vlastn\u00e9ho uv\u00e1\u017eenia, \u010d\u00edm ju rozlo\u017e\u00edte pod\u013ea potreby pre cielen\u00fa oporu. Ak potrebujete viac v\u00fdplne, radi v\u00e1m poskytneme \u010fal\u0161iu polypropyl\u00e9nov\u00fa bavlnu.<\/li>\n<li>\u010c\u00edtac\u00ed vank\u00fa\u0161 s pevnou lak\u0165ovou opierkou poskytuje ur\u010dit\u00fa v\u00fd\u0161ku podpory v polohe lak\u0165a. M\u00e4kk\u00fd a hrub\u00fd operadlo m\u00e1 dlhotrvaj\u00facu elasticitu, 2 ozdobn\u00e9 gomb\u00edky, zosilnen\u00e9 \u0161itie a lemovanie vytv\u00e1raj\u00fa ucelen\u00fd a pln\u00fd vzh\u013ead pre ergonomickej\u0161iu krivku uvo\u013enenia chrbta. N\u00e1\u0161 \u010ditate\u013esk\u00fd vank\u00fa\u0161 je nielen pohodln\u00fd a roztomil\u00fd, ale m\u00e1 aj jasn\u00fd a farebn\u00fd dizajn, ktor\u00fd dod\u00e1 ka\u017edej miestnosti farebn\u00fd akcent.<\/li>\n<li>Rozba\u013ete, u\u017e\u00edvajte si: Vank\u00fa\u0161 na operadlo je po\u010das prepravy stla\u010den\u00fd. Jednoducho ho rozba\u013ete a nechajte ho 24 \u2013 48 hod\u00edn, aby sa \u00faplne rozlo\u017eil.<\/li>\n<\/ul>","protected":false},"featured_media":3482,"comment_status":"open","ping_status":"closed","template":"","meta":[],"product_brand":[],"product_cat":[228],"product_tag":[],"class_list":{"0":"post-3491","1":"product","2":"type-product","3":"status-publish","4":"has-post-thumbnail","6":"product_cat-cushions","8":"first","9":"outofstock","10":"shipping-taxable","11":"purchasable","12":"product-type-simple"},"_links":{"self":[{"href":"https:\/\/www.largepillow.com\/sk\/wp-json\/wp\/v2\/product\/3491","targetHints":{"allow":["GET"]}}],"collection":[{"href":"https:\/\/www.largepillow.com\/sk\/wp-json\/wp\/v2\/product"}],"about":[{"href":"https:\/\/www.largepillow.com\/sk\/wp-json\/wp\/v2\/types\/product"}],"replies":[{"embeddable":true,"href":"https:\/\/www.largepillow.com\/sk\/wp-json\/wp\/v2\/comments?post=3491"}],"wp:featuredmedia":[{"embeddable":true,"href":"https:\/\/www.largepillow.com\/sk\/wp-json\/wp\/v2\/media\/3482"}],"wp:attachment":[{"href":"https:\/\/www.largepillow.com\/sk\/wp-json\/wp\/v2\/media?parent=3491"}],"wp:term":[{"taxonomy":"product_brand","embeddable":true,"href":"https:\/\/www.largepillow.com\/sk\/wp-json\/wp\/v2\/product_brand?post=3491"},{"taxonomy":"product_cat","embeddable":true,"href":"https:\/\/www.largepillow.com\/sk\/wp-json\/wp\/v2\/product_cat?post=3491"},{"taxonomy":"product_tag","embeddable":true,"href":"https:\/\/www.largepillow.com\/sk\/wp-json\/wp\/v2\/product_tag?post=3491"}],"curies":[{"name":"wp","href":"https:\/\/api.w.org\/{rel}","templated":true}]}}