{"id":3508,"date":"2024-07-25T03:34:29","date_gmt":"2024-07-25T03:34:29","guid":{"rendered":"https:\/\/www.largepillow.com\/product\/large-folding-daybed-sofa-with-adjustable-headboard"},"modified":"2024-10-03T16:31:25","modified_gmt":"2024-10-03T16:31:25","slug":"velka-rozkladacia-pohovka-s-dennym-lozkom-a-nastavitelnym-celom","status":"publish","type":"product","link":"https:\/\/www.largepillow.com\/sk\/product\/large-folding-daybed-sofa-with-adjustable-headboard","title":{"rendered":"Ve\u013ek\u00e1 rozkladacia pohovka s nastavite\u013en\u00fdm \u010delom"},"content":{"rendered":"","protected":false},"excerpt":{"rendered":"<ul>\n<li>MAXIM\u00c1LNY KOMFORT: Vychutnajte si bezkonkuren\u010dn\u00e9 pohodlie s polohovate\u013enou rozkladacou pohovkou s mo\u017enos\u0165ou prist\u00e1tia. T\u00e1to rozkladacia pohovka s polyesterov\u00fdm \u013eanov\u00fdm po\u0165ahom a v\u00fdpl\u0148ou z vysoko pru\u017enej peny zais\u0165uje maxim\u00e1lne pohodlie, \u010di u\u017e sed\u00edte a relaxujete, pozer\u00e1te telev\u00edziu alebo si odd\u00fdchnete po n\u00e1ro\u010dnom dni.<\/li>\n<li>\u0160PI\u010cKOV\u00c9 REMESELN\u00c9 SPRACOVANIE: T\u00e1to sek\u010dn\u00e1 pohovka s po\u0165ahom z polyesterov\u00e9ho \u013eanu a v\u00fdpl\u0148ou z vysoko pru\u017enej peny kombinuje praktickos\u0165 a pohodlie pre luxusn\u00fd a odoln\u00fd z\u00e1\u017eitok. \u013dahko sa rozober\u00e1 a montuje, \u010do zaru\u010duje trval\u00fa eleganciu v ka\u017edej miestnosti.<\/li>\n<li>STABILN\u00c1 PODPORA: U\u017eite si pokojn\u00fd relax s na\u0161ou pohovkou na podlahe. Pena s vysokou hustotou poskytuje vynikaj\u00facu oporu a odpru\u017eenie, ktor\u00e9 obop\u00edna krivky tela a zmier\u0148uje tlakov\u00e9 body. Stabilita rozkladacej pohovky zais\u0165uje bezpe\u010dnos\u0165 a spo\u013eahlivos\u0165, v\u010faka \u010domu si m\u00f4\u017eete vychutna\u0165 dlhotrvaj\u00face pohodlie a odolnos\u0165.<\/li>\n<li>JEDINE\u010cN\u00dd DIZAJN A JEDNODUCH\u00c9 \u010cISTENIE: T\u00e1to pohovka je nielen pohodln\u00e1, ale aj \u013eahko sa udr\u017eiava v \u010distote. Nevidite\u013en\u00fd zips sa \u013eahko odn\u00edma a \u010dist\u00ed, v\u010faka \u010domu pohovka zostane upratan\u00e1. Umo\u017en\u00ed v\u00e1m pohodlne si vychutna\u0165 vo\u013en\u00fd \u010das.<\/li>\n<li>IDE\u00c1LNA VE\u013dKOS\u0164 PRE POHODLIE: Na\u0161a rozkladacia pohovka m\u00e1 rozmery 190 * 76 * 55 cm, \u010do je ide\u00e1lna ve\u013ekos\u0165 pre rozkladacie kreslo a \u013eahko sa skladuje a \u0161etr\u00ed miesto.<\/li>\n<\/ul>","protected":false},"featured_media":3492,"comment_status":"open","ping_status":"closed","template":"","meta":[],"product_brand":[],"product_cat":[228],"product_tag":[],"class_list":{"0":"post-3508","1":"product","2":"type-product","3":"status-publish","4":"has-post-thumbnail","6":"product_cat-cushions","8":"first","9":"outofstock","10":"shipping-taxable","11":"purchasable","12":"product-type-simple"},"_links":{"self":[{"href":"https:\/\/www.largepillow.com\/sk\/wp-json\/wp\/v2\/product\/3508","targetHints":{"allow":["GET"]}}],"collection":[{"href":"https:\/\/www.largepillow.com\/sk\/wp-json\/wp\/v2\/product"}],"about":[{"href":"https:\/\/www.largepillow.com\/sk\/wp-json\/wp\/v2\/types\/product"}],"replies":[{"embeddable":true,"href":"https:\/\/www.largepillow.com\/sk\/wp-json\/wp\/v2\/comments?post=3508"}],"wp:featuredmedia":[{"embeddable":true,"href":"https:\/\/www.largepillow.com\/sk\/wp-json\/wp\/v2\/media\/3492"}],"wp:attachment":[{"href":"https:\/\/www.largepillow.com\/sk\/wp-json\/wp\/v2\/media?parent=3508"}],"wp:term":[{"taxonomy":"product_brand","embeddable":true,"href":"https:\/\/www.largepillow.com\/sk\/wp-json\/wp\/v2\/product_brand?post=3508"},{"taxonomy":"product_cat","embeddable":true,"href":"https:\/\/www.largepillow.com\/sk\/wp-json\/wp\/v2\/product_cat?post=3508"},{"taxonomy":"product_tag","embeddable":true,"href":"https:\/\/www.largepillow.com\/sk\/wp-json\/wp\/v2\/product_tag?post=3508"}],"curies":[{"name":"wp","href":"https:\/\/api.w.org\/{rel}","templated":true}]}}