{"id":3526,"date":"2024-07-25T04:00:36","date_gmt":"2024-07-25T04:00:36","guid":{"rendered":"https:\/\/www.largepillow.com\/product\/plush-bean-bag-armchair-for-adults-teens-and-kids-sofa"},"modified":"2024-10-03T16:31:25","modified_gmt":"2024-10-03T16:31:25","slug":"plysove-kreslo-s-fazulovym-vakom-pre-dospelych-tinedzerov-a-deti-pohovka","status":"publish","type":"product","link":"https:\/\/www.largepillow.com\/sk\/product\/plush-bean-bag-armchair-for-adults-teens-and-kids-sofa\/","title":{"rendered":"Ply\u0161ov\u00e9 kreslo s vakom na sedenie pre dospel\u00fdch, t\u00edned\u017eerov a deti"},"content":{"rendered":"[zc_getpagecontent mb=&#8221;mb_aplus&#8221; apid=&#8221;71&#8243;]\n","protected":false},"excerpt":{"rendered":"<ul>\n<li>MAXIM\u00c1LNY KOMFORT: Vychutnajte si bezkonkuren\u010dn\u00e9 pohodlie s pohovkou Sitting Bear. T\u00e1to kombinovan\u00e1 pohovka je vyroben\u00e1 z po\u0165ahu z imit\u00e1cie vlny a v\u00fdplne z vysoko odolnej peny a zais\u0165uje maxim\u00e1lne pohodlie, \u010di u\u017e hr\u00e1te hry, pozer\u00e1te telev\u00edziu, u\u010d\u00edte sa alebo len relaxujete po n\u00e1ro\u010dnom dni.<\/li>\n<li>\u0160PI\u010cKOV\u00c9 REMESELN\u00c9 SPRACOVANIE: T\u00e1to kombinovan\u00e1 pohovka, vyroben\u00e1 z po\u0165ahu z imit\u00e1cie vlny a v\u00fdplne z vysoko odolnej peny, kombinuje praktickos\u0165 a pohodlie pre luxusn\u00fd a odoln\u00fd z\u00e1\u017eitok. \u013dahko sa rozober\u00e1 a sklad\u00e1, aby zabezpe\u010dila trval\u00fa eleganciu v ka\u017edej miestnosti.<\/li>\n<li>STABILN\u00c1 PODPORA: U\u017eite si pokojn\u00fd relax s na\u0161ou pohovkou na podlahe. Pena s vysokou hustotou poskytuje vynikaj\u00facu oporu a odpru\u017eenie, ktor\u00e9 obop\u00edna krivky tela a zmier\u0148uje tlakov\u00e9 body. Stabilita rozkladacej pohovky zais\u0165uje bezpe\u010dnos\u0165 a spo\u013eahlivos\u0165, v\u010faka \u010domu si m\u00f4\u017eete vychutna\u0165 dlhotrvaj\u00face pohodlie a odolnos\u0165.<\/li>\n<li>JEDINE\u010cN\u00dd DIZAJN A JEDNODUCH\u00c9 \u010cISTENIE: T\u00e1to pohovka je nielen pohodln\u00e1, ale aj \u013eahko sa udr\u017eiava v \u010distote. Nevidite\u013en\u00fd zips sa \u013eahko odn\u00edma a \u010dist\u00ed, v\u010faka \u010domu pohovka zostane upratan\u00e1. Umo\u017en\u00ed v\u00e1m pohodlne si vychutna\u0165 vo\u013en\u00fd \u010das.<\/li>\n<li>IDE\u00c1LNA VE\u013dKOS\u0164 PRE POHODLIE: Na\u0161a rozkladacia pohovka m\u00e1 rozmery 115,5 * 72 * 61 cm, \u010do je ide\u00e1lna ve\u013ekos\u0165 pre rozkladacie kreslo a \u013eahko sa skladuje a \u0161etr\u00ed miesto.<\/li>\n<\/ul>","protected":false},"featured_media":3517,"comment_status":"open","ping_status":"closed","template":"","meta":[],"product_brand":[],"product_cat":[228],"product_tag":[],"class_list":{"0":"post-3526","1":"product","2":"type-product","3":"status-publish","4":"has-post-thumbnail","6":"product_cat-cushions","8":"first","9":"outofstock","10":"shipping-taxable","11":"purchasable","12":"product-type-simple"},"_links":{"self":[{"href":"https:\/\/www.largepillow.com\/sk\/wp-json\/wp\/v2\/product\/3526","targetHints":{"allow":["GET"]}}],"collection":[{"href":"https:\/\/www.largepillow.com\/sk\/wp-json\/wp\/v2\/product"}],"about":[{"href":"https:\/\/www.largepillow.com\/sk\/wp-json\/wp\/v2\/types\/product"}],"replies":[{"embeddable":true,"href":"https:\/\/www.largepillow.com\/sk\/wp-json\/wp\/v2\/comments?post=3526"}],"wp:featuredmedia":[{"embeddable":true,"href":"https:\/\/www.largepillow.com\/sk\/wp-json\/wp\/v2\/media\/3517"}],"wp:attachment":[{"href":"https:\/\/www.largepillow.com\/sk\/wp-json\/wp\/v2\/media?parent=3526"}],"wp:term":[{"taxonomy":"product_brand","embeddable":true,"href":"https:\/\/www.largepillow.com\/sk\/wp-json\/wp\/v2\/product_brand?post=3526"},{"taxonomy":"product_cat","embeddable":true,"href":"https:\/\/www.largepillow.com\/sk\/wp-json\/wp\/v2\/product_cat?post=3526"},{"taxonomy":"product_tag","embeddable":true,"href":"https:\/\/www.largepillow.com\/sk\/wp-json\/wp\/v2\/product_tag?post=3526"}],"curies":[{"name":"pracovn\u00fd list","href":"https:\/\/api.w.org\/{rel}","templated":true}]}}