{"id":3541,"date":"2024-07-25T04:17:47","date_gmt":"2024-07-25T04:17:47","guid":{"rendered":"https:\/\/www.largepillow.com\/product\/dog-car-seat-and-pet-carrier-for-small-and-medium-dogs"},"modified":"2024-12-04T22:51:12","modified_gmt":"2024-12-04T22:51:12","slug":"autosedacka-a-prepravka-pre-male-a-stredne-psy","status":"publish","type":"product","link":"https:\/\/www.largepillow.com\/sk\/product\/dog-car-seat-and-pet-carrier-for-small-and-medium-dogs","title":{"rendered":"Autoseda\u010dka a prepravka pre mal\u00e9 a stredn\u00e9 psy"},"content":{"rendered":"[zc_getpagecontent mb=&#8221;mb_aplus&#8221; apid=&#8221;63&#8243;]\n","protected":false},"excerpt":{"rendered":"<ul>\n<li><strong>Autoseda\u010dka pre psov na \u0161of\u00e9rovanie:<\/strong> Autoseda\u010dka pre mal\u00e9 psy kladie d\u00f4raz na bezpe\u010dnos\u0165. Bezpe\u010dnostn\u00fd p\u00e1s dr\u017e\u00ed prenosn\u00fa autoseda\u010dku pevne na mieste a zabra\u0148uje jej pos\u00favaniu sa v aute. V\u00e1\u0161 mazn\u00e1\u010dik v\u00e1s po\u010das jazdy nebude ru\u0161i\u0165. Nastavite\u013en\u00e9 popruhy s\u00fa vhodn\u00e9 pre v\u00e4\u010d\u0161inu \u00e1ut, automobilov a SUV. H\u00e1ky na postroj prid\u00e1vaj\u00fa \u010fal\u0161iu vrstvu bezpe\u010dnosti, aby sa zabr\u00e1nilo vysko\u010deniu v\u00e1\u0161ho dom\u00e1ceho mazn\u00e1\u010dika.<\/li>\n<li><strong>Viac\u00fa\u010delov\u00fd dizajn 3 v 1:<\/strong> Ta\u0161ka pre dom\u00e1ce zvierat\u00e1 nie je len prepravkou, ale aj pohodln\u00fdm pelechom a autoseda\u010dkou pre psa! Multifunk\u010dn\u00fd dizajn jednoducho zlo\u017e\u00edte a premen\u00ed ho na \u00fatuln\u00fd pelech.<\/li>\n<li><strong>Prepravn\u00edk pre psov s m\u00e4kk\u00fdmi stranami:<\/strong> T\u00e1to prepravka pre psov s m\u00e4kk\u00fdmi bokmi s rozmermi 45 x 30 x 34 cm (D x \u0160 x V) je ur\u010den\u00e1 pre mal\u00e9 a\u017e stredne ve\u013ek\u00e9 psy alebo ve\u013ek\u00e9 ma\u010dky. Je \u013eahk\u00e1 a prenosn\u00e1 na cestovanie, prech\u00e1dzky a tr\u00e9ning. Prilo\u017een\u00e9 polstrovanie zais\u0165uje maxim\u00e1lne pohodlie.<\/li>\n<li><strong>Vynikaj\u00faci dizajn:<\/strong> Prepravka pre stredne ve\u013ek\u00e9 psy je luxusn\u00fdm dizajnom vytvoren\u00fdm \u0161peci\u00e1lne pre mal\u00e9 dom\u00e1ce zvierat\u00e1, ako s\u00fa ma\u010dky a psy. Rukov\u00e4\u0165 z umelej ko\u017ee tejto ta\u0161ky na prepravu ma\u010diek umoc\u0148uje m\u00f3dny prvok tejto m\u00e4kkej prepravky pre ma\u010dky.<\/li>\n<li><strong>Obojstrann\u00fd vank\u00fa\u0161:<\/strong> T\u00e1to prepravka pre stredne ve\u013ek\u00e9 psy m\u00e1 na jednej strane ply\u0161ov\u00fa l\u00e1tku a na druhej strane priedu\u0161n\u00fd materi\u00e1l. T\u00fato prepravku pre ma\u010dky je mo\u017en\u00e9 prisp\u00f4sobi\u0165 ro\u010dn\u00e9mu obdobiu a po\u010dasiu.<\/li>\n<li><strong>Praktick\u00e9 a multifunk\u010dn\u00e9:<\/strong> Okrem toho, \u017ee sl\u00fa\u017ei ako prepravn\u00e1 ta\u0161ka pre mal\u00e9 psy na v\u00fdlety vonku, t\u00e1to prepravka pre \u0161teniatka mal\u00fdch psov m\u00f4\u017ee sl\u00fa\u017ei\u0165 aj ako autoseda\u010dka pre mal\u00e9 psy, ktor\u00e1 poskytuje pohodln\u00fd priestor pre dom\u00e1ce zvierat\u00e1 po\u010das nakupovania, cestovania alebo dokonca aj po\u010das jazdy autom.<\/li>\n<li><strong>Vysokokvalitn\u00fd materi\u00e1l:<\/strong> Pou\u017eitie pohodlnej, priedu\u0161nej l\u00e1tky a pevnej podpornej v\u00fdplne z polypropyl\u00e9novej bavlny v tejto prepravnej ta\u0161ke pre mal\u00e9 psy nielen\u017ee dod\u00e1va \u0161t\u00fdlov\u00fa \u0161trukt\u00faru a \u0161mrnc, ale zais\u0165uje aj jej pohodlie.<\/li>\n<li><strong>Ide\u00e1lny dar\u010dek:<\/strong> Kabelka pre \u0161teniatka mal\u00fdch psov poskytne va\u0161im mil\u00e1\u010dikom pohodlie domova po\u010das vonkaj\u0161\u00edch aktiv\u00edt. Je ve\u013emi praktick\u00e1 na v\u00fdlety, nakupovanie, n\u00e1v\u0161tevy veterin\u00e1ra alebo prech\u00e1dzky.<\/li>\n<li><strong>Pokyny na starostlivos\u0165:<\/strong> Vank\u00fa\u0161 jednoducho odde\u013ete od vrecka a vlo\u017ete ho do pr\u00e1\u010dky, u\u017e \u017eiadne zlomen\u00e9 zipsy pri s\u0165ahovan\u00ed prehozu, vank\u00fa\u0161 je obojstrann\u00fd a odn\u00edmate\u013en\u00fd, tak\u017ee pokojne pridajte ob\u013e\u00faben\u00fa podstielku v\u00e1\u0161ho psa.<\/li>\n<li><strong>Pozn\u00e1mka:<\/strong> Podlo\u017eka do auta pre dom\u00e1ce zvierat\u00e1 je zabalen\u00e1 vo v\u00e1kuovo lisovanom obale, po otvoren\u00ed sa m\u00f4\u017ee mierne zdeformova\u0165, \u010do je norm\u00e1lne a nejde o probl\u00e9m s kvalitou.<\/li>\n<\/ul>","protected":false},"featured_media":3527,"comment_status":"open","ping_status":"closed","template":"","meta":[],"product_brand":[],"product_cat":[227],"product_tag":[],"class_list":{"0":"post-3541","1":"product","2":"type-product","3":"status-publish","4":"has-post-thumbnail","6":"product_cat-pet-supplies","8":"first","9":"outofstock","10":"shipping-taxable","11":"purchasable","12":"product-type-simple"},"_links":{"self":[{"href":"https:\/\/www.largepillow.com\/sk\/wp-json\/wp\/v2\/product\/3541","targetHints":{"allow":["GET"]}}],"collection":[{"href":"https:\/\/www.largepillow.com\/sk\/wp-json\/wp\/v2\/product"}],"about":[{"href":"https:\/\/www.largepillow.com\/sk\/wp-json\/wp\/v2\/types\/product"}],"replies":[{"embeddable":true,"href":"https:\/\/www.largepillow.com\/sk\/wp-json\/wp\/v2\/comments?post=3541"}],"wp:featuredmedia":[{"embeddable":true,"href":"https:\/\/www.largepillow.com\/sk\/wp-json\/wp\/v2\/media\/3527"}],"wp:attachment":[{"href":"https:\/\/www.largepillow.com\/sk\/wp-json\/wp\/v2\/media?parent=3541"}],"wp:term":[{"taxonomy":"product_brand","embeddable":true,"href":"https:\/\/www.largepillow.com\/sk\/wp-json\/wp\/v2\/product_brand?post=3541"},{"taxonomy":"product_cat","embeddable":true,"href":"https:\/\/www.largepillow.com\/sk\/wp-json\/wp\/v2\/product_cat?post=3541"},{"taxonomy":"product_tag","embeddable":true,"href":"https:\/\/www.largepillow.com\/sk\/wp-json\/wp\/v2\/product_tag?post=3541"}],"curies":[{"name":"wp","href":"https:\/\/api.w.org\/{rel}","templated":true}]}}