{"id":3555,"date":"2024-07-25T04:27:49","date_gmt":"2024-07-25T04:27:49","guid":{"rendered":"https:\/\/www.largepillow.com\/product\/modern-fluffy-cat-small-dog-bed-with-washable-cover"},"modified":"2025-07-15T08:12:33","modified_gmt":"2025-07-15T08:12:33","slug":"moderny-nadychany-pelech-pre-maleho-psa-s-mackou-a-pratelnym-potahom","status":"publish","type":"product","link":"https:\/\/www.largepillow.com\/sk\/product\/modern-fluffy-cat-small-dog-bed-with-washable-cover","title":{"rendered":"Modern\u00fd nad\u00fdchan\u00fd pelech pre ma\u010dky a mal\u00e9 psy s prate\u013en\u00fdm po\u0165ahom"},"content":{"rendered":"[zc_getpagecontent mb=&#8221;mb_aplus&#8221; apid=&#8221;61&#8243;]\n","protected":false},"excerpt":{"rendered":"<ul>\n<li>Jedine\u010dn\u00fd dizajn: Modern\u00e1 pohovka pre dom\u00e1ce zvierat\u00e1, nevyhnutn\u00e1 vo\u013eba n\u00e1bytku pre dom\u00e1ce zvierat\u00e1 a \u0161t\u00fdlov\u00fd doplnok v\u00e1\u0161ho domova. Jej m\u00f3dny dizajn a jemn\u00e9 farebn\u00e9 prevedenie bezprobl\u00e9movo dop\u013a\u0148aj\u00fa ak\u00fdko\u013evek bytov\u00fd dekor.<\/li>\n<li>Pr\u00e9miov\u00e9 materi\u00e1ly: V\u00fdhody kukuri\u010dn\u00e9ho zamatu \u2013 priedu\u0161n\u00fd, m\u00e4kk\u00fd, pohodln\u00fd a odoln\u00fd. V\u00fdpl\u0148 z PP bavlny pre nad\u00fdchan\u00fd pelech pre psa. Proti\u0161mykov\u00e1 spodn\u00e1 kon\u0161trukcia zabra\u0148uje pohybu.<\/li>\n<li>\u013dahko odn\u00edmate\u013en\u00e9 pre \u010distenie: Spodn\u00e1 \u010das\u0165 m\u00e1 zips, \u010do umo\u017e\u0148uje ve\u013emi jednoduch\u00e9 odstr\u00e1nenie a \u010distenie. Pre bezprobl\u00e9mov\u00e9 \u010distenie sa d\u00e1 priamo pra\u0165 v pr\u00e1\u010dke. Vn\u00fatorn\u00e1 v\u00fdpl\u0148 pelechu typu sedac\u00ed vak pre psa je rozdelen\u00e1 na 2 odn\u00edmate\u013en\u00e9 \u010dasti, tak\u017ee po\u0165ah sa d\u00e1 \u013eahko pra\u0165. Mont\u00e1\u017e je tie\u017e jednoduch\u00e1, k dispoz\u00edcii je mont\u00e1\u017ene video.<\/li>\n<li>Vhodn\u00e9 pre viacero dom\u00e1cich mil\u00e1\u010dikov: \u010ci u\u017e m\u00e1te mal\u00e9ho psa, hrav\u00fa ma\u010dku alebo dokonca zaja\u010dika, na\u0161a ma\u010dacia leh\u00e1tko je vhodn\u00e9 pre dom\u00e1ce zvierat\u00e1 s hmotnos\u0165ou do 13,6 kg. V\u010faka priestrannej oddychovej ploche a pevnej kon\u0161trukcii pohodlne unesie v\u00e1hu v\u00e1\u0161ho dom\u00e1ceho mazn\u00e1\u010dika a z\u00e1rove\u0148 poskytne \u00fatuln\u00e9 miesto na odpo\u010dinok.<\/li>\n<li>Celoro\u010dn\u00e9 pou\u017eitie: Leh\u00e1tko pre ma\u010dky zoh\u013ead\u0148uje r\u00f4zne sez\u00f3nne potreby, aby v\u00e1\u0161mu dom\u00e1cemu mil\u00e1\u010dikovi v\u017edy poskytlo ten najlep\u0161\u00ed sp\u00e1nok, \u010di u\u017e s\u00fa chladn\u00e9 zimn\u00e9 dni alebo tepl\u00e9 let\u00e1 \u2013 vhodn\u00e9 na celoro\u010dn\u00e9 pou\u017eitie. Na\u0161e leh\u00e1tko pre psov je v\u00e1kuovo balen\u00e9 v krabici. Pred pou\u017eit\u00edm leh\u00e1tko pre ma\u010dky d\u00f4kladne na\u010dechrajte poklepan\u00edm a po pou\u017eit\u00ed po\u010dkajte 48 hod\u00edn, k\u00fdm sa jemn\u00fdm potrasen\u00edm nevr\u00e1ti do p\u00f4vodn\u00e9ho tvaru.<\/li>\n<\/ul>","protected":false},"featured_media":3542,"comment_status":"open","ping_status":"closed","template":"","meta":[],"product_brand":[],"product_cat":[227],"product_tag":[],"class_list":{"0":"post-3555","1":"product","2":"type-product","3":"status-publish","4":"has-post-thumbnail","6":"product_cat-pet-supplies","8":"first","9":"instock","10":"shipping-taxable","11":"purchasable","12":"product-type-simple"},"_links":{"self":[{"href":"https:\/\/www.largepillow.com\/sk\/wp-json\/wp\/v2\/product\/3555","targetHints":{"allow":["GET"]}}],"collection":[{"href":"https:\/\/www.largepillow.com\/sk\/wp-json\/wp\/v2\/product"}],"about":[{"href":"https:\/\/www.largepillow.com\/sk\/wp-json\/wp\/v2\/types\/product"}],"replies":[{"embeddable":true,"href":"https:\/\/www.largepillow.com\/sk\/wp-json\/wp\/v2\/comments?post=3555"}],"wp:featuredmedia":[{"embeddable":true,"href":"https:\/\/www.largepillow.com\/sk\/wp-json\/wp\/v2\/media\/3542"}],"wp:attachment":[{"href":"https:\/\/www.largepillow.com\/sk\/wp-json\/wp\/v2\/media?parent=3555"}],"wp:term":[{"taxonomy":"product_brand","embeddable":true,"href":"https:\/\/www.largepillow.com\/sk\/wp-json\/wp\/v2\/product_brand?post=3555"},{"taxonomy":"product_cat","embeddable":true,"href":"https:\/\/www.largepillow.com\/sk\/wp-json\/wp\/v2\/product_cat?post=3555"},{"taxonomy":"product_tag","embeddable":true,"href":"https:\/\/www.largepillow.com\/sk\/wp-json\/wp\/v2\/product_tag?post=3555"}],"curies":[{"name":"wp","href":"https:\/\/api.w.org\/{rel}","templated":true}]}}