{"id":3712,"date":"2024-09-02T03:38:14","date_gmt":"2024-09-02T03:38:14","guid":{"rendered":"https:\/\/www.largepillow.com\/product\/luxurious-and-comfortable-expandable-pet-couch-bed"},"modified":"2025-01-02T12:42:51","modified_gmt":"2025-01-02T12:42:51","slug":"luxusna-a-pohodlna-rozkladacia-pohovka-pre-domace-zvierata","status":"publish","type":"product","link":"https:\/\/www.largepillow.com\/sk\/product\/luxurious-and-comfortable-expandable-pet-couch-bed","title":{"rendered":"Luxusn\u00e1 a pohodln\u00e1 rozkladacia poste\u013e pre dom\u00e1ce zvierat\u00e1"},"content":{"rendered":"[zc_getpagecontent mb=&#8221;mb_aplus&#8221; apid=&#8221;95&#8243;]\n","protected":false},"excerpt":{"rendered":"<ul>\n<li>Elegantn\u00fd dizajn a pr\u00e9miov\u00e9 materi\u00e1ly: Za\u017eite bezkonkuren\u010dn\u00fd \u0161t\u00fdl a pohodlie s na\u0161ou rozkladacou pohovkou pre dom\u00e1ce zvierat\u00e1. T\u00e1to poste\u013e je vyroben\u00e1 z vysoko kvalitn\u00fdch materi\u00e1lov a p\u00fd\u0161i sa sat\u00e9novou l\u00e1tkou so vzorom rybej kosti pre sofistikovan\u00fd vzh\u013ead, v kombin\u00e1cii s pr\u00e9miovou zamatovou l\u00e1tkou, ktor\u00fa v\u00e1\u0161 dom\u00e1ci mil\u00e1\u010dik pova\u017euje za neodolate\u013ene m\u00e4kk\u00fa a \u00fatuln\u00fa. Ply\u0161ov\u00e1 l\u00e1tka kombinuje sivobiele a hned\u00e9 t\u00f3ny a pon\u00faka upokojuj\u00facu, modern\u00fa estetiku, ktor\u00e1 vylep\u0161\u00ed v\u00fdzdobu ka\u017edej miestnosti.<\/li>\n<li>Pohodln\u00e1 a podporn\u00e1 kon\u0161trukcia: Na\u0161a poste\u013e pre dom\u00e1ce zvierat\u00e1 sa vyzna\u010duje dvojvrstvovou zosilnenou kon\u0161trukciou s dvoma podr\u00fa\u010dkami a ply\u0161ov\u00fdm operadlom a poskytuje vynikaj\u00facu oporu a pohodlie. Obsahuje vysoko kvalitn\u00fa penov\u00fa v\u00fdpl\u0148, ktor\u00e1 zais\u0165uje dlhodob\u00e9 pou\u017e\u00edvanie bez deform\u00e1cie, spolu s doplnkov\u00fdm vank\u00fa\u0161om na pohovku vyplnen\u00fdm m\u00e4kk\u00fdm polyesterom pre z\u00e1\u017eitok podobn\u00fd le\u017eaniu na p\u00e1perovom vank\u00fa\u0161i. Poste\u013e je premyslene navrhnut\u00e1 tak, aby nielen poskytovala luxusn\u00fd relax, ale aj pon\u00fakala ortopedick\u00fa starostlivos\u0165 v\u00e1\u0161mu dom\u00e1cemu mil\u00e1\u010dikovi.<\/li>\n<li>V\u0161estrannos\u0165 a flexibilita pre ka\u017ed\u00e9ho dom\u00e1ceho mazn\u00e1\u010dika: T\u00e1to rozkladacia poste\u013e pre dom\u00e1ce zvierat\u00e1 uspokoj\u00ed potreby dom\u00e1cich mil\u00e1\u010dikov v r\u00f4znych \u017eivotn\u00fdch \u0161t\u00e1di\u00e1ch. Druh\u00e1 vrstva vank\u00fa\u0161a bez n\u00e1mahy premen\u00ed z\u00e1kladn\u00fa rozkladaciu pohovku na priestrann\u00fa pohovku, ide\u00e1lnu pre ve\u013ek\u00e9 plemen\u00e1 alebo viac dom\u00e1cich mil\u00e1\u010dikov, od psov a ma\u010diek a\u017e po kr\u00e1liky. Odn\u00edmate\u013en\u00fd matrac do postele pre psov m\u00f4\u017ee poste\u013e \u010falej roz\u0161\u00edri\u0165 alebo ju pou\u017ei\u0165 samostatne, \u010d\u00edm poskytuje flexibilitu a pohodlie prisp\u00f4soben\u00e9 potreb\u00e1m v\u00e1\u0161ho dom\u00e1ceho mazn\u00e1\u010dika.<\/li>\n<li>Jednoduch\u00e1 \u00fadr\u017eba a stabilita: \u010cistenie je hra\u010dkou v\u010faka zipsov\u00e9mu dizajnu na spodnej strane, ktor\u00fd umo\u017e\u0148uje jednoduch\u00e9 vybratie a pranie v pr\u00e1\u010dke. Pelech m\u00e1 proti\u0161mykov\u00e9 gumen\u00e9 podlo\u017eky pre stabiln\u00fa ochranu, ktor\u00e9 zabezpe\u010duj\u00fa, \u017ee zostane na mieste aj s hrav\u00fdmi dom\u00e1cimi mil\u00e1\u010dikmi. Vn\u00fatorn\u00e1 v\u00fdpl\u0148 obsahuje 1 odn\u00edmate\u013en\u00fa penu pre bezprobl\u00e9mov\u00e9 pranie, \u010d\u00edm sa zachov\u00e1va hygienick\u00fd a svie\u017ei sp\u00e1nok v\u00e1\u0161ho dom\u00e1ceho mazn\u00e1\u010dika.<\/li>\n<li>\u010eal\u0161ie funkcie pre pohodlie: Na\u0161a rozkladacia poste\u013e pre dom\u00e1ce zvierat\u00e1 vynik\u00e1 roz\u0161\u00edren\u00fdm operadlom, ktor\u00e9 nielen pon\u00faka v\u00e4\u010d\u0161ie pohodlie, ale sl\u00fa\u017ei aj ako mal\u00e1 pohovka pre deti. Poste\u013e je dod\u00e1van\u00e1 s odn\u00edmate\u013enou vn\u00fatornou vlo\u017ekou pre jednoduch\u00fa demont\u00e1\u017e a \u010distenie. Pre jednoduch\u00fa prepravu a prestavovanie je poste\u013e vybaven\u00e1 roz\u0161\u00edrenou rukov\u00e4\u0165ou na vrchu.<\/li>\n<li>D\u00f4le\u017eit\u00e9 upozornenie: Po rozbalen\u00ed po\u010dkajte 2 a\u017e 3 dni, k\u00fdm sa poste\u013e \u00faplne rozlo\u017e\u00ed na po\u017eadovan\u00fa ve\u013ekos\u0165, preto\u017ee v d\u00f4sledku stla\u010denia po\u010das prepravy m\u00f4\u017ee by\u0165 menej nad\u00fdchan\u00e1. Ak m\u00e1te ak\u00e9ko\u013evek ot\u00e1zky alebo obavy, sme tu v\u017edy, aby sme v\u00e1m pomohli.<\/li>\n<\/ul>","protected":false},"featured_media":3697,"comment_status":"open","ping_status":"closed","template":"","meta":[],"product_brand":[],"product_cat":[227],"product_tag":[],"class_list":{"0":"post-3712","1":"product","2":"type-product","3":"status-publish","4":"has-post-thumbnail","6":"product_cat-pet-supplies","8":"first","9":"instock","10":"shipping-taxable","11":"purchasable","12":"product-type-simple"},"_links":{"self":[{"href":"https:\/\/www.largepillow.com\/sk\/wp-json\/wp\/v2\/product\/3712","targetHints":{"allow":["GET"]}}],"collection":[{"href":"https:\/\/www.largepillow.com\/sk\/wp-json\/wp\/v2\/product"}],"about":[{"href":"https:\/\/www.largepillow.com\/sk\/wp-json\/wp\/v2\/types\/product"}],"replies":[{"embeddable":true,"href":"https:\/\/www.largepillow.com\/sk\/wp-json\/wp\/v2\/comments?post=3712"}],"wp:featuredmedia":[{"embeddable":true,"href":"https:\/\/www.largepillow.com\/sk\/wp-json\/wp\/v2\/media\/3697"}],"wp:attachment":[{"href":"https:\/\/www.largepillow.com\/sk\/wp-json\/wp\/v2\/media?parent=3712"}],"wp:term":[{"taxonomy":"product_brand","embeddable":true,"href":"https:\/\/www.largepillow.com\/sk\/wp-json\/wp\/v2\/product_brand?post=3712"},{"taxonomy":"product_cat","embeddable":true,"href":"https:\/\/www.largepillow.com\/sk\/wp-json\/wp\/v2\/product_cat?post=3712"},{"taxonomy":"product_tag","embeddable":true,"href":"https:\/\/www.largepillow.com\/sk\/wp-json\/wp\/v2\/product_tag?post=3712"}],"curies":[{"name":"wp","href":"https:\/\/api.w.org\/{rel}","templated":true}]}}