{"id":3754,"date":"2024-09-03T04:08:26","date_gmt":"2024-09-03T04:08:26","guid":{"rendered":"https:\/\/www.largepillow.com\/product\/3d-planet-throw-pillows-solar-system-decor-soft-cushion-black-moon"},"modified":"2024-10-03T16:31:34","modified_gmt":"2024-10-03T16:31:34","slug":"3d-planeta-dekoracne-vankuse-slnecna-sustava-dekoracia-makky-vankus-cierny-mesiac","status":"publish","type":"product","link":"https:\/\/www.largepillow.com\/sk\/product\/3d-planet-throw-pillows-solar-system-decor-soft-cushion-black-moon","title":{"rendered":"3D dekora\u010dn\u00e9 vank\u00fa\u0161e s plan\u00e9tami, dekor\u00e1cia slne\u010dnej s\u00fastavy, m\u00e4kk\u00fd vank\u00fa\u0161 (\u010dierny mesiac)"},"content":{"rendered":"","protected":false},"excerpt":{"rendered":"<ul>\n<li><strong>Dizajn s tematikou plan\u00e9ty:<\/strong>\u00a0Vytvorte si jedine\u010dn\u00fa bytov\u00fa dekor\u00e1ciu s t\u00fdmito vank\u00fa\u0161mi s mot\u00edvom slne\u010dnej s\u00fastavy, na ktor\u00fdch s\u00fa zobrazen\u00e9 Slnko, Zem, Mesiac, Venu\u0161a, Jupiter, Merk\u00far, Mars, Saturn, Ur\u00e1n, Nept\u00fan a Pluto. Ka\u017ed\u00fd vank\u00fa\u0161 m\u00e1 jedine\u010dn\u00fd planet\u00e1rny dizajn, ktor\u00fd v\u00e1m d\u00e1va slobodu kombinova\u0165 ho a vytv\u00e1ra\u0165 personalizovan\u00fd vzh\u013ead.<\/li>\n<li><strong>Praktick\u00fd podlahov\u00fd vank\u00fa\u0161:<\/strong> Tieto dekora\u010dn\u00e9 vank\u00fa\u0161e s mot\u00edvom plan\u00e9t sa daj\u00fa pou\u017ei\u0165 ako v\u0161estrann\u00e9 rekvizity vo foto\u0161t\u00fadiu alebo ako pohodln\u00e9 vank\u00fa\u0161e na podlahu, dekora\u010dn\u00e9 vank\u00fa\u0161e, vank\u00fa\u0161e na gau\u010d, klinov\u00e9 vank\u00fa\u0161e a vank\u00fa\u0161e na pohovku na v\u00fdzdobu v\u00e1\u0161ho domu, z\u00e1hrady a \u0161k\u00f4lky. Pon\u00fakaj\u00fa pohodln\u00fd vank\u00fa\u0161 pod hlavu alebo chrb\u00e1t, zatia\u013e \u010do si odd\u00fdchnete a uvo\u013en\u00edte sa, v\u010faka \u010domu s\u00fa ide\u00e1lne na pou\u017eitie ako dekorat\u00edvny doplnok alebo ako \u010fal\u0161ie sedenie. S\u00fa tie\u017e skvel\u00e9 na jogu alebo medit\u00e1ciu.<\/li>\n<li><strong>Dekorat\u00edvny podlahov\u00fd vank\u00fa\u0161:<\/strong> Tieto vank\u00fa\u0161e s plan\u00e9tami s\u00fa ide\u00e1lne na dodanie elegancie a pohodlia do va\u0161ej sp\u00e1lne, ob\u00fdva\u010dky alebo ak\u00e9hoko\u013evek in\u00e9ho priestoru vo va\u0161ej dom\u00e1cnosti. \u017div\u00e9 farby a jedine\u010dn\u00e9 dizajny z nich robia t\u00e9mu na rozhovor a daj\u00fa sa \u013eahko kombinova\u0165 s in\u00fdmi dekorat\u00edvnymi predmetmi pre ucelen\u00fd vzh\u013ead. M\u00f4\u017eete kombinova\u0165 r\u00f4zne \u0161t\u00fdly a vytvori\u0165 si tak vlastn\u00fa dekor\u00e1ciu s vesm\u00edrnou tematikou, ktor\u00e1 odr\u00e1\u017ea va\u0161u osobnos\u0165 a \u0161t\u00fdl.<\/li>\n<li><strong>Ako dar\u010dek:<\/strong> Vank\u00fa\u0161 s t\u00e9mou plan\u00e9t je vynikaj\u00facim dar\u010dekom pre ka\u017ed\u00e9ho, kto miluje vesm\u00edr, astron\u00f3miu alebo vedu. Je ide\u00e1lny pre deti, t\u00edned\u017eerov, vysoko\u0161kol\u00e1kov alebo dospel\u00fdch, ktor\u00ed chc\u00fa do svojej izby prida\u0165 z\u00e1bavn\u00fd a funk\u010dn\u00fd predmet. M\u00f4\u017eete ho darova\u0165 aj pri \u0161peci\u00e1lnych pr\u00edle\u017eitostiach, ako s\u00fa narodeniny, Vianoce alebo prom\u00f3cie.<\/li>\n<li><strong>Pokyny na pranie:<\/strong> Vank\u00fa\u0161 plan\u00e9ta je vyroben\u00fd z vysoko kvalitnej hrubej zamatovej l\u00e1tky, ktor\u00e1 zaru\u010duje odolnos\u0165 a kvalitu. M\u00e1 zips pre jednoduch\u00e9 \u010distenie, v\u010faka \u010domu je \u00fadr\u017eba hra\u010dkou. V\u00fdpl\u0148 je z polyesteru 100% pre v\u00fdnimo\u010dn\u00fa pru\u017enos\u0165. Pra\u0165 v pr\u00e1\u010dke len v studenej vode, iba na \u0161etrnom programe, nebieli\u0165, su\u0161i\u0165 v su\u0161i\u010dke pri n\u00edzkej teplote, v pr\u00edpade potreby su\u0161i\u0165 v su\u0161i\u010dke pri n\u00edzkej teplote. M\u00e4kk\u00e1 a \u0161etrn\u00e1 l\u00e1tka bude najlep\u0161ou vo\u013ebou pre rodinu, priate\u013eov a deti.<\/li>\n<li><strong>Ve\u013ekos\u0165:<\/strong>\u00a0Ve\u013ek\u00e1 (16 \u00d7 16 palcov | 41 \u00d7 41 cm), Stredn\u00e1 (10 \u00d7 10 palcov | 25 \u00d7 25 cm)<\/li>\n<\/ul>","protected":false},"featured_media":3744,"comment_status":"open","ping_status":"closed","template":"","meta":[],"product_brand":[],"product_cat":[231],"product_tag":[],"class_list":{"0":"post-3754","1":"product","2":"type-product","3":"status-publish","4":"has-post-thumbnail","6":"product_cat-throw-pillows","8":"first","9":"instock","10":"shipping-taxable","11":"purchasable","12":"product-type-variable","13":"has-default-attributes"},"_links":{"self":[{"href":"https:\/\/www.largepillow.com\/sk\/wp-json\/wp\/v2\/product\/3754","targetHints":{"allow":["GET"]}}],"collection":[{"href":"https:\/\/www.largepillow.com\/sk\/wp-json\/wp\/v2\/product"}],"about":[{"href":"https:\/\/www.largepillow.com\/sk\/wp-json\/wp\/v2\/types\/product"}],"replies":[{"embeddable":true,"href":"https:\/\/www.largepillow.com\/sk\/wp-json\/wp\/v2\/comments?post=3754"}],"wp:featuredmedia":[{"embeddable":true,"href":"https:\/\/www.largepillow.com\/sk\/wp-json\/wp\/v2\/media\/3744"}],"wp:attachment":[{"href":"https:\/\/www.largepillow.com\/sk\/wp-json\/wp\/v2\/media?parent=3754"}],"wp:term":[{"taxonomy":"product_brand","embeddable":true,"href":"https:\/\/www.largepillow.com\/sk\/wp-json\/wp\/v2\/product_brand?post=3754"},{"taxonomy":"product_cat","embeddable":true,"href":"https:\/\/www.largepillow.com\/sk\/wp-json\/wp\/v2\/product_cat?post=3754"},{"taxonomy":"product_tag","embeddable":true,"href":"https:\/\/www.largepillow.com\/sk\/wp-json\/wp\/v2\/product_tag?post=3754"}],"curies":[{"name":"wp","href":"https:\/\/api.w.org\/{rel}","templated":true}]}}