{"id":3792,"date":"2024-09-03T04:31:56","date_gmt":"2024-09-03T04:31:56","guid":{"rendered":"https:\/\/www.largepillow.com\/product\/y-shaped-reading-pillow-with-arm-rests-memory-foam-support"},"modified":"2025-05-05T18:57:03","modified_gmt":"2025-05-05T18:57:03","slug":"citaci-vankus-v-tvare-y-s-podruckami-z-pamatovej-peny","status":"publish","type":"product","link":"https:\/\/www.largepillow.com\/sk\/product\/y-shaped-reading-pillow-with-arm-rests-memory-foam-support","title":{"rendered":"\u010c\u00edtac\u00ed vank\u00fa\u0161 v tvare Y s podr\u00fa\u010dkami a pam\u00e4\u0165ovou penou"},"content":{"rendered":"[zc_getpagecontent mb=&#8221;mb_aplus&#8221; apid=&#8221;87&#8243;]\n","protected":false},"excerpt":{"rendered":"<ul>\n<li><strong>Inovat\u00edvny dizajn:<\/strong> Novo vylep\u0161en\u00fd \u010d\u00edtac\u00ed vank\u00fa\u0161 v tvare Y pre dospel\u00fdch v posteli sa vyzna\u010duje inovat\u00edvnym dizajnom, ktor\u00fd k jeho z\u00e1kladn\u00fdm funkci\u00e1m prid\u00e1va aj funkciu le\u017eania na bruchu. Vytvorili sme priestor na umiestnenie r\u00fak, aby ste si mohli ruky prejs\u0165 cez \u010d\u00edtac\u00ed vank\u00fa\u0161. \u010ci u\u017e \u010d\u00edtate, \u0161tudujete alebo sa hr\u00e1te s mobiln\u00fdm telef\u00f3nom, va\u0161e ruky sa uvo\u013enia a nepohodlie krku sa minimalizuje. Kedyko\u013evek si m\u00f4\u017eete prejs\u0165 do pohodlnej polohy.<\/li>\n<li><strong>Maxim\u00e1lne pohodlie:<\/strong> Zakriven\u00fd dizajn tohto vank\u00fa\u0161a na podporu chrbta sa prisp\u00f4sobuje prirodzen\u00fdm krivk\u00e1m v\u00e1\u0161ho tela a poskytuje v\u00fdnimo\u010dn\u00e9 pohodlie a oporu pre chrb\u00e1t, p\u00e1s a krk. \u010ci u\u017e \u010d\u00edtate, pozer\u00e1te telev\u00edziu alebo pracujete, tento vank\u00fa\u0161 zaru\u010d\u00ed pohodlnej\u0161\u00ed z\u00e1\u017eitok.<\/li>\n<li><strong>Multifunk\u010dn\u00e1 podpora:<\/strong> Tento v\u0161estrann\u00fd vank\u00fa\u0161 pon\u00faka komplexn\u00fa oporu pre krk, chrb\u00e1t, p\u00e1s a nohy. M\u00f4\u017ee sa pou\u017ei\u0165 ako vank\u00fa\u0161 na podporu chrbta, vank\u00fa\u0161 tv\u00e1rou nadol, vank\u00fa\u0161 s klinov\u00fdm tvarom a vank\u00fa\u0161 na nohy, v\u010faka \u010domu je skvelou vo\u013ebou pre r\u00f4zne aktivity a zdravotn\u00e9 potreby.<\/li>\n<li><strong>Pr\u00e9miov\u00e9 materi\u00e1ly:<\/strong> Tento vank\u00fa\u0161 je vyroben\u00fd z pam\u00e4\u0165ovej peny s vysokou hustotou a pomal\u00fdm odrazom a poskytuje stabiln\u00fa oporu a z\u00e1rove\u0148 si zachov\u00e1va svoj p\u00f4vodn\u00fd tvar a hustotu. Po prepravnej kompresii sa op\u00e4\u0165 obnov\u00ed do 24 \u2013 48 hod\u00edn.<\/li>\n<li><strong>\u013dahko sa \u010dist\u00ed:<\/strong> Odn\u00edmate\u013en\u00e1 oblie\u010dka na vank\u00fa\u0161 je vyroben\u00e1 z m\u00e4kkej, pohodlnej l\u00e1tky so sie\u0165ovan\u00fdm povrchom, v\u010faka \u010domu je odoln\u00e1 a \u013eahko sa \u010dist\u00ed. Jednoducho rozopnite oblie\u010dku na vank\u00fa\u0161 a vyberte ju z pam\u00e4\u0165ov\u00e9ho penov\u00e9ho vank\u00fa\u0161a, ke\u010f ho potrebujete vypra\u0165.<\/li>\n<\/ul>","protected":false},"featured_media":3784,"comment_status":"open","ping_status":"closed","template":"","meta":[],"product_brand":[],"product_cat":[228],"product_tag":[],"class_list":{"0":"post-3792","1":"product","2":"type-product","3":"status-publish","4":"has-post-thumbnail","6":"product_cat-cushions","8":"first","9":"instock","10":"shipping-taxable","11":"purchasable","12":"product-type-variable","13":"has-default-attributes"},"_links":{"self":[{"href":"https:\/\/www.largepillow.com\/sk\/wp-json\/wp\/v2\/product\/3792","targetHints":{"allow":["GET"]}}],"collection":[{"href":"https:\/\/www.largepillow.com\/sk\/wp-json\/wp\/v2\/product"}],"about":[{"href":"https:\/\/www.largepillow.com\/sk\/wp-json\/wp\/v2\/types\/product"}],"replies":[{"embeddable":true,"href":"https:\/\/www.largepillow.com\/sk\/wp-json\/wp\/v2\/comments?post=3792"}],"wp:featuredmedia":[{"embeddable":true,"href":"https:\/\/www.largepillow.com\/sk\/wp-json\/wp\/v2\/media\/3784"}],"wp:attachment":[{"href":"https:\/\/www.largepillow.com\/sk\/wp-json\/wp\/v2\/media?parent=3792"}],"wp:term":[{"taxonomy":"product_brand","embeddable":true,"href":"https:\/\/www.largepillow.com\/sk\/wp-json\/wp\/v2\/product_brand?post=3792"},{"taxonomy":"product_cat","embeddable":true,"href":"https:\/\/www.largepillow.com\/sk\/wp-json\/wp\/v2\/product_cat?post=3792"},{"taxonomy":"product_tag","embeddable":true,"href":"https:\/\/www.largepillow.com\/sk\/wp-json\/wp\/v2\/product_tag?post=3792"}],"curies":[{"name":"wp","href":"https:\/\/api.w.org\/{rel}","templated":true}]}}