{"id":3816,"date":"2024-09-04T02:42:30","date_gmt":"2024-09-04T02:42:30","guid":{"rendered":"https:\/\/www.largepillow.com\/product\/office-chair-back-support-ergonomic-lumbar-pillow-3d-mesh"},"modified":"2025-03-15T17:25:00","modified_gmt":"2025-03-15T17:25:00","slug":"ergonomicky-bedrovy-vankus-s-opierkou-chrbta-kancelarskej-stolicky-z-3d-sietoviny","status":"publish","type":"product","link":"https:\/\/www.largepillow.com\/sk\/product\/office-chair-back-support-ergonomic-lumbar-pillow-3d-mesh\/","title":{"rendered":"Operadlo kancel\u00e1rskej stoli\u010dky, ergonomick\u00fd bedrov\u00fd vank\u00fa\u0161, 3D sie\u0165ovina"},"content":{"rendered":"[zc_getpagecontent mb=&#8221;mb_aplus&#8221; apid=&#8221;83&#8243;]\n","protected":false},"excerpt":{"rendered":"<ul>\n<li><strong>Kvalitn\u00fd materi\u00e1l:<\/strong> N\u00e1\u0161 operadlov\u00fd vank\u00fa\u0161 kancel\u00e1rskej stoli\u010dky je vyroben\u00fd z vzdu\u0161nej vrstvy l\u00e1tky a vyplnen\u00fd PP bavlnou, ktor\u00e1 je priedu\u0161n\u00e1, m\u00e4kk\u00e1 a pohodln\u00e1, hrub\u00e1 a pln\u00e1 a \u013eahko sa nedeformuje. Tento vank\u00fa\u0161 dobre udr\u017eiava cirkul\u00e1ciu vzduchu, udr\u017eiava chrb\u00e1t st\u00e1le chladn\u00fd a pohodln\u00fd a poskytuje dobr\u00fa oporu chrbta.<\/li>\n<li><strong>Ergonomick\u00fd dizajn chrbtovej opierky:<\/strong>\u00a0Bedrov\u00fd vank\u00fa\u0161 je ergonomicky navrhnut\u00fd tak, aby zmier\u0148oval bolesti alebo nap\u00e4tie v hornej, strednej a dolnej \u010dasti chrbta, poskytoval pohodln\u00fa oporu pre zdrav\u00e9 sedenie a zni\u017eoval tlak na chrbticu. Ak tr\u00e1vite dlh\u00fd \u010das seden\u00edm na kancel\u00e1rskej stoli\u010dke, hernej stoli\u010dke, stole alebo po\u010d\u00edta\u010dovej stoli\u010dke, alebo \u0161of\u00e9rujete auto \u010di n\u00e1kladn\u00e9 auto, tento vank\u00fa\u0161 na operadlo auta v\u00e1m ve\u013emi pom\u00f4\u017ee.<\/li>\n<li><strong>Podporuje cel\u00fd chrb\u00e1t:<\/strong> Bedrov\u00fd vank\u00fa\u0161 m\u00e1 rozmery 21,6\u2033x14,2\u2033 vo v\u00fd\u0161ke a \u0161\u00edrke. Roz\u0161\u00edren\u00e9 a zhrubnut\u00e9 boky \u00faplne obop\u00ednaj\u00fa cel\u00fd v\u00e1\u0161 p\u00e1s a chrb\u00e1t a podopieraj\u00fa zadok. Centr\u00e1lne vydutie dokonale zapad\u00e1 do prirodzenej krivky chrbta a poskytuje dodato\u010dn\u00fa oporu chrbtici. Ergonomicky navrhnut\u00fd bedrov\u00fd vank\u00fa\u0161 \u00fa\u010dinne zmier\u0148uje bolesti chrbta a zlep\u0161uje dr\u017eanie tela pri seden\u00ed.<\/li>\n<li><strong>Dizajn nastavite\u013en\u00e9ho popruhu:<\/strong> Na\u0161e ortopedick\u00e9 operadlo s nastavite\u013en\u00fdm elastick\u00fdm popruhom zais\u0165uje, \u017ee operadlov\u00e9 vank\u00fa\u0161e zostan\u00fa na sedadle bez \u0161m\u00fdkania alebo pos\u00favania. Na\u0161e operadlo m\u00e1 navrhnut\u00fd zakriven\u00fd a 3D tvar obop\u00ednaj\u00faci p\u00e1s, ktor\u00fd poskytuje nepretr\u017eit\u00fa oporu chrbta. Nastavite\u013en\u00fd popruh umo\u017e\u0148uje, aby operadlo perfektne sedelo takmer na ka\u017edej kancel\u00e1rskej stoli\u010dke, po\u010d\u00edta\u010dovej stoli\u010dke, kresle, pohovke, gau\u010di, autoseda\u010dke, n\u00e1kladnom aute, invalidnom voz\u00edku alebo polohovacom kresle.<\/li>\n<li><strong>Chr\u00e1\u0148te si zdravie:<\/strong> S na\u0161\u00edm bedrov\u00fdm vank\u00fa\u0161om si lep\u0161ie ochr\u00e1nite chrbticu a opierka chrbta kancel\u00e1rskej stoli\u010dky pom\u00e1ha zmierni\u0165 nap\u00e4tie v dolnej a strednej \u010dasti chrbta sp\u00f4soben\u00e9 dlh\u00fdm seden\u00edm alebo \u0161of\u00e9rovan\u00edm. Ak \u010dasto poci\u0165ujete bolesti chrbta z dlh\u00e9ho sedenia, ur\u010dite by ste mali vysk\u00fa\u0161a\u0165 operadlov\u00e9 vank\u00fa\u0161e na kancel\u00e1rsku stoli\u010dku.<\/li>\n<\/ul>","protected":false},"featured_media":3809,"comment_status":"open","ping_status":"closed","template":"","meta":[],"product_brand":[],"product_cat":[228],"product_tag":[],"class_list":{"0":"post-3816","1":"product","2":"type-product","3":"status-publish","4":"has-post-thumbnail","6":"product_cat-cushions","8":"first","9":"outofstock","10":"shipping-taxable","11":"purchasable","12":"product-type-simple"},"_links":{"self":[{"href":"https:\/\/www.largepillow.com\/sk\/wp-json\/wp\/v2\/product\/3816","targetHints":{"allow":["GET"]}}],"collection":[{"href":"https:\/\/www.largepillow.com\/sk\/wp-json\/wp\/v2\/product"}],"about":[{"href":"https:\/\/www.largepillow.com\/sk\/wp-json\/wp\/v2\/types\/product"}],"replies":[{"embeddable":true,"href":"https:\/\/www.largepillow.com\/sk\/wp-json\/wp\/v2\/comments?post=3816"}],"wp:featuredmedia":[{"embeddable":true,"href":"https:\/\/www.largepillow.com\/sk\/wp-json\/wp\/v2\/media\/3809"}],"wp:attachment":[{"href":"https:\/\/www.largepillow.com\/sk\/wp-json\/wp\/v2\/media?parent=3816"}],"wp:term":[{"taxonomy":"product_brand","embeddable":true,"href":"https:\/\/www.largepillow.com\/sk\/wp-json\/wp\/v2\/product_brand?post=3816"},{"taxonomy":"product_cat","embeddable":true,"href":"https:\/\/www.largepillow.com\/sk\/wp-json\/wp\/v2\/product_cat?post=3816"},{"taxonomy":"product_tag","embeddable":true,"href":"https:\/\/www.largepillow.com\/sk\/wp-json\/wp\/v2\/product_tag?post=3816"}],"curies":[{"name":"pracovn\u00fd list","href":"https:\/\/api.w.org\/{rel}","templated":true}]}}