{"id":3919,"date":"2024-09-05T03:12:00","date_gmt":"2024-09-05T03:12:00","guid":{"rendered":"https:\/\/www.largepillow.com\/product\/plush-reading-pillow-for-bed-sofa-dorm-with-back-support"},"modified":"2025-12-07T17:34:58","modified_gmt":"2025-12-07T17:34:58","slug":"plysovy-citatelsky-vankus-na-postel-pohovku-internat-s-opierkou-chrbta","status":"publish","type":"product","link":"https:\/\/www.largepillow.com\/sk\/product\/plush-reading-pillow-for-bed-sofa-dorm-with-back-support","title":{"rendered":"Ply\u0161ov\u00fd \u010d\u00edtac\u00ed vank\u00fa\u0161 na poste\u013e, pohovku a intern\u00e1t s oporou chrbta"},"content":{"rendered":"[zc_getpagecontent mb=&#8221;mb_aplus&#8221; apid=&#8221;88&#8243;]\n","protected":false},"excerpt":{"rendered":"<ul>\n<li><strong>Pevn\u00e1 ve\u013ekos\u0165:<\/strong> Vank\u00fa\u0161 na \u010delo postele s rozmermi 95 x 45 x 25 cm, opora tela a operadlo, dostupn\u00fd v troch farb\u00e1ch: \u010diernej, \u017eltej a bielej. Potla\u010d nebledne. Bez gomb\u00edkov.<\/li>\n<li><strong>Vylep\u0161enie materi\u00e1lu:<\/strong> (s v\u00fdpl\u0148ou z polypropyl\u00e9novej bavlny) Vyroben\u00e9 z granulovan\u00e9ho zamatu, m\u00e4kk\u00e9 a pohodln\u00e9. T\u00e1to l\u00e1tka bola starostlivo vybran\u00e1 pre svoju kvalitu a pou\u017eite\u013enos\u0165, pre extra pevnos\u0165 a odolnos\u0165. Kr\u00e1tka ply\u0161ov\u00e1 l\u00e1tka zvy\u0161uje pohodlie poko\u017eky a m\u00e4kkos\u0165 vank\u00fa\u0161a, v\u010faka \u010domu je skvel\u00fdm vank\u00fa\u0161om na opierky tela a na dekor\u00e1ciu postele.<\/li>\n<li><strong>Stredne hrub\u00fd vank\u00fa\u0161:<\/strong> Stredne hrub\u00fd vank\u00fa\u0161 nezaber\u00e1 ve\u013ea miesta na posteli a pohovke, \u010d\u00edm v\u00e1m poskytuje dostatok miesta na sedenie. Vank\u00fa\u0161 na \u010delo postele dok\u00e1\u017ee poskytn\u00fa\u0165 optim\u00e1lnu polohu pre horn\u00fa \u010das\u0165 tela a pom\u00f4c\u0165 predch\u00e1dza\u0165 mnoh\u00fdm zdravotn\u00fdm probl\u00e9mom. R\u00f4zne ve\u013ekosti s\u00fa vhodn\u00e9 pre r\u00f4zne situ\u00e1cie, zmier\u0148uj\u00fa nespavos\u0165 a bolesti kostrov\u00e9ho svalstva a pom\u00e1haj\u00fa aj star\u0161\u00edm \u013eu\u010fom s k\u0155\u010dov\u00fdmi \u017eilami a nad\u0161encom jogy pri stre\u010dingov\u00fdch cvi\u010deniach.<\/li>\n<li><strong>Dokonal\u00fd dar\u010dekov\u00fd prekvapenie:<\/strong> \u010celn\u00fd vank\u00fa\u0161 Plush Twin Size umoc\u0148uje trojrozmern\u00fd pocit a dokonale odr\u00e1\u017ea ergon\u00f3miu. Perfektn\u00e1 hr\u00fabka a opora na sedenie a \u010d\u00edtanie v posteli a poskytuje pohodlie pri span\u00ed, \u010d\u00edtan\u00ed a sledovan\u00ed telev\u00edzie. \u201eDOBR\u00c9\u201c slov\u00e1, ktor\u00e9 nevybledn\u00fa, lep\u0161ie uvo\u013e\u0148uj\u00fa va\u0161u n\u00e1ladu.<\/li>\n<li><strong>Kr\u00e1sny a praktick\u00fd vank\u00fa\u0161:<\/strong> N\u00e1\u0161 vank\u00fa\u0161 na \u010delo postele je m\u00f3dnou bytovou dekor\u00e1ciou, vhodnou do postele, pohovky, tatami, lavice, kresla, sedadla pri okne, sp\u00e1lne, ark\u00fd\u0159ov\u00e9ho okna, celoro\u010dn\u00fdch izieb, intern\u00e1tnej postele, \u0161tudentskej postele, detskej postele, opierky hlavy at\u010f.<\/li>\n<\/ul>","protected":false},"featured_media":3899,"comment_status":"open","ping_status":"closed","template":"","meta":[],"product_brand":[],"product_cat":[228],"product_tag":[],"class_list":{"0":"post-3919","1":"product","2":"type-product","3":"status-publish","4":"has-post-thumbnail","6":"product_cat-cushions","8":"first","9":"instock","10":"shipping-taxable","11":"purchasable","12":"product-type-variable","13":"has-default-attributes"},"_links":{"self":[{"href":"https:\/\/www.largepillow.com\/sk\/wp-json\/wp\/v2\/product\/3919","targetHints":{"allow":["GET"]}}],"collection":[{"href":"https:\/\/www.largepillow.com\/sk\/wp-json\/wp\/v2\/product"}],"about":[{"href":"https:\/\/www.largepillow.com\/sk\/wp-json\/wp\/v2\/types\/product"}],"replies":[{"embeddable":true,"href":"https:\/\/www.largepillow.com\/sk\/wp-json\/wp\/v2\/comments?post=3919"}],"wp:featuredmedia":[{"embeddable":true,"href":"https:\/\/www.largepillow.com\/sk\/wp-json\/wp\/v2\/media\/3899"}],"wp:attachment":[{"href":"https:\/\/www.largepillow.com\/sk\/wp-json\/wp\/v2\/media?parent=3919"}],"wp:term":[{"taxonomy":"product_brand","embeddable":true,"href":"https:\/\/www.largepillow.com\/sk\/wp-json\/wp\/v2\/product_brand?post=3919"},{"taxonomy":"product_cat","embeddable":true,"href":"https:\/\/www.largepillow.com\/sk\/wp-json\/wp\/v2\/product_cat?post=3919"},{"taxonomy":"product_tag","embeddable":true,"href":"https:\/\/www.largepillow.com\/sk\/wp-json\/wp\/v2\/product_tag?post=3919"}],"curies":[{"name":"wp","href":"https:\/\/api.w.org\/{rel}","templated":true}]}}