{"id":4000,"date":"2024-09-05T04:21:48","date_gmt":"2024-09-05T04:21:48","guid":{"rendered":"https:\/\/www.largepillow.com\/product\/large-wedge-reading-pillow-for-bed-daybed-bolster-backrest-blue"},"modified":"2024-10-03T16:31:34","modified_gmt":"2024-10-03T16:31:34","slug":"velky-klinovy-citaci-vankus-na-postel-s-opierkou-na-denne-lozko-modry","status":"publish","type":"product","link":"https:\/\/www.largepillow.com\/sk\/product\/large-wedge-reading-pillow-for-bed-daybed-bolster-backrest-blue","title":{"rendered":"Ve\u013ek\u00fd klinov\u00fd \u010d\u00edtac\u00ed vank\u00fa\u0161 na poste\u013e, denn\u00fa poste\u013e, operadlo, modr\u00fd"},"content":{"rendered":"","protected":false},"excerpt":{"rendered":"<ul>\n<li>Maxim\u00e1lne pohodlie: Tento vank\u00fa\u0161 na \u010delo postele ve\u013ekosti XL pon\u00faka vynikaj\u00face pohodlie v\u010faka svojmu trojuholn\u00edkov\u00e9mu dizajnu. Oporn\u00fd vank\u00fa\u0161 na poste\u013e pekne prilieha k chrbtu a p\u00e1su, \u010d\u00edm minimalizuje tlak na bedrov\u00fa chrbticu\/chrb\u00e1t. Tento klinov\u00fd vank\u00fa\u0161 na \u010d\u00edtanie v\u00e1m pom\u00f4\u017ee udr\u017ea\u0165 si pohodlie v posteli alebo na pohovke, \u010do je ide\u00e1lne pre pracuj\u00facich no\u010dn\u00fdch sov, knihomo\u013eov a pozeranie telev\u00edzie v posteli. Tento extra ve\u013ek\u00fd vank\u00fa\u0161 s podhlavn\u00edkom je jedin\u00fd klinov\u00fd vank\u00fa\u0161 na \u010delo postele, ktor\u00fd pojme dve osoby.<\/li>\n<li>3 v 1 ve\u013ek\u00fd vank\u00fa\u0161 s podperou: Vank\u00fa\u0161 m\u00f4\u017eete pou\u017ei\u0165 vzpriamene ako vank\u00fa\u0161 na oporu chrbta pri seden\u00ed v posteli alebo ho polo\u017ei\u0165 naplocho na poste\u013e a pou\u017ei\u0165 ho ako ve\u013ek\u00fd klinov\u00fd vank\u00fa\u0161 pri span\u00ed na chrbte alebo na boku, alebo ako vank\u00fa\u0161 na nohy na zdvihnutie n\u00f4h. Ak chcete ve\u013ek\u00fd vank\u00fa\u0161 na \u010delo postele, ktor\u00fd poskytuje oporu v\u00e1m aj v\u00e1\u0161mu partnerovi\/partnerke, je to vynikaj\u00faca alternat\u00edva.<\/li>\n<li>Multifunk\u010dn\u00fd dizajn: Niektor\u00ed \u013eudia pou\u017e\u00edvaj\u00fa ve\u013ek\u00fd trojuholn\u00edkov\u00fd vank\u00fa\u0161 ako vank\u00fa\u0161 na \u010delo postele, zatia\u013e \u010do in\u00ed ho pou\u017e\u00edvaj\u00fa ako vank\u00fa\u0161 na matraci, m\u00f4\u017ee tie\u017e sl\u00fa\u017ei\u0165 ako vank\u00fa\u0161 na podporu operadla pohovky alebo dennej postele. Je \u0161t\u00fdlov\u00fd aj funk\u010dn\u00fd, v\u010faka \u010domu je vynikaj\u00facim doplnkom do ka\u017edej sp\u00e1lne.<\/li>\n<li>Vynikaj\u00face remeseln\u00e9 spracovanie: Oblie\u010dka na vank\u00fa\u0161 m\u00e1 vzh\u013ead man\u0161estru a zlo\u017eenie je polyester 100%. N\u00e1\u0161 vank\u00fa\u0161 na \u010delo postele je priedu\u0161n\u00fd a dostato\u010dne pohodln\u00fd, aby si udr\u017eal tvar a \u010dasom ho nestratil. Bo\u010dn\u00e9 vrecko na ka\u017edej strane v\u00e1m umo\u017en\u00ed vlo\u017ei\u0165 si knihu alebo telef\u00f3n.<\/li>\n<li>\u013dahko sa pra: Po\u0165ah na \u010ditate\u013esk\u00fd vank\u00fa\u0161 je pripevnen\u00fd k vank\u00fa\u0161u pomocou gomb\u00edkov a d\u00e1 sa \u013eahko odstr\u00e1ni\u0165 jednoduch\u00fdm zipsom. V\u010faka tomu je jeho \u010distenie bezprobl\u00e9mov\u00e9. Sta\u010d\u00ed odstr\u00e1ni\u0165 po\u0165ah a r\u00fdchlo ho vypra\u0165 v pr\u00e1\u010dke, aby v\u00e1\u0161 vank\u00fa\u0161 vyzeral ako nov\u00fd.<\/li>\n<li><strong>Ve\u013ekos\u0165:<\/strong> 60 cm (60*20*50 cm, 2 gomb\u00edky), 80 cm (80*20*50 cm, 2 gomb\u00edky), 100 cm (100*20*50 cm, 3 gomb\u00edky), 120 cm (120*20*50 cm, 4 gomb\u00edky), 140 cm (140*20*50 cm, 4 gomb\u00edky), 160 cm (160*20*50 cm, 5 gomb\u00edkov), 180 cm (180*20*50 cm, 6 gomb\u00edkov), 200 cm (200*20*50 cm, 7 gomb\u00edkov)<\/li>\n<\/ul>","protected":false},"featured_media":3984,"comment_status":"open","ping_status":"closed","template":"","meta":[],"product_brand":[],"product_cat":[15],"product_tag":[],"class_list":{"0":"post-4000","1":"product","2":"type-product","3":"status-publish","4":"has-post-thumbnail","6":"product_cat-large-wedge-pillow","8":"first","9":"instock","10":"shipping-taxable","11":"purchasable","12":"product-type-variable","13":"has-default-attributes"},"_links":{"self":[{"href":"https:\/\/www.largepillow.com\/sk\/wp-json\/wp\/v2\/product\/4000","targetHints":{"allow":["GET"]}}],"collection":[{"href":"https:\/\/www.largepillow.com\/sk\/wp-json\/wp\/v2\/product"}],"about":[{"href":"https:\/\/www.largepillow.com\/sk\/wp-json\/wp\/v2\/types\/product"}],"replies":[{"embeddable":true,"href":"https:\/\/www.largepillow.com\/sk\/wp-json\/wp\/v2\/comments?post=4000"}],"wp:featuredmedia":[{"embeddable":true,"href":"https:\/\/www.largepillow.com\/sk\/wp-json\/wp\/v2\/media\/3984"}],"wp:attachment":[{"href":"https:\/\/www.largepillow.com\/sk\/wp-json\/wp\/v2\/media?parent=4000"}],"wp:term":[{"taxonomy":"product_brand","embeddable":true,"href":"https:\/\/www.largepillow.com\/sk\/wp-json\/wp\/v2\/product_brand?post=4000"},{"taxonomy":"product_cat","embeddable":true,"href":"https:\/\/www.largepillow.com\/sk\/wp-json\/wp\/v2\/product_cat?post=4000"},{"taxonomy":"product_tag","embeddable":true,"href":"https:\/\/www.largepillow.com\/sk\/wp-json\/wp\/v2\/product_tag?post=4000"}],"curies":[{"name":"wp","href":"https:\/\/api.w.org\/{rel}","templated":true}]}}