{"id":4147,"date":"2024-09-12T01:06:17","date_gmt":"2024-09-12T01:06:17","guid":{"rendered":"https:\/\/www.largepillow.com\/product\/anxiety-relief-dog-cat-bed-for-smallmedium-pets-cozy-washable"},"modified":"2025-01-30T21:58:42","modified_gmt":"2025-01-30T21:58:42","slug":"pelech-pre-psov-a-macky-na-ulavu-od-uzkosti-pre-male-a-stredne-domace-zvierata-utulny-umyvatelny","status":"publish","type":"product","link":"https:\/\/www.largepillow.com\/sk\/product\/anxiety-relief-dog-cat-bed-for-smallmedium-pets-cozy-washable","title":{"rendered":"Pelech pre psov a ma\u010dky na \u00fa\u013eavu od \u00fazkosti pre mal\u00e9\/stredne ve\u013ek\u00e9 zvierat\u00e1 \u2013 \u00fatuln\u00fd, um\u00fdvate\u013en\u00fd"},"content":{"rendered":"<p>H\u013ead\u00e1te \u00fatuln\u00fd a pohodln\u00fd pelech pre svojho chlpat\u00e9ho kamar\u00e1ta? T\u00e1to upokojuj\u00faca jaskynka v tvare kapsuly by mohla by\u0165 presne to, \u010do potrebujete! Tvar kapsuly je ide\u00e1lny pre dom\u00e1ce zvierat\u00e1, ktor\u00e9 sa radi sch\u00falia a c\u00edtia sa obklopen\u00e9, a super m\u00e4kk\u00e1 v\u00fdpl\u0148 im poskytuje tepl\u00fd a pohodln\u00fd priestor na odpo\u010dinok.<\/p>\n<p>T\u00e1to pele\u0161ka pre dom\u00e1ce zvierat\u00e1 proti \u00fazkosti je navrhnut\u00e1 tak, aby sa v\u00e1\u0161 dom\u00e1ci mil\u00e1\u010dik c\u00edtil bezpe\u010dne a isto. Zv\u00fd\u0161en\u00fd okraj poskytuje oporu hlavy a krku, \u010do m\u00f4\u017ee podpori\u0165 hlb\u0161\u00ed sp\u00e1nok. \u010ci u\u017e je v\u00e1\u0161 dom\u00e1ci mil\u00e1\u010dik ma\u010dka alebo mal\u00fd pes, t\u00e1to pele\u0161ka pre psov pon\u00faka bezpe\u010dn\u00e9 a \u00fatuln\u00e9 miesto na oddych.<\/p>\n<p>Pelech pre psa je vyroben\u00fd z m\u00e4kkej a netoxickej l\u00e1tky a vyplnen\u00fd m\u00e4kk\u00fdm polyesterov\u00fdm vl\u00e1knom (PP bavlna), ktor\u00e9 si dr\u017e\u00ed tvar a zanech\u00e1va tepl\u00fd a \u00fatuln\u00fd pocit. Tento materi\u00e1l je ide\u00e1lny pre poko\u017eku \u0161teniatka a pom\u00e1ha v\u00e1\u0161mu dom\u00e1cemu mil\u00e1\u010dikovi udr\u017eiava\u0165 pohodln\u00fd sp\u00e1nok. Navy\u0161e je dostato\u010dne odoln\u00fd, aby si dlho zachoval svoj p\u00f4vodn\u00fd tvar.<\/p>\n<p>Proti\u0161mykov\u00e1 spodn\u00e1 \u010das\u0165 zais\u0165uje, \u017ee upokojuj\u00face hniezdo\u010dko pre ma\u010dky zostane na svojom mieste, tak\u017ee sa v\u00e1\u0161 mazn\u00e1\u010dik m\u00f4\u017ee bezpe\u010dne hra\u0165 a odpo\u010d\u00edva\u0165. T\u00e1to funkcia je obzvl\u00e1\u0161\u0165 d\u00f4le\u017eit\u00e1 pre akt\u00edvne dom\u00e1ce zvierat\u00e1, ktor\u00e9 sa rady pohybuj\u00fa a sk\u00e1\u010du na ma\u010dac\u00ed pelech a z neho. A ke\u010f je \u010das na upratovanie, m\u00f4\u017eete ma\u010dac\u00ed pelech proti \u00fazkosti jednoducho hodi\u0165 do pr\u00e1\u010dky pre jednoduch\u0161iu \u00fadr\u017ebu.<\/p>\n<p>Tento \u00fatuln\u00fd pelech pre \u0161teniatka je vhodn\u00fd pre dom\u00e1ce zvierat\u00e1 do hmotnosti 9 kg a je ide\u00e1lny na vn\u00fatorn\u00e9 aj vonkaj\u0161ie pou\u017eitie. Upozor\u0148ujeme, \u017ee pelech m\u00f4\u017ee by\u0165 po\u010das prepravy v\u00e1kuovo uzavret\u00fd a pred pou\u017eit\u00edm ho m\u00f4\u017ee by\u0165 potrebn\u00e9 trochu na\u010dechra\u0165. V\u010faka pohodln\u00e9mu a bezpe\u010dn\u00e9mu dizajnu sa tento pelech pre dom\u00e1ce zvierat\u00e1 ur\u010dite stane nov\u00fdm ob\u013e\u00faben\u00fdm miestom na oddych a sp\u00e1nok v\u00e1\u0161ho dom\u00e1ceho mazn\u00e1\u010dika!<\/p>","protected":false},"excerpt":{"rendered":"<ul>\n<li><strong>Dizajnov\u00e9 prvky<\/strong>Upokojuj\u00face pelechy pre psov s\u00fa navrhnut\u00e9 v \u00fatulnom tvare kapsuly so super m\u00e4kkou v\u00fdpl\u0148ou, ktor\u00e1 obklopuje va\u0161ich dom\u00e1cich mil\u00e1\u010dikov a podporuje pocit bezpe\u010dia. Tento pelech proti \u00fazkosti pon\u00faka bezpe\u010dn\u00e9 a pohodln\u00e9 miesto pre va\u0161u ma\u010dku alebo mal\u00e9ho psa na zdriemnutie. Zv\u00fd\u0161en\u00fd okraj poskytuje oporu hlavy a krku, \u010do m\u00f4\u017ee vies\u0165 k hlb\u0161iemu sp\u00e1nku. To je obzvl\u00e1\u0161\u0165 d\u00f4le\u017eit\u00e9 pre psy a ma\u010dky, preto\u017ee uvo\u013enenie ich tela m\u00f4\u017ee pom\u00f4c\u0165 zn\u00ed\u017ei\u0165 \u00fazkos\u0165 a stres.<\/li>\n<li><strong>Vysokokvalitn\u00fd materi\u00e1l<\/strong>N\u00e1\u0161 \u00fatuln\u00fd pelech pre mal\u00e9ho psa je vyroben\u00fd z m\u00e4kkej, pohodlnej a \u0161etrnej l\u00e1tky. Je vyplnen\u00fd m\u00e4kk\u00fdm polyesterov\u00fdm vl\u00e1knom (PP) a bavlnou, ktor\u00e9 udr\u017e\u00ed v\u00e1\u0161ho dom\u00e1ceho mazn\u00e1\u010dika v teple a pohodl\u00ed. Tento materi\u00e1l je ide\u00e1lny pre poko\u017eku v\u00e1\u0161ho \u0161teniatka a m\u00f4\u017ee pom\u00f4c\u0165 v\u00e1\u0161mu dom\u00e1cemu mil\u00e1\u010dikovi pohodlne spa\u0165. M\u00e1 odn\u00edmate\u013en\u00fd a prate\u013en\u00fd po\u0165ah, v\u010faka \u010domu sa \u013eahko \u010dist\u00ed a udr\u017eiava. Kon\u0161trukcia pelechu pre psa je navrhnut\u00e1 tak, aby si zachovala svoj tvar a zabezpe\u010dila pohodlie v\u00e1\u0161ho dom\u00e1ceho mazn\u00e1\u010dika po dlh\u00fa dobu.<\/li>\n<li><strong>Proti\u0161mykov\u00e9 dno<\/strong>N\u00e1\u0161 upokojuj\u00faci pelech pre ma\u010dky je navrhnut\u00fd v tvare podu pre stredn\u00e9 a mal\u00e9 psy, s proti\u0161mykov\u00fdm dnom a priedu\u0161n\u00fdm m\u00e4kk\u00fdm pelechom pre \u0161teniatka, ktor\u00fd je odoln\u00fd a upokojuj\u00faci. Proti\u0161mykov\u00fd dizajn na spodnej strane nad\u00fdchan\u00e9ho pelechu pre psov poskytuje lep\u0161iu stabilitu, tak\u017ee sa v\u00e1\u0161 pes m\u00f4\u017ee bezpe\u010dne hra\u0165 a odpo\u010d\u00edva\u0165 v upokojuj\u00facom pelechu pre psov.<\/li>\n<li><strong>Optimalizujte svoj obytn\u00fd priestor<\/strong>Jeho kompaktn\u00e9 rozmery umo\u017e\u0148uj\u00fa umiestnenie v akejko\u013evek miestnosti vr\u00e1tane mal\u00fdch priestorov, ako s\u00fa rohy a no\u010dn\u00e9 k\u00fatiky, a je obzvl\u00e1\u0161\u0165 vhodn\u00fd pre dom\u00e1ce zvierat\u00e1, ktor\u00e9 sa radi sch\u00falia. \u010ci u\u017e b\u00fdvate v malom byte alebo priestrannom dome, tento ma\u010dac\u00ed vank\u00fa\u0161ov\u00fd pelech poskytne v\u00e1\u0161mu dom\u00e1cemu mil\u00e1\u010dikovi pohodlie a bezpe\u010die a z\u00e1rove\u0148 optimalizuje v\u00e1\u0161 obytn\u00fd priestor.<\/li>\n<li><strong>MAL\u00c9 TIPY<\/strong>Rozmery upokojuj\u00faceho pelechu pre ma\u010dky s\u00fa 76*46*32 cm, tento pelech pre psov je ide\u00e1lny pre mal\u00e9, stredn\u00e9 psy a ma\u010dky do hmotnosti 9 kg. Je ide\u00e1lny na vn\u00fatorn\u00e9 aj vonkaj\u0161ie pou\u017eitie. Pelech pre dom\u00e1ce zvierat\u00e1 bude po\u010das prepravy v\u00e1kuovo uzavret\u00fd. Po otvoren\u00ed balenia ho pros\u00edm pot\u013eapkajte, pretrepte a nechajte 1-2 dni v chladni\u010dke, aby sa po doru\u010den\u00ed upokojuj\u00faceho pelechu pre psov vr\u00e1til do nad\u00fdchan\u00e9ho stavu.<\/li>\n<\/ul>","protected":false},"featured_media":4131,"comment_status":"open","ping_status":"closed","template":"","meta":[],"product_brand":[],"product_cat":[227],"product_tag":[],"class_list":{"0":"post-4147","1":"product","2":"type-product","3":"status-publish","4":"has-post-thumbnail","6":"product_cat-pet-supplies","8":"first","9":"instock","10":"shipping-taxable","11":"purchasable","12":"product-type-simple"},"_links":{"self":[{"href":"https:\/\/www.largepillow.com\/sk\/wp-json\/wp\/v2\/product\/4147","targetHints":{"allow":["GET"]}}],"collection":[{"href":"https:\/\/www.largepillow.com\/sk\/wp-json\/wp\/v2\/product"}],"about":[{"href":"https:\/\/www.largepillow.com\/sk\/wp-json\/wp\/v2\/types\/product"}],"replies":[{"embeddable":true,"href":"https:\/\/www.largepillow.com\/sk\/wp-json\/wp\/v2\/comments?post=4147"}],"wp:featuredmedia":[{"embeddable":true,"href":"https:\/\/www.largepillow.com\/sk\/wp-json\/wp\/v2\/media\/4131"}],"wp:attachment":[{"href":"https:\/\/www.largepillow.com\/sk\/wp-json\/wp\/v2\/media?parent=4147"}],"wp:term":[{"taxonomy":"product_brand","embeddable":true,"href":"https:\/\/www.largepillow.com\/sk\/wp-json\/wp\/v2\/product_brand?post=4147"},{"taxonomy":"product_cat","embeddable":true,"href":"https:\/\/www.largepillow.com\/sk\/wp-json\/wp\/v2\/product_cat?post=4147"},{"taxonomy":"product_tag","embeddable":true,"href":"https:\/\/www.largepillow.com\/sk\/wp-json\/wp\/v2\/product_tag?post=4147"}],"curies":[{"name":"wp","href":"https:\/\/api.w.org\/{rel}","templated":true}]}}