{"id":4160,"date":"2024-09-12T03:12:48","date_gmt":"2024-09-12T03:12:48","guid":{"rendered":"https:\/\/www.largepillow.com\/product\/headboard-pillow-white-plush-large-wedge-reading-pillow"},"modified":"2025-08-27T10:53:28","modified_gmt":"2025-08-27T10:53:28","slug":"vankus-na-celo-postele-biely-plysovy-velky-klinovy-vankus-na-citanie","status":"publish","type":"product","link":"https:\/\/www.largepillow.com\/sk\/product\/headboard-pillow-white-plush-large-wedge-reading-pillow","title":{"rendered":"Vank\u00fa\u0161 na \u010delo postele, biely ply\u0161ov\u00fd, ve\u013ek\u00fd klinov\u00fd vank\u00fa\u0161 na \u010d\u00edtanie"},"content":{"rendered":"","protected":false},"excerpt":{"rendered":"<ul>\n<li><strong>MULTIFUNK\u010cNOS\u0164:<\/strong> N\u00e1\u0161 klinov\u00fd vank\u00fa\u0161 nie je len vank\u00fa\u0161 na \u010delo postele, ale pon\u00faka r\u00f4zne mo\u017enosti pou\u017eitia a mo\u017eno ho pou\u017ei\u0165 ako ide\u00e1lnu pom\u00f4cku na podporu chrbta, zdvihnutie n\u00f4h, \u010d\u00edtanie, sledovanie telev\u00edzie a mnoho \u010fal\u0161\u00edch pol\u00f4h, aby vyhovoval va\u0161im r\u00f4znym potreb\u00e1m.<\/li>\n<li><strong>ERGONOMICK\u00dd DIZAJN:<\/strong> int\u00edmna starostlivos\u0165, ergonomick\u00e1 vynaliezavos\u0165. Poskytuj\u00fa v\u00e1m najpohodlnej\u0161iu oporu, zni\u017euj\u00fa tlak na kr\u010dn\u00e9 a bedrov\u00e9 stavce, vychutn\u00e1vaj\u00fa si ka\u017ed\u00fd okamih pohodlia a \u00fatulnosti.<\/li>\n<li><strong>POHODLIE:<\/strong> Ve\u013ek\u00fd trojuholn\u00edkov\u00fd klinov\u00fd vank\u00fa\u0161 je vyroben\u00fd z vysoko kvalitn\u00fdch materi\u00e1lov a jemnej technol\u00f3gie spracovania, ktor\u00e1 zais\u0165uje m\u00e4kkos\u0165 a pohodlie klinov\u00e9ho vank\u00fa\u0161a na opierku hlavy, aby ste si mohli vychutna\u0165 int\u00edmny strih, tepl\u00fd a pohodln\u00fd pocit.<\/li>\n<li><strong>MATERI\u00c1L:<\/strong> Vank\u00fa\u0161e na operadlo dennej postele s\u00fa vyroben\u00e9 z vysoko kvalitn\u00fdch l\u00e1tok, ktor\u00e9 s\u00fa m\u00e4kk\u00e9 a \u0161etrn\u00e9 k poko\u017eke, odoln\u00e9 vo\u010di pokr\u010deniu a opotrebeniu, poskytuj\u00fa v\u00e1m pohodln\u00fd dotyk a vynikaj\u00facu priedu\u0161nos\u0165, v\u010faka \u010domu v\u00e1s udr\u017eia v suchu a pohodl\u00ed.<\/li>\n<li><strong>\u013dAHKO SA \u010cIST\u00cd:<\/strong> Klinov\u00fd vank\u00fa\u0161 m\u00e1 odn\u00edmate\u013en\u00fd a prate\u013en\u00fd po\u0165ah pre jednoduch\u00fa \u00fadr\u017ebu, tak\u017ee si budete v\u017edy u\u017e\u00edva\u0165 svie\u017ee a upratan\u00e9 prostredie na odpo\u010dinok.<\/li>\n<li><strong>Ve\u013ekos\u0165:<\/strong> 60 cm (60*20*50 cm), 80 cm (80*20*50 cm), 100 cm (100*20*50 cm), 120 cm (120*20*50 cm), 140 cm (140*20*50 cm), 160 cm (160*20*50 cm), 180 cm (180*20*50 cm), 200 cm (200*20*50 cm)<\/li>\n<\/ul>","protected":false},"featured_media":4148,"comment_status":"open","ping_status":"closed","template":"","meta":[],"product_brand":[],"product_cat":[15],"product_tag":[],"class_list":{"0":"post-4160","1":"product","2":"type-product","3":"status-publish","4":"has-post-thumbnail","6":"product_cat-large-wedge-pillow","8":"first","9":"instock","10":"shipping-taxable","11":"purchasable","12":"product-type-variable","13":"has-default-attributes"},"_links":{"self":[{"href":"https:\/\/www.largepillow.com\/sk\/wp-json\/wp\/v2\/product\/4160","targetHints":{"allow":["GET"]}}],"collection":[{"href":"https:\/\/www.largepillow.com\/sk\/wp-json\/wp\/v2\/product"}],"about":[{"href":"https:\/\/www.largepillow.com\/sk\/wp-json\/wp\/v2\/types\/product"}],"replies":[{"embeddable":true,"href":"https:\/\/www.largepillow.com\/sk\/wp-json\/wp\/v2\/comments?post=4160"}],"wp:featuredmedia":[{"embeddable":true,"href":"https:\/\/www.largepillow.com\/sk\/wp-json\/wp\/v2\/media\/4148"}],"wp:attachment":[{"href":"https:\/\/www.largepillow.com\/sk\/wp-json\/wp\/v2\/media?parent=4160"}],"wp:term":[{"taxonomy":"product_brand","embeddable":true,"href":"https:\/\/www.largepillow.com\/sk\/wp-json\/wp\/v2\/product_brand?post=4160"},{"taxonomy":"product_cat","embeddable":true,"href":"https:\/\/www.largepillow.com\/sk\/wp-json\/wp\/v2\/product_cat?post=4160"},{"taxonomy":"product_tag","embeddable":true,"href":"https:\/\/www.largepillow.com\/sk\/wp-json\/wp\/v2\/product_tag?post=4160"}],"curies":[{"name":"wp","href":"https:\/\/api.w.org\/{rel}","templated":true}]}}