{"id":4182,"date":"2024-09-12T03:55:25","date_gmt":"2024-09-12T03:55:25","guid":{"rendered":"https:\/\/www.largepillow.com\/product\/triangular-headboard-pillow-for-sleeping-with-side-pocket"},"modified":"2024-10-03T16:31:33","modified_gmt":"2024-10-03T16:31:33","slug":"trojuholnikovy-vankus-na-spanie-s-celom-postele-a-bocnym-vreckom","status":"publish","type":"product","link":"https:\/\/www.largepillow.com\/sk\/product\/triangular-headboard-pillow-for-sleeping-with-side-pocket","title":{"rendered":"Trojuholn\u00edkov\u00fd vank\u00fa\u0161 na spanie s \u010delom postele a bo\u010dn\u00fdm vreckom"},"content":{"rendered":"","protected":false},"excerpt":{"rendered":"<ul>\n<li><strong>Vysokokvalitn\u00e9 remeseln\u00e9 spracovanie:<\/strong> Aby vank\u00fa\u0161e na operadlo vyzerali dokonale a harmonicky, dizajn\u00e9r zvolil ozdobn\u00fd gomb\u00edk v rovnakej farbe ako po\u0165ah na vank\u00fa\u0161. Po\u0165ah na vank\u00fa\u0161 je hladk\u00fd a odoln\u00fd a klinov\u00fd vank\u00fa\u0161 je m\u00e4kk\u00fd a elastick\u00fd. V spodnej \u010dasti je zips a v\u00fdpl\u0148 je z bavlny. Mno\u017estvo PP bavlny je mo\u017en\u00e9 prida\u0165 alebo ubra\u0165 pod\u013ea vlastn\u00e9ho uv\u00e1\u017eenia po\u010das pou\u017e\u00edvania.<\/li>\n<li><strong>Materi\u00e1l:<\/strong> Potla\u010den\u00fd oblie\u010dka na klinov\u00fd vank\u00fa\u0161 vyroben\u00fd z bavlny 100%. V\u00fdpl\u0148 je z polyesterov\u00e9ho vl\u00e1kna (PP bavlna). M\u00e4kk\u00fd na dotyk, farben\u00fd ekologick\u00fdm sp\u00f4sobom, ne\u017emolkuje sa, nebledne. Jemn\u00e9 potla\u010de lep\u0161ie zdobia vn\u00fatorn\u00e9 prostredie.<\/li>\n<li><strong>Funkcia:<\/strong>\u00a0Na\u0161e funk\u010dn\u00e9 oporn\u00e9 vank\u00fa\u0161e v\u00e1m pom\u00f4\u017eu podoprie\u0165 chrb\u00e1t pri pr\u00e1ci alebo \u010d\u00edtan\u00ed, tak\u017ee sa nebudete c\u00edti\u0165 tak unaven\u00ed. Sta\u010d\u00ed si ich vzia\u0165 domov a va\u0161e be\u017en\u00e9 pohovky a postele bud\u00fa e\u0161te elegantnej\u0161ie. Okrem toho, n\u00e1\u0161 vzorovan\u00fd ply\u0161ov\u00fd vank\u00fa\u0161 na \u010delo postele m\u00f4\u017ee doda\u0165 svie\u017ei a \u0161t\u00fdlov\u00fd vzh\u013ead vn\u00fatorn\u00fdm balk\u00f3nom v ob\u00fdva\u010dke a vonkaj\u0161\u00edm z\u00e1hradn\u00fdm stoli\u010dk\u00e1m. Mobiln\u00e9 telef\u00f3ny alebo in\u00e9 ka\u017edodenn\u00e9 potreby si m\u00f4\u017eete ulo\u017ei\u0165 do bo\u010dn\u00fdch vreciek vank\u00fa\u0161ov.<\/li>\n<li><strong>Ve\u013ekos\u0165:<\/strong> 60 cm (60*20*50 cm), 140 cm (140*20*50 cm), 180 cm (180*20*50 cm)<\/li>\n<li>Upozor\u0148ujeme, \u017ee gomb\u00edky nie s\u00fa odn\u00edmate\u013en\u00e9 a s\u00fa pevne pri\u0161it\u00e9 k jadru vank\u00fa\u0161a. Pod ka\u017ed\u00fdm gomb\u00edkom je otvor, ktor\u00fd je z\u00e1merne ponechan\u00fd vzadu, aby sa u\u013eah\u010dilo s\u0148atie po\u0165ahu z vank\u00fa\u0161a.<\/li>\n<\/ul>","protected":false},"featured_media":4169,"comment_status":"open","ping_status":"closed","template":"","meta":[],"product_brand":[],"product_cat":[15],"product_tag":[],"class_list":{"0":"post-4182","1":"product","2":"type-product","3":"status-publish","4":"has-post-thumbnail","6":"product_cat-large-wedge-pillow","8":"first","9":"instock","10":"shipping-taxable","11":"purchasable","12":"product-type-variable","13":"has-default-attributes"},"_links":{"self":[{"href":"https:\/\/www.largepillow.com\/sk\/wp-json\/wp\/v2\/product\/4182","targetHints":{"allow":["GET"]}}],"collection":[{"href":"https:\/\/www.largepillow.com\/sk\/wp-json\/wp\/v2\/product"}],"about":[{"href":"https:\/\/www.largepillow.com\/sk\/wp-json\/wp\/v2\/types\/product"}],"replies":[{"embeddable":true,"href":"https:\/\/www.largepillow.com\/sk\/wp-json\/wp\/v2\/comments?post=4182"}],"wp:featuredmedia":[{"embeddable":true,"href":"https:\/\/www.largepillow.com\/sk\/wp-json\/wp\/v2\/media\/4169"}],"wp:attachment":[{"href":"https:\/\/www.largepillow.com\/sk\/wp-json\/wp\/v2\/media?parent=4182"}],"wp:term":[{"taxonomy":"product_brand","embeddable":true,"href":"https:\/\/www.largepillow.com\/sk\/wp-json\/wp\/v2\/product_brand?post=4182"},{"taxonomy":"product_cat","embeddable":true,"href":"https:\/\/www.largepillow.com\/sk\/wp-json\/wp\/v2\/product_cat?post=4182"},{"taxonomy":"product_tag","embeddable":true,"href":"https:\/\/www.largepillow.com\/sk\/wp-json\/wp\/v2\/product_tag?post=4182"}],"curies":[{"name":"wp","href":"https:\/\/api.w.org\/{rel}","templated":true}]}}