{"id":4221,"date":"2024-09-13T00:46:56","date_gmt":"2024-09-13T00:46:56","guid":{"rendered":"https:\/\/www.largepillow.com\/product\/space-themed-backrest-cushion-for-kids-headboard-pillow-jupiter"},"modified":"2024-10-03T16:31:23","modified_gmt":"2024-10-03T16:31:23","slug":"vankus-na-operadlo-s-vesmirnou-tematikou-pre-deti-vankus-na-celo-postele-jupiter","status":"publish","type":"product","link":"https:\/\/www.largepillow.com\/sk\/product\/space-themed-backrest-cushion-for-kids-headboard-pillow-jupiter","title":{"rendered":"Detsk\u00fd vank\u00fa\u0161 na operadlo s vesm\u00edrnou tematikou \u2013 vank\u00fa\u0161 na \u010delo postele (Jupiter)"},"content":{"rendered":"[zc_getpagecontent mb=&#8221;mb_aplus&#8221; apid=&#8221;90&#8243;]\n","protected":false},"excerpt":{"rendered":"<ul>\n<li><strong>Ve\u013ekos\u0165 produktu:<\/strong>\u00a0Pon\u00fakame 3 druhy vank\u00fa\u0161ov na podporu chrbta s mot\u00edvom plan\u00e9t: Zem, Mesiac a Jupiter. S rozmermi pribli\u017ene 99 x 49,6 cm si m\u00f4\u017eete vybra\u0165 vzh\u013ead svojich ob\u013e\u00faben\u00fdch vank\u00fa\u0161ov pod\u013ea svojej n\u00e1lady. Vytvorte si zasn\u00edvan\u00fa a n\u00e1padit\u00fa sp\u00e1l\u0148u s t\u00fdmto rozko\u0161n\u00fdm vank\u00fa\u0161om na podporu plan\u00e9t, ktor\u00fd je navrhnut\u00fd tak, aby in\u0161piroval sny v\u00e1\u0161ho drobca o objavovan\u00ed vesm\u00edru.<\/li>\n<li><strong>M\u00e4kk\u00e9 a pohodln\u00e9:<\/strong>\u00a0\u010c\u00edtac\u00ed vank\u00fa\u0161 Planet je vyroben\u00fd z kr\u00e1tkej ply\u0161ovej l\u00e1tky, m\u00e4kkej a pohodlnej, ktor\u00e1 pon\u00faka hladk\u00fa, tepl\u00fa a \u00fatuln\u00fa text\u00faru; vn\u00fatorn\u00fd materi\u00e1l je PP bavlna, m\u00e4kk\u00e1 a podopret\u00e1, d\u00e1 sa polo\u017ei\u0165 na poste\u013e alebo pohovku, poskytuje dostato\u010dn\u00fa oporu chrbtu, ale tie\u017e zlep\u0161uje dr\u017eanie tela a zmier\u0148uje mechanick\u00fa boles\u0165 chrbta.<\/li>\n<li><strong>\u017div\u00fd a realistick\u00fd dizajn:<\/strong>\u00a0N\u00e1\u0161 vank\u00fa\u0161 s \u010delom postele s plan\u00e9tami m\u00e1 obojstrann\u00fa potla\u010d s \u00fa\u017easnou t\u00e9mou vesm\u00edru, galaxi\u00ed a plan\u00e9t. Deti sa m\u00f4\u017eu u\u010di\u0165 o ka\u017edej plan\u00e9te pomocou text\u00farovan\u00fdch detailov a porovn\u00e1va\u0165 ich ve\u013ekosti, zatia\u013e \u010do sa oddychuj\u00fa na m\u00e4kk\u00fdch vank\u00fa\u0161och, ktor\u00e9 s\u00fa ide\u00e1lne pre n\u00e1padit\u00fa hru. Tieto skvel\u00e9 dekor\u00e1cie s vesm\u00edrnym a galaxiami dodaj\u00fa v\u00e1\u0161mu domovu galaktick\u00fa atmosf\u00e9ru. Vytvorte jedine\u010dn\u00fa dekor\u00e1ciu sp\u00e1lne s plan\u00e9tami astronautov pre chlapcov aj diev\u010dat\u00e1.<\/li>\n<li><strong>V\u0161estrann\u00e9 pou\u017eitie:<\/strong>\u00a0Vank\u00fa\u0161e s 3D simul\u00e1ciou plan\u00e9ty a obojstrannou tla\u010dou Vivid pon\u00fakaj\u00fa nielen v\u00fdrazn\u00fa bytov\u00fa dekor\u00e1ciu na podlahu, do sp\u00e1lne, na pohovku, do ob\u00fdva\u010dky a na n\u00e1bytok, ale aj ako zauj\u00edmav\u00fd obj\u00edmac\u00ed vank\u00fa\u0161 pre va\u0161u rodinu, ktor\u00fd vylep\u0161\u00ed vzh\u013ead mnoh\u00fdch miest.<\/li>\n<li><strong>Dizajn so skryt\u00fdm zipsom:<\/strong>\u00a0Ka\u017ed\u00e1 oblie\u010dka na vank\u00fa\u0161 s mot\u00edvom plan\u00e9ty je navrhnut\u00e1 so skryt\u00fdm zipsom, ktor\u00fd p\u00f4sob\u00ed bez\u0161v\u00edkovo a jemne. Okrem toho je vyberanie a vkladanie vank\u00fa\u0161ov pri \u010disten\u00ed alebo v\u00fdmene hra\u010dkou, tak\u017ee je to \u0161peci\u00e1lny magick\u00fd viano\u010dn\u00fd dar\u010dek k narodenin\u00e1m pre chlapcov aj diev\u010dat\u00e1.<\/li>\n<\/ul>","protected":false},"featured_media":4213,"comment_status":"open","ping_status":"closed","template":"","meta":[],"product_brand":[],"product_cat":[228],"product_tag":[],"class_list":{"0":"post-4221","1":"product","2":"type-product","3":"status-publish","4":"has-post-thumbnail","6":"product_cat-cushions","8":"first","9":"instock","10":"shipping-taxable","11":"purchasable","12":"product-type-simple"},"_links":{"self":[{"href":"https:\/\/www.largepillow.com\/sk\/wp-json\/wp\/v2\/product\/4221","targetHints":{"allow":["GET"]}}],"collection":[{"href":"https:\/\/www.largepillow.com\/sk\/wp-json\/wp\/v2\/product"}],"about":[{"href":"https:\/\/www.largepillow.com\/sk\/wp-json\/wp\/v2\/types\/product"}],"replies":[{"embeddable":true,"href":"https:\/\/www.largepillow.com\/sk\/wp-json\/wp\/v2\/comments?post=4221"}],"wp:featuredmedia":[{"embeddable":true,"href":"https:\/\/www.largepillow.com\/sk\/wp-json\/wp\/v2\/media\/4213"}],"wp:attachment":[{"href":"https:\/\/www.largepillow.com\/sk\/wp-json\/wp\/v2\/media?parent=4221"}],"wp:term":[{"taxonomy":"product_brand","embeddable":true,"href":"https:\/\/www.largepillow.com\/sk\/wp-json\/wp\/v2\/product_brand?post=4221"},{"taxonomy":"product_cat","embeddable":true,"href":"https:\/\/www.largepillow.com\/sk\/wp-json\/wp\/v2\/product_cat?post=4221"},{"taxonomy":"product_tag","embeddable":true,"href":"https:\/\/www.largepillow.com\/sk\/wp-json\/wp\/v2\/product_tag?post=4221"}],"curies":[{"name":"wp","href":"https:\/\/api.w.org\/{rel}","templated":true}]}}