{"id":4238,"date":"2024-09-13T01:20:28","date_gmt":"2024-09-13T01:20:28","guid":{"rendered":"https:\/\/www.largepillow.com\/product\/large-adjustable-recliner-multi-piece-folding-sofa-for-home"},"modified":"2024-10-03T16:31:23","modified_gmt":"2024-10-03T16:31:23","slug":"velka-nastavitelna-rozkladacia-pohovka-s-viacerymi-dielmi-do-domacnosti","status":"publish","type":"product","link":"https:\/\/www.largepillow.com\/sk\/product\/large-adjustable-recliner-multi-piece-folding-sofa-for-home\/","title":{"rendered":"Ve\u013ek\u00e1 nastavite\u013en\u00e1 polohovacia pohovka, viacdielna skladacia pohovka do dom\u00e1cnosti"},"content":{"rendered":"","protected":false},"excerpt":{"rendered":"<ul>\n<li>V\u0161estrann\u00e9 sedenie: T\u00e1to viacdielna rozkladacia pohovka s podlahov\u00fdm sedadlom pon\u00faka nastavite\u013en\u00e9 pohodlie na le\u0148o\u0161enie, \u010d\u00edtanie alebo spanie v ob\u00fdvacej izbe alebo sp\u00e1lni.<\/li>\n<li>Priestrann\u00e1 ve\u013ekos\u0165: Rozmery 91,4 * 91,4 * 30,4 cm po zlo\u017een\u00ed poskytuj\u00fa dostatok priestoru na relax\u00e1ciu.<\/li>\n<li>Prenosn\u00fd dizajn: V\u010faka \u013eahk\u00fdm, skladac\u00edm panelom sa d\u00e1 \u013eahko premiestni\u0165 alebo uskladni\u0165, ke\u010f sa nepou\u017e\u00edva.<\/li>\n<li>Podporn\u00fd vank\u00fa\u0161: Hrub\u00fd polstrovan\u00fd vank\u00fa\u0161 pon\u00faka \u00fatuln\u00e9 a podporn\u00e9 sedenie.<\/li>\n<li>\u0160t\u00fdlov\u00fd vzh\u013ead: V\u010faka b\u00e9\u017eovej farbe a modern\u00e9mu dizajnu sa t\u00e1to pohovka bez probl\u00e9mov hod\u00ed k r\u00f4znym \u0161t\u00fdlom interi\u00e9ru.<\/li>\n<\/ul>","protected":false},"featured_media":4231,"comment_status":"open","ping_status":"closed","template":"","meta":[],"product_brand":[],"product_cat":[228],"product_tag":[],"class_list":{"0":"post-4238","1":"product","2":"type-product","3":"status-publish","4":"has-post-thumbnail","6":"product_cat-cushions","8":"first","9":"outofstock","10":"shipping-taxable","11":"purchasable","12":"product-type-simple"},"_links":{"self":[{"href":"https:\/\/www.largepillow.com\/sk\/wp-json\/wp\/v2\/product\/4238","targetHints":{"allow":["GET"]}}],"collection":[{"href":"https:\/\/www.largepillow.com\/sk\/wp-json\/wp\/v2\/product"}],"about":[{"href":"https:\/\/www.largepillow.com\/sk\/wp-json\/wp\/v2\/types\/product"}],"replies":[{"embeddable":true,"href":"https:\/\/www.largepillow.com\/sk\/wp-json\/wp\/v2\/comments?post=4238"}],"wp:featuredmedia":[{"embeddable":true,"href":"https:\/\/www.largepillow.com\/sk\/wp-json\/wp\/v2\/media\/4231"}],"wp:attachment":[{"href":"https:\/\/www.largepillow.com\/sk\/wp-json\/wp\/v2\/media?parent=4238"}],"wp:term":[{"taxonomy":"product_brand","embeddable":true,"href":"https:\/\/www.largepillow.com\/sk\/wp-json\/wp\/v2\/product_brand?post=4238"},{"taxonomy":"product_cat","embeddable":true,"href":"https:\/\/www.largepillow.com\/sk\/wp-json\/wp\/v2\/product_cat?post=4238"},{"taxonomy":"product_tag","embeddable":true,"href":"https:\/\/www.largepillow.com\/sk\/wp-json\/wp\/v2\/product_tag?post=4238"}],"curies":[{"name":"pracovn\u00fd list","href":"https:\/\/api.w.org\/{rel}","templated":true}]}}