{"id":4269,"date":"2024-09-13T02:16:20","date_gmt":"2024-09-13T02:16:20","guid":{"rendered":"https:\/\/www.largepillow.com\/product\/multi-functional-creative-seat-cushion-folding-floor-bed"},"modified":"2024-10-03T16:31:23","modified_gmt":"2024-10-03T16:31:23","slug":"multifunkcny-kreativny-sedaci-vankus-skladacia-postel","status":"publish","type":"product","link":"https:\/\/www.largepillow.com\/sk\/product\/multi-functional-creative-seat-cushion-folding-floor-bed\/","title":{"rendered":"Multifunk\u010dn\u00e1 kreat\u00edvna skladacia poste\u013e na sedenie"},"content":{"rendered":"[zc_getpagecontent mb=&#8221;mb_aplus&#8221; apid=&#8221;53&#8243;]\n","protected":false},"excerpt":{"rendered":"<ul>\n<li><strong>V\u0161estrann\u00e1 kombin\u00e1cia:<\/strong>\u00a0Na\u0161a rozkladacia pohovka m\u00e1 penov\u00e9 podlo\u017eky r\u00f4znych ve\u013ekost\u00ed, ktor\u00e9 sa daj\u00fa kreat\u00edvne usporiada\u0165 pod\u013ea va\u0161ich potrieb. Pou\u017eite ju ako roho\u017eku na podlahu, okenn\u00fd vank\u00fa\u0161 alebo ju zostavte do rozkladacej \u010di podlahovej pohovky pre v\u00e4\u010d\u0161ie pohodlie a flexibilitu.<\/li>\n<li><strong>Z\u00e1bavn\u00e1 rozkladacia pohovka:<\/strong> Za\u017eite hrav\u00fa podstatu na\u0161ej rozkladacej pohovky. Preusporiadajte tvary vank\u00fa\u0161ov, zapojte sa do kreat\u00edvnych hier a u\u017eite si jedine\u010dn\u00fa z\u00e1bavu. Nechajte svoju fant\u00e1ziu vzlietnu\u0165 a spr\u00edjemnite si ka\u017ed\u00fd de\u0148 s t\u00fdmto z\u00e1bavn\u00fdm kusom n\u00e1bytku.<\/li>\n<li><strong>\u00daspora miesta:<\/strong> Na\u0161a kompaktn\u00e1 rozkladacia pohovka je navrhnut\u00e1 tak, aby \u0161etrila miesto. Rozlo\u017ete ju alebo zlo\u017ete pod\u013ea svojich potrieb a prisp\u00f4sobte sa r\u00f4znym scen\u00e1rom pou\u017eitia. Je to perfektn\u00e9 rie\u0161enie pre maximaliz\u00e1ciu obmedzen\u00e9ho dom\u00e1ceho prostredia a z\u00e1rove\u0148 poskytuje pohodln\u00e9 miesto na odpo\u010dinok a z\u00e1bavu.<\/li>\n<li><strong>V\u0161estrann\u00e9 pou\u017eitie:<\/strong> Na\u0161a rozkladacia pohovka je vhodn\u00e1 na r\u00f4zne pr\u00edle\u017eitosti, ako s\u00fa mal\u00e9 ob\u00fdva\u010dky, byty a sp\u00e1lne. Sl\u00fa\u017ei ako vank\u00fa\u0161 na podlahu, vank\u00fa\u0161 pri okne, mal\u00e1 pohovka alebo rozkladacie kreslo. Uspokoj\u00ed va\u0161e r\u00f4zne potreby, \u010di u\u017e ide o \u010d\u00edtanie, hranie alebo tr\u00e1venie \u010dasu s priate\u013emi.<\/li>\n<li><strong>Jednoduch\u00e1 \u00fadr\u017eba:<\/strong> Na\u0161a rozkladacia pohovka je vyroben\u00e1 z m\u00e4kkej, priedu\u0161nej a nepremokavej oxfordskej l\u00e1tky, tak\u017ee je jemn\u00e1 na dotyk a \u013eahko sa o \u0148u star\u00e1. Sta\u010d\u00ed ju jemne utrie\u0165 a vy\u010disti\u0165. Penov\u00e1 v\u00fdpl\u0148 poskytuje stabilitu a pohodlie, zatia\u013e \u010do odn\u00edmate\u013en\u00fd l\u00e1tkov\u00fd vank\u00fa\u0161 je mo\u017en\u00e9 pra\u0165 v pr\u00e1\u010dke, \u010do v\u00e1m u\u0161etr\u00ed \u010das a n\u00e1mahu.<\/li>\n<\/ul>","protected":false},"featured_media":4261,"comment_status":"open","ping_status":"closed","template":"","meta":[],"product_brand":[],"product_cat":[228],"product_tag":[],"class_list":{"0":"post-4269","1":"product","2":"type-product","3":"status-publish","4":"has-post-thumbnail","6":"product_cat-cushions","8":"first","9":"instock","10":"shipping-taxable","11":"purchasable","12":"product-type-simple"},"_links":{"self":[{"href":"https:\/\/www.largepillow.com\/sk\/wp-json\/wp\/v2\/product\/4269","targetHints":{"allow":["GET"]}}],"collection":[{"href":"https:\/\/www.largepillow.com\/sk\/wp-json\/wp\/v2\/product"}],"about":[{"href":"https:\/\/www.largepillow.com\/sk\/wp-json\/wp\/v2\/types\/product"}],"replies":[{"embeddable":true,"href":"https:\/\/www.largepillow.com\/sk\/wp-json\/wp\/v2\/comments?post=4269"}],"wp:featuredmedia":[{"embeddable":true,"href":"https:\/\/www.largepillow.com\/sk\/wp-json\/wp\/v2\/media\/4261"}],"wp:attachment":[{"href":"https:\/\/www.largepillow.com\/sk\/wp-json\/wp\/v2\/media?parent=4269"}],"wp:term":[{"taxonomy":"product_brand","embeddable":true,"href":"https:\/\/www.largepillow.com\/sk\/wp-json\/wp\/v2\/product_brand?post=4269"},{"taxonomy":"product_cat","embeddable":true,"href":"https:\/\/www.largepillow.com\/sk\/wp-json\/wp\/v2\/product_cat?post=4269"},{"taxonomy":"product_tag","embeddable":true,"href":"https:\/\/www.largepillow.com\/sk\/wp-json\/wp\/v2\/product_tag?post=4269"}],"curies":[{"name":"pracovn\u00fd list","href":"https:\/\/api.w.org\/{rel}","templated":true}]}}