{"id":4365,"date":"2024-09-13T03:28:21","date_gmt":"2024-09-13T03:28:21","guid":{"rendered":"https:\/\/www.largepillow.com\/product\/large-headboard-reading-pillow-bolster-body-pillow-gray"},"modified":"2024-10-03T16:31:33","modified_gmt":"2024-10-03T16:31:33","slug":"velky-citaci-vankus-na-celo-postele-sivy","status":"publish","type":"product","link":"https:\/\/www.largepillow.com\/sk\/product\/large-headboard-reading-pillow-bolster-body-pillow-gray","title":{"rendered":"Ve\u013ek\u00fd \u010d\u00edtac\u00ed vank\u00fa\u0161 na \u010delo postele, siv\u00fd"},"content":{"rendered":"[zc_getpagecontent mb=&#8221;mb_aplus&#8221; apid=&#8221;60&#8243;]\n","protected":false},"excerpt":{"rendered":"<ul>\n<li>Modern\u00fd dizajn: Navrhnut\u00fd s pre\u0161\u00edvan\u00fdmi gomb\u00edkmi a pre\u0161\u00edvan\u00fdmi detailmi, zrolovan\u00e9 okraje dod\u00e1vaj\u00fa extra dekorat\u00edvny n\u00e1dych. Tento nadrozmern\u00fd bedrov\u00fd vank\u00fa\u0161 s ve\u013ekorysou v\u00fdpl\u0148ou dod\u00e1va extra pohodlie a zais\u0165uje v\u00e1m najlep\u0161iu oporu pri relax\u00e1cii. Pou\u017eite samostatne ako dekorat\u00edvny prvok alebo ho skombinujte s in\u00fdmi \u0161tandardn\u00fdmi potla\u010den\u00fdmi\/jednofarebn\u00fdmi alebo vy\u0161\u00edvan\u00fdmi vank\u00fa\u0161mi pre zladen\u00fd vzh\u013ead.<\/li>\n<li>Skvel\u00fd vank\u00fa\u0161 na podporu chrbta: Tento nadrozmern\u00fd dekora\u010dn\u00fd vank\u00fa\u0161 poskytuje lep\u0161iu oporu ako nad\u00fdchan\u00e9 dekora\u010dn\u00e9 vank\u00fa\u0161e, budo\u00e1rov\u00e9 vank\u00fa\u0161e alebo euro vank\u00fa\u0161e be\u017enej ve\u013ekosti a je pevn\u00fd, aby si zachoval svoj tvar. Tento nadrozmern\u00fd vank\u00fa\u0161 na \u010delo postele s ve\u013ekorysou v\u00fdpl\u0148ou prin\u00e1\u0161a v\u00e4\u010d\u0161ie pohodlie a v kombin\u00e1cii s m\u00e4kk\u00fdm matracom zais\u0165uje najlep\u0161iu oporu pri opieran\u00ed sa a relax\u00e1cii. A tento modern\u00fd vank\u00fa\u0161 s ve\u013ek\u00fdm operadlom tie\u017e vyrie\u0161i probl\u00e9m s vank\u00fa\u0161mi, ktor\u00e9 sa v\u00e1m zas\u00favaj\u00fa medzi matrac a \u010delo postele.<\/li>\n<li>Viac\u00fa\u010delov\u00e9 pou\u017eitie: Pou\u017eite tento ve\u013ek\u00fd vank\u00fa\u0161 na opieranie chrbta ako alternat\u00edvu k \u010delu postele alebo operadlu pohovky, alebo ho polo\u017ete na lavicu a budete ma\u0165 nov\u00fa pohovku. Tento dlh\u00fd vank\u00fa\u0161 na poste\u013e sa d\u00e1 pou\u017ei\u0165 aj ako ve\u013ek\u00fd vank\u00fa\u0161 na telo, ktor\u00fd v\u00e1m pom\u00f4\u017ee dobre sa vyspa\u0165. Tento \u010dal\u00fanen\u00fd vank\u00fa\u0161 na \u010delo postele je n\u00e1dhern\u00fd, m\u00e1 vynikaj\u00facu kvalitu a je super pohodln\u00fd na opretie. Z\u00e1rove\u0148 sa hod\u00ed k r\u00f4znym \u0161t\u00fdlom bytov\u00e9ho zariadenia a dod\u00e1 sp\u00e1lni tepl\u00fd a \u00fatuln\u00fd pocit.<\/li>\n<li>Vynikaj\u00face remeseln\u00e9 spracovanie: Dlh\u00fd vank\u00fa\u0161 z polyesterovej tkaniny 100% je ultra m\u00e4kk\u00fd a pohodln\u00fd pre va\u0161u poko\u017eku. Tradi\u010dn\u00e9 vank\u00fa\u0161e maj\u00fa tendenciu \u010dasom preh\u00fdba\u0165 sa, ale tento \u010ditate\u013esk\u00fd vank\u00fa\u0161 m\u00e1 pre\u0161\u00edvan\u00e9 gomb\u00edky, ktor\u00e9 nielen\u017ee dod\u00e1vaj\u00fa modern\u00fd \u0161t\u00fdl, ale tie\u017e dr\u017eia v\u00fdpl\u0148 na mieste pre dlh\u00fa \u017eivotnos\u0165. Patchworkov\u00e9 \u0161itie a lemovan\u00e9 okraje tie\u017e dod\u00e1vaj\u00fa extra dekor\u00e1ciu.<\/li>\n<li>N\u00e1vod na starostlivos\u0165 o oblie\u010dky na vank\u00fa\u0161e: Oblie\u010dky na vank\u00fa\u0161e s\u00fa sn\u00edmate\u013en\u00e9, nebledn\u00fa ani sa nestrapkaj\u00fa, \u013eahko sa o ne star\u00e1 a daj\u00fa sa pra\u0165 v pr\u00e1\u010dke v\u010faka pre\u0161\u00edvan\u00e9mu dizajnu s gomb\u00edkmi a nevidite\u013en\u00e9mu zipsu.<\/li>\n<\/ul>","protected":false},"featured_media":4347,"comment_status":"open","ping_status":"closed","template":"","meta":[],"product_brand":[],"product_cat":[28],"product_tag":[],"class_list":{"0":"post-4365","1":"product","2":"type-product","3":"status-publish","4":"has-post-thumbnail","6":"product_cat-large-body-pillow","8":"first","9":"instock","10":"shipping-taxable","11":"purchasable","12":"product-type-variable","13":"has-default-attributes"},"_links":{"self":[{"href":"https:\/\/www.largepillow.com\/sk\/wp-json\/wp\/v2\/product\/4365","targetHints":{"allow":["GET"]}}],"collection":[{"href":"https:\/\/www.largepillow.com\/sk\/wp-json\/wp\/v2\/product"}],"about":[{"href":"https:\/\/www.largepillow.com\/sk\/wp-json\/wp\/v2\/types\/product"}],"replies":[{"embeddable":true,"href":"https:\/\/www.largepillow.com\/sk\/wp-json\/wp\/v2\/comments?post=4365"}],"wp:featuredmedia":[{"embeddable":true,"href":"https:\/\/www.largepillow.com\/sk\/wp-json\/wp\/v2\/media\/4347"}],"wp:attachment":[{"href":"https:\/\/www.largepillow.com\/sk\/wp-json\/wp\/v2\/media?parent=4365"}],"wp:term":[{"taxonomy":"product_brand","embeddable":true,"href":"https:\/\/www.largepillow.com\/sk\/wp-json\/wp\/v2\/product_brand?post=4365"},{"taxonomy":"product_cat","embeddable":true,"href":"https:\/\/www.largepillow.com\/sk\/wp-json\/wp\/v2\/product_cat?post=4365"},{"taxonomy":"product_tag","embeddable":true,"href":"https:\/\/www.largepillow.com\/sk\/wp-json\/wp\/v2\/product_tag?post=4365"}],"curies":[{"name":"wp","href":"https:\/\/api.w.org\/{rel}","templated":true}]}}