{"id":4405,"date":"2024-09-14T02:18:37","date_gmt":"2024-09-14T02:18:37","guid":{"rendered":"https:\/\/www.largepillow.com\/product\/large-floor-loveseat-cozy-chair-for-home-spaces"},"modified":"2024-12-12T09:14:40","modified_gmt":"2024-12-12T09:14:40","slug":"velke-utulne-kreslo-na-podlahe-do-domacich-priestorov","status":"publish","type":"product","link":"https:\/\/www.largepillow.com\/sk\/product\/large-floor-loveseat-cozy-chair-for-home-spaces","title":{"rendered":"Ve\u013ek\u00e1 pohovka na podlahu \u2013 \u00fatuln\u00e9 kreslo do dom\u00e1cich priestorov"},"content":{"rendered":"[zc_getpagecontent mb=&#8221;mb_aplus&#8221; apid=&#8221;96&#8243;]\n","protected":false},"excerpt":{"rendered":"<ul>\n<li><strong>MAXIM\u00c1LNY KOMFORT:<\/strong> Vychutnajte si bezkonkuren\u010dn\u00e9 pohodlie s le\u017eadlom. V\u010faka prekrytiu z kr\u00e1li\u010dej ko\u017eu\u0161iny a v\u00fdplni z vysoko odolnej peny v\u00e1m t\u00e1to pohovka zaru\u010d\u00ed maxim\u00e1lne pohodlie, \u010di u\u017e si sadnete a \u010d\u00edtate knihu, pozer\u00e1te telev\u00edziu alebo si len tak odd\u00fdchnete po n\u00e1ro\u010dnom dni.<\/li>\n<li><strong>\u0160PI\u010cKOV\u00c9 REMESELN\u00c9 SPRACOVANIE:<\/strong> T\u00e1to bezr\u00e1mov\u00e1 pohovka m\u00e1 po\u0165ah z m\u00e4kk\u00e9ho man\u0161estru a podkladov\u00fa vrstvu z polypropyl\u00e9novej bavlny, ktor\u00e9 v sebe sp\u00e1jaj\u00fa praktickos\u0165 a pohodlie pre luxusn\u00fd a trv\u00e1cny z\u00e1\u017eitok. \u013dahko sa rozober\u00e1 a montuje, \u010do zaru\u010duje trval\u00fa eleganciu v ka\u017edej miestnosti.<\/li>\n<li><strong>STABILN\u00c1 PODPORA:<\/strong> U\u017eite si pokojn\u00fd relax s na\u0161ou pohovkou na podlahe. Pena s vysokou hustotou poskytuje vynikaj\u00facu oporu a odpru\u017eenie, ktor\u00e9 obop\u00edna krivky tela a uvo\u013e\u0148uje tlakov\u00e9 body. Stabilita rozkladacej pohovky zais\u0165uje bezpe\u010dnos\u0165 a spo\u013eahlivos\u0165.<\/li>\n<li><strong>JEDINE\u010cN\u00dd DIZAJN A JEDNODUCH\u00c9 \u010cISTENIE:<\/strong> T\u00e1to pohovka je nielen pohodln\u00e1, ale aj \u013eahko sa udr\u017eiava v \u010distote. Nevidite\u013en\u00fd zips sa \u013eahko odn\u00edma a \u010dist\u00ed, v\u010faka \u010domu zostane pohovka upratan\u00e1. Umo\u017en\u00ed v\u00e1m pohodlne si u\u017ei\u0165 vo\u013en\u00fd \u010das.<\/li>\n<li><strong>IDE\u00c1LNA VE\u013dKOS\u0164 PRE POHODLIE:<\/strong> Na\u0161a vn\u00fatorn\u00e1 le\u017eadlov\u00e1 pohovka m\u00e1 rozmery 122 x 122 x 27 cm, \u010do je ide\u00e1lna ve\u013ekos\u0165 pre rozkladacie kreslo, \u013eahko sa skladuje a \u0161etr\u00ed miesto.<\/li>\n<\/ul>","protected":false},"featured_media":4393,"comment_status":"open","ping_status":"closed","template":"","meta":[],"product_brand":[],"product_cat":[228],"product_tag":[],"class_list":{"0":"post-4405","1":"product","2":"type-product","3":"status-publish","4":"has-post-thumbnail","6":"product_cat-cushions","8":"first","9":"outofstock","10":"shipping-taxable","11":"purchasable","12":"product-type-simple"},"_links":{"self":[{"href":"https:\/\/www.largepillow.com\/sk\/wp-json\/wp\/v2\/product\/4405","targetHints":{"allow":["GET"]}}],"collection":[{"href":"https:\/\/www.largepillow.com\/sk\/wp-json\/wp\/v2\/product"}],"about":[{"href":"https:\/\/www.largepillow.com\/sk\/wp-json\/wp\/v2\/types\/product"}],"replies":[{"embeddable":true,"href":"https:\/\/www.largepillow.com\/sk\/wp-json\/wp\/v2\/comments?post=4405"}],"wp:featuredmedia":[{"embeddable":true,"href":"https:\/\/www.largepillow.com\/sk\/wp-json\/wp\/v2\/media\/4393"}],"wp:attachment":[{"href":"https:\/\/www.largepillow.com\/sk\/wp-json\/wp\/v2\/media?parent=4405"}],"wp:term":[{"taxonomy":"product_brand","embeddable":true,"href":"https:\/\/www.largepillow.com\/sk\/wp-json\/wp\/v2\/product_brand?post=4405"},{"taxonomy":"product_cat","embeddable":true,"href":"https:\/\/www.largepillow.com\/sk\/wp-json\/wp\/v2\/product_cat?post=4405"},{"taxonomy":"product_tag","embeddable":true,"href":"https:\/\/www.largepillow.com\/sk\/wp-json\/wp\/v2\/product_tag?post=4405"}],"curies":[{"name":"wp","href":"https:\/\/api.w.org\/{rel}","templated":true}]}}