{"id":4576,"date":"2024-10-25T03:48:45","date_gmt":"2024-10-25T03:48:45","guid":{"rendered":"https:\/\/www.largepillow.com\/product\/3-storey-felt-cat-cave-multi-cat-condo-tunnel-bed"},"modified":"2024-12-20T18:18:54","modified_gmt":"2024-12-20T18:18:54","slug":"3-poschodova-plstena-tunelova-postel-pre-viac-maciek-v-bytovom-dome","status":"publish","type":"product","link":"https:\/\/www.largepillow.com\/sk\/product\/3-storey-felt-cat-cave-multi-cat-condo-tunnel-bed","title":{"rendered":"3-poschodov\u00e1 plsten\u00e1 ma\u010dacia jasky\u0148a, viacma\u010dac\u00ed byt a tunelov\u00e1 poste\u013e"},"content":{"rendered":"[zc_getpagecontent mb=&#8221;mb_aplus&#8221; apid=&#8221;98&#8243;]\n","protected":false},"excerpt":{"rendered":"<ul>\n<li><strong>Vhodn\u00e9 pre dom\u00e1cnosti s viacer\u00fdmi ma\u010dkami:<\/strong> Kart\u00f3nov\u00e9 ma\u010dacie b\u00fadky s\u00fa vyroben\u00e9 s oh\u013eadom na dom\u00e1cnosti s viacer\u00fdmi ma\u010dkami a pon\u00fakaj\u00fa dostatok priestoru pre hru a harmonick\u00e9 spoluna\u017e\u00edvanie viacer\u00fdch ma\u010diek. Tieto vn\u00fatorn\u00e9 ma\u010dacie b\u00fadky s\u00fa navrhnut\u00e9 s viacer\u00fdmi oknami, ktor\u00e9 nielen uspokojuj\u00fa vroden\u00fa zvedavos\u0165 ma\u010diek, ale pon\u00fakaj\u00fa aj r\u00f4zne vyhliadky, z ktor\u00fdch m\u00f4\u017eu objavova\u0165 a u\u017e\u00edva\u0165 si okolie.<\/li>\n<li><strong>Odoln\u00e9 vo\u010di po\u0161kriabaniu a trvanliv\u00e9:<\/strong> Na\u0161e ma\u010dacie b\u00fadky a byty s\u00fa vyroben\u00e9 z \u013eahk\u00e9ho plsten\u00e9ho materi\u00e1lu, ktor\u00fd je nielen odoln\u00fd vo\u010di po\u0161kriabaniu, ale aj neuverite\u013ene trv\u00e1cny. Tento materi\u00e1l poskytuje ma\u010dk\u00e1m perfektn\u00fd povrch na \u0161krabanie a br\u00fasenie paz\u00farov bez po\u0161kodenia kon\u0161trukcie. Dizajn je tie\u017e vodeodoln\u00fd a odoln\u00fd vo\u010di \u0161kvrn\u00e1m, v\u010faka \u010domu sa jednoducho \u010dist\u00ed a udr\u017eiava a zabezpe\u010duje, \u017ee ma\u010dac\u00ed dom\u010dek zostane v perfektnom stave s minim\u00e1lnou n\u00e1mahou.<\/li>\n<li><strong>Jednoduch\u00e1 mont\u00e1\u017e:<\/strong>\u00a0Vn\u00fatorn\u00e9 tunely pre ma\u010dky s\u00fa navrhnut\u00e9 pre jednoduch\u00fa mont\u00e1\u017e, \u010do v\u00e1m umo\u017e\u0148uje r\u00fdchlo ich nastavi\u0165 pod\u013ea va\u0161ich preferenci\u00ed a preferenci\u00ed va\u0161ej ma\u010dky. Jednoduch\u00fd proces mont\u00e1\u017ee na\u0161ej kart\u00f3novej ma\u010dacej b\u00fadky s\u013eubuje bezprobl\u00e9mov\u00fd z\u00e1\u017eitok. Pre podrobn\u00fd n\u00e1vod v\u00e1m odpor\u00fa\u010dame pozrie\u0165 si prilo\u017een\u00e9 mont\u00e1\u017ene video, ktor\u00e9 v\u00e1m pom\u00f4\u017ee \u013eahko vytvori\u0165 z\u00e1bavn\u00fd a bezpe\u010dn\u00fd priestor pre va\u0161ich ma\u010dac\u00edch priate\u013eov.<\/li>\n<li><strong>Priedu\u0161n\u00fd dizajn:<\/strong> P\u00fd\u0161i sa priedu\u0161n\u00fdm dizajnom, ktor\u00fd zvy\u0161uje pohodlie va\u0161ich ma\u010dac\u00edch priate\u013eov. Jedine\u010dn\u00fd plsten\u00fd materi\u00e1l v kombin\u00e1cii so strategicky umiestnen\u00fdmi okienkami zais\u0165uje optim\u00e1lne vetranie a umo\u017e\u0148uje vo\u013en\u00fa cirkul\u00e1ciu \u010derstv\u00e9ho vzduchu. Tento kart\u00f3nov\u00fd \u0161krabadlo pre ma\u010dky je premyslene vyroben\u00fd tak, aby poskytoval pohodln\u00fd a dobre vetran\u00fd priestor, kde sa va\u0161e ma\u010dky m\u00f4\u017eu hra\u0165 a relaxova\u0165 bez toho, aby sa c\u00edtili stiesnene alebo dusno. Dizajn efekt\u00edvne udr\u017eiava \u00fatuln\u00e9 a priedu\u0161n\u00e9 prostredie, v\u010faka \u010domu s\u00fa v lete chladn\u00e9 a v zimn\u00fdch mesiacoch tepl\u00e9.<\/li>\n<li><strong>Priestrann\u00fd interi\u00e9r:<\/strong> Pr\u00edjemn\u00e9 ihrisko, ktor\u00e9 sa v skuto\u010dnosti sklad\u00e1 zo s\u00fapravy troch prepojen\u00fdch ma\u010dac\u00edch b\u00fadok. Spolu tvoria rozsiahly priestor s rozmermi 43 x 43 x 99 cm, ktor\u00fd je ide\u00e1lny pre viacero ma\u010diek, aby sa mohli potulova\u0165, hra\u0165 a objavova\u0165 okolie. Tento rozsiahly interi\u00e9r poskytuje va\u0161im ma\u010dk\u00e1m ve\u013ekorys\u00fd priestor na natiahnutie, oddych a hrav\u00e9 k\u00fasky. S celkovou nosnos\u0165ou a\u017e 15 kg t\u00e1to prepojen\u00e1 ma\u010dacia jasky\u0148a zabezpe\u010duje, \u017ee aj v\u00e4\u010d\u0161ie ma\u010dky si m\u00f4\u017eu pohodlne u\u017ei\u0165 rozsiahly priestor. Je to perfektn\u00e9 \u00fato\u010disko pre va\u0161ich ma\u010dac\u00edch priate\u013eov na relax a hranie, \u010d\u00edm sa vytv\u00e1ra \u00fatuln\u00e9 a p\u00fatav\u00e9 prostredie, ktor\u00e9 je funk\u010dn\u00e9 aj atrakt\u00edvne.<\/li>\n<\/ul>","protected":false},"featured_media":4563,"comment_status":"open","ping_status":"closed","template":"","meta":[],"product_brand":[],"product_cat":[227],"product_tag":[],"class_list":{"0":"post-4576","1":"product","2":"type-product","3":"status-publish","4":"has-post-thumbnail","6":"product_cat-pet-supplies","8":"first","9":"outofstock","10":"shipping-taxable","11":"purchasable","12":"product-type-simple"},"_links":{"self":[{"href":"https:\/\/www.largepillow.com\/sk\/wp-json\/wp\/v2\/product\/4576","targetHints":{"allow":["GET"]}}],"collection":[{"href":"https:\/\/www.largepillow.com\/sk\/wp-json\/wp\/v2\/product"}],"about":[{"href":"https:\/\/www.largepillow.com\/sk\/wp-json\/wp\/v2\/types\/product"}],"replies":[{"embeddable":true,"href":"https:\/\/www.largepillow.com\/sk\/wp-json\/wp\/v2\/comments?post=4576"}],"wp:featuredmedia":[{"embeddable":true,"href":"https:\/\/www.largepillow.com\/sk\/wp-json\/wp\/v2\/media\/4563"}],"wp:attachment":[{"href":"https:\/\/www.largepillow.com\/sk\/wp-json\/wp\/v2\/media?parent=4576"}],"wp:term":[{"taxonomy":"product_brand","embeddable":true,"href":"https:\/\/www.largepillow.com\/sk\/wp-json\/wp\/v2\/product_brand?post=4576"},{"taxonomy":"product_cat","embeddable":true,"href":"https:\/\/www.largepillow.com\/sk\/wp-json\/wp\/v2\/product_cat?post=4576"},{"taxonomy":"product_tag","embeddable":true,"href":"https:\/\/www.largepillow.com\/sk\/wp-json\/wp\/v2\/product_tag?post=4576"}],"curies":[{"name":"wp","href":"https:\/\/api.w.org\/{rel}","templated":true}]}}