{"id":459,"date":"2022-09-16T02:19:51","date_gmt":"2022-09-16T02:19:51","guid":{"rendered":"https:\/\/www.largepillow.com\/product\/large-bolster-cushion"},"modified":"2025-11-05T02:15:31","modified_gmt":"2025-11-05T02:15:31","slug":"podhlavnik-postele-2","status":"publish","type":"product","link":"https:\/\/www.largepillow.com\/sk\/product\/bed-bolster","title":{"rendered":"Podlo\u017eka pod poste\u013e"},"content":{"rendered":"<p>Objavte maxim\u00e1lne pohodlie s vank\u00fa\u0161om Bed Bolster: V\u00e1\u0161 dokonal\u00fd viac\u00fa\u010delov\u00fd vank\u00fa\u0161<\/p>\n<p>V dne\u0161nom upon\u00e1h\u013eanom svete nie je relax a pohodlie doma nikdy d\u00f4le\u017eitej\u0161ie. \u010ci u\u017e ste knihomo\u013e, no\u010dn\u00e1 sova pracuj\u00faca do neskor\u00fdch hod\u00edn alebo niekto, kto si r\u00e1d pozer\u00e1 svoje ob\u013e\u00faben\u00e9 seri\u00e1ly v posteli, vank\u00fa\u0161 na \u010delo postele je tu, aby zmenil v\u00e1\u0161 z\u00e1\u017eitok. Tento vank\u00fa\u0161 na \u010delo postele s inovat\u00edvnym dizajnom a multifunk\u010dn\u00fdm vyu\u017eit\u00edm zais\u0165uje, \u017ee pohodlie nikdy nebude ohrozen\u00e9. Po\u010fme sa pozrie\u0165 na to, \u010do rob\u00ed z vank\u00fa\u0161a na \u010delo postele nevyhnutnos\u0165 v ka\u017edej modernej dom\u00e1cnosti.<\/p>\n<p>Maxim\u00e1lne pohodlie s trojuholn\u00edkov\u00fdm dizajnom<\/p>\n<p>Vank\u00fa\u0161 Bed Bolster, navrhnut\u00fd s oh\u013eadom na va\u0161e maxim\u00e1lne pohodlie, nie je len tak oby\u010dajn\u00fd. Jeho jedine\u010dn\u00fd trojuholn\u00edkov\u00fd tvar je \u0161peci\u00e1lne navrhnut\u00fd tak, aby dokonale priliehal k v\u00e1\u0161mu chrbtu a p\u00e1su, poskytoval bezkonkuren\u010dn\u00fa oporu a \u00fa\u010dinne zni\u017eoval tlak na bedrov\u00fa a chrbtov\u00fa chrbticu. Tento extra ve\u013ek\u00fd vank\u00fa\u0161 s podhlavn\u00edkom je prisp\u00f4soben\u00fd pre dve osoby, v\u010faka \u010domu je jedin\u00fdm klinov\u00fdm vank\u00fa\u0161om na \u010delo postele, ktor\u00fd budete potrebova\u0165 pre bezstresov\u00fd relax na posteli alebo pohovke.<\/p>\n<p>V\u0161estrannos\u0165 v najlep\u0161ej forme: Ve\u013ek\u00fd vank\u00fa\u0161 s podsed\u00e1kom 3 v 1<\/p>\n<p>Podhlavn\u00edk na poste\u013e nanovo definuje v\u0161estrannos\u0165. Pou\u017eite ho vzpriamene ako vank\u00fa\u0161 na oporu chrbta pri seden\u00ed v posteli, polo\u017ete ho naplocho ako ve\u013ek\u00fd klinov\u00fd vank\u00fa\u0161 na spanie na chrbte alebo na boku, alebo dokonca ako vank\u00fa\u0161 na nohy, ktor\u00fd v\u00e1m zdvihne nohy a zlep\u0161\u00ed krvn\u00fd obeh. Je to perfektn\u00e1 vo\u013eba pre p\u00e1ry, ktor\u00e9 h\u013eadaj\u00fa ve\u013ek\u00fd vank\u00fa\u0161 na \u010delo postele, ktor\u00fd poskytuje oporu a pohodlie obom osob\u00e1m s\u00fa\u010dasne.<\/p>\n<p>Multifunk\u010dn\u00fd dizajn pre ka\u017ed\u00fa potrebu<\/p>\n<p>Okrem toho, \u017ee sl\u00fa\u017ei ako vank\u00fa\u0161 na \u010delo postele, poste\u013en\u00e1 podhlavn\u00edk sl\u00fa\u017ei aj ako n\u00e1razn\u00edkov\u00fd vank\u00fa\u0161 a \u0161t\u00fdlov\u00fd vank\u00fa\u0161 na podporu operadla pohovky alebo dennej postele. Jeho multifunk\u010dn\u00fd dizajn zaru\u010duje, \u017ee sa bez probl\u00e9mov hod\u00ed do ka\u017edej sp\u00e1lne alebo ob\u00fdva\u010dky a dod\u00e1va mu funk\u010dnos\u0165 aj \u0161t\u00fdl.<\/p>\n<p>Remeseln\u00e9 spracovanie, ktor\u00e9 hovor\u00ed za v\u0161etko<\/p>\n<p>Po\u0165ah na vank\u00fa\u0161 Bed Bolster sa p\u00fd\u0161i vynikaj\u00facim spracovan\u00edm v\u010faka polyesterov\u00e9mu zamatov\u00e9mu oblie\u010dke na vank\u00fa\u0161 100% \u2013 m\u00e4kk\u00fd, elegantn\u00fd a pr\u00edjemn\u00fd na dotyk. Je vyplnen\u00fd vysokohustotn\u00fdmi polyesterov\u00fdmi vl\u00e1knami vysokej kvality a s\u013eubuje odolnos\u0165 a pohodlie bez preh\u00fdbania, a to aj po intenz\u00edvnom pou\u017e\u00edvan\u00ed. Okrem toho praktick\u00e9 bo\u010dn\u00e9 vreck\u00e1 pon\u00fakaj\u00fa praktick\u00e9 miesto na odlo\u017eenie knihy alebo telef\u00f3nu, aby ste mali potrebn\u00e9 veci v\u017edy po ruke.<\/p>\n<p>Bezprobl\u00e9mov\u00e1 \u00fadr\u017eba<\/p>\n<p>Udr\u017eiavanie \u010dist\u00e9ho po\u0165ahu na poste\u013e je ve\u013emi jednoduch\u00e9. Po\u0165ah na \u010d\u00edtac\u00ed vank\u00fa\u0161 je vybaven\u00fd jednoduch\u00fdm zipsom a je bez n\u00e1mahy sn\u00edmate\u013en\u00fd a mo\u017eno ho pra\u0165 v pr\u00e1\u010dke, v\u010faka \u010domu v\u00e1\u0161 vank\u00fa\u0161 zostane v\u017edy svie\u017ei a pr\u00edjemn\u00fd na dotyk.<\/p>\n<p>Prisp\u00f4soben\u00e9 v\u00e1\u0161mu priestoru<\/p>\n<p>S d\u013a\u017ekou od 45 cm do 200 cm a vybaven\u00edm a\u017e 7 gomb\u00edkmi pre jednoduch\u00e9 nastavenie a oporu je vank\u00fa\u0161 na poste\u013e navrhnut\u00fd tak, aby sa dokonale hodil do ka\u017ed\u00e9ho priestoru. Vyberte si ve\u013ekos\u0165, ktor\u00e1 najlep\u0161ie vyhovuje va\u0161im potreb\u00e1m, a vychutnajte si individu\u00e1lny pocit pohodlia a opory.<\/p>\n<p>\u010co hovoria z\u00e1kazn\u00edci<\/p>\n<p>Z koment\u00e1rov k tovaru je zrejm\u00e9, \u017ee z\u00e1kazn\u00edci s\u00fa z n\u00e1kupu nad\u0161en\u00ed. Mnoh\u00ed vyzdvihuj\u00fa \u201ctrojuholn\u00edkov\u00fd podporn\u00fd vank\u00fa\u0161\u201d pre jeho v\u00fdnimo\u010dn\u00e9 pohodlie a oporu, zatia\u013e \u010do in\u00ed chv\u00e1lia \u201czamat\u201d pre jeho m\u00e4kkos\u0165 a luxusn\u00fd pocit. Farba \u201ck\u00e1va\u201d sa zd\u00e1 by\u0165 medzi kupuj\u00facimi ob\u013e\u00faben\u00e1 a dod\u00e1 ka\u017edej miestnosti n\u00e1dych elegancie.<\/p>\n<p>Z\u00e1ver<\/p>\n<p>Podlo\u017eka pod poste\u013e je viac ne\u017e len vank\u00fa\u0161; je to prevratn\u00fd sp\u00f4sob, ako zlep\u0161i\u0165 relax\u00e1ciu a pohodlie doma. Jeho multifunk\u010dn\u00fd dizajn, v\u00fdnimo\u010dn\u00e9 spracovanie a jednoduch\u00e1 \u00fadr\u017eba z neho robia v\u00fdnimo\u010dn\u00fd produkt. \u010ci u\u017e ide o \u010d\u00edtanie, pr\u00e1cu alebo len o oddych po dlhom dni, podlo\u017eka pod poste\u013e s\u013eubuje, \u017ee bude va\u0161\u00edm dokonal\u00fdm spolo\u010dn\u00edkom. Neverte n\u00e1m len na slovo; vysk\u00fa\u0161ajte si ju a za\u017eite dokonal\u00e9 pohodlie na vlastnej ko\u017ei!<\/p>","protected":false},"excerpt":{"rendered":"<ul>\n<li><strong>Maxim\u00e1lne pohodlie:<\/strong> Tento vank\u00fa\u0161 na \u010delo postele pon\u00faka vynikaj\u00face pohodlie v\u010faka svojmu trojuholn\u00edkov\u00e9mu tvaru. Oporn\u00fd vank\u00fa\u0161 na poste\u013e pekne prilieha k chrbtu a p\u00e1su, \u010d\u00edm minimalizuje tlak na bedrov\u00fa chrbticu\/chrb\u00e1t. Tento klinov\u00fd vank\u00fa\u0161 na \u010d\u00edtanie v\u00e1m pom\u00f4\u017ee udr\u017ea\u0165 si pohodlie v posteli alebo na pohovke, \u010do je ide\u00e1lne pre pracuj\u00facich no\u010dn\u00fdch sov, knihomo\u013eov a pozeranie telev\u00edzie v posteli. Tento extra ve\u013ek\u00fd vank\u00fa\u0161 na l\u00f4\u017eko je jedin\u00fd klinov\u00fd vank\u00fa\u0161 na \u010delo postele, ktor\u00fd pojme dve osoby.<\/li>\n<li><strong>3 v 1 ve\u013ek\u00fd vank\u00fa\u0161 na podhlavn\u00edk:<\/strong> Vank\u00fa\u0161 m\u00f4\u017eete pou\u017ei\u0165 vzpriamene ako vank\u00fa\u0161 na oporu chrbta pri seden\u00ed v posteli alebo ho polo\u017ei\u0165 naplocho na poste\u013e a pou\u017ei\u0165 ho ako ve\u013ek\u00fd klinov\u00fd vank\u00fa\u0161 pri span\u00ed na chrbte alebo na boku, alebo ako vank\u00fa\u0161 na nohy, ktor\u00fd v\u00e1m umo\u017en\u00ed zdvihn\u00fa\u0165 nohy. Ak chcete ve\u013ek\u00fd vank\u00fa\u0161 na \u010delo postele, ktor\u00fd poskytne oporu v\u00e1m aj v\u00e1\u0161mu partnerovi\/partnerke, je to vynikaj\u00faca alternat\u00edva.<\/li>\n<li><strong>Multifunk\u010dn\u00fd dizajn:<\/strong> Niektor\u00ed \u013eudia pou\u017e\u00edvaj\u00fa ve\u013ek\u00fd trojuholn\u00edkov\u00fd vank\u00fa\u0161 ako vank\u00fa\u0161 na \u010delo postele, zatia\u013e \u010do in\u00ed ho pou\u017e\u00edvaj\u00fa ako vank\u00fa\u0161 na ochranu chrbta, m\u00f4\u017ee tie\u017e sl\u00fa\u017ei\u0165 ako vank\u00fa\u0161 na podporu operadla pohovky alebo dennej postele. Je \u0161t\u00fdlov\u00fd aj funk\u010dn\u00fd, v\u010faka \u010domu je vynikaj\u00facim doplnkom do ka\u017edej sp\u00e1lne.<\/li>\n<li><strong>Vynikaj\u00face remeseln\u00e9 spracovanie:<\/strong> Na\u0161a oblie\u010dka na vank\u00fa\u0161 je vyroben\u00e1 z polyesterov\u00e9ho zamatu 100%, ktor\u00fd je m\u00e4kk\u00fd, elegantn\u00fd a pr\u00edjemn\u00fd na dotyk. V\u00fdpl\u0148 je vyroben\u00e1 z vysokohustotn\u00fdch, kvalitn\u00fdch polyesterov\u00fdch vl\u00e1kien, ktor\u00e9 zabra\u0148uj\u00fa preh\u00fdbaniu sa ani po mesiacoch pou\u017e\u00edvania. Navy\u0161e m\u00e1 bo\u010dn\u00e9 vreck\u00e1 na knihu alebo telef\u00f3n.<\/li>\n<li><strong>\u013dahko sa \u010dist\u00ed:<\/strong> Po\u0165ah na \u010ditate\u013esk\u00fd vank\u00fa\u0161 je pripevnen\u00fd k vank\u00fa\u0161u pomocou gomb\u00edkov a d\u00e1 sa \u013eahko zlo\u017ei\u0165 jednoduch\u00fdm zipsom. V\u010faka tomu je jeho \u010distenie bezprobl\u00e9mov\u00e9. Sta\u010d\u00ed po\u0165ah zlo\u017ei\u0165 a r\u00fdchlo vypra\u0165 v pr\u00e1\u010dke, aby v\u00e1\u0161 vank\u00fa\u0161 vyzeral ako nov\u00fd.<\/li>\n<li><strong>Ve\u013ekos\u0165:<\/strong> 45 cm (D45 x \u016020 x V50 | 0 gomb\u00edkov), 60 cm (D60 x \u016020 x V50 | 0 gomb\u00edkov), 80 cm (D80 x \u016020 x V50 | 2 gomb\u00edky), 100 cm (D100 x \u016020 x V50 | 3 gomb\u00edky), 120 cm (D120 x \u016020 x V50 | 4 gomb\u00edky), 140 cm (D140 x \u016020 x V50 | 4 gomb\u00edky), 160 cm (D160 x \u016020 x V50 | 5 gomb\u00edkov), 180 cm (D180 x \u016020 x V50 | 6 gomb\u00edkov), 200 cm (D200 x \u016020 x V50 | 7 gomb\u00edkov).<\/li>\n<\/ul>","protected":false},"featured_media":442,"comment_status":"open","ping_status":"closed","template":"","meta":[],"product_brand":[],"product_cat":[15],"product_tag":[66,210,206,102,75,168,132,163,143,59,120,65],"class_list":{"0":"post-459","1":"product","2":"type-product","3":"status-publish","4":"has-post-thumbnail","6":"product_cat-large-wedge-pillow","7":"product_tag-back-support-pillow","8":"product_tag-bed-bolster","9":"product_tag-bumper-pillow","10":"product_tag-couch-pillow","11":"product_tag-daybed-pillow","12":"product_tag-headboard-pillow","13":"product_tag-large-bolster-pillow","14":"product_tag-leg-pillow","15":"product_tag-multifunctional-pillow","16":"product_tag-reading-pillow","17":"product_tag-velvet-pillow","18":"product_tag-wedge-pillow","20":"first","21":"instock","22":"shipping-taxable","23":"purchasable","24":"product-type-variable"},"_links":{"self":[{"href":"https:\/\/www.largepillow.com\/sk\/wp-json\/wp\/v2\/product\/459","targetHints":{"allow":["GET"]}}],"collection":[{"href":"https:\/\/www.largepillow.com\/sk\/wp-json\/wp\/v2\/product"}],"about":[{"href":"https:\/\/www.largepillow.com\/sk\/wp-json\/wp\/v2\/types\/product"}],"replies":[{"embeddable":true,"href":"https:\/\/www.largepillow.com\/sk\/wp-json\/wp\/v2\/comments?post=459"}],"wp:featuredmedia":[{"embeddable":true,"href":"https:\/\/www.largepillow.com\/sk\/wp-json\/wp\/v2\/media\/442"}],"wp:attachment":[{"href":"https:\/\/www.largepillow.com\/sk\/wp-json\/wp\/v2\/media?parent=459"}],"wp:term":[{"taxonomy":"product_brand","embeddable":true,"href":"https:\/\/www.largepillow.com\/sk\/wp-json\/wp\/v2\/product_brand?post=459"},{"taxonomy":"product_cat","embeddable":true,"href":"https:\/\/www.largepillow.com\/sk\/wp-json\/wp\/v2\/product_cat?post=459"},{"taxonomy":"product_tag","embeddable":true,"href":"https:\/\/www.largepillow.com\/sk\/wp-json\/wp\/v2\/product_tag?post=459"}],"curies":[{"name":"wp","href":"https:\/\/api.w.org\/{rel}","templated":true}]}}