{"id":4670,"date":"2024-11-05T04:13:37","date_gmt":"2024-11-05T04:13:37","guid":{"rendered":"https:\/\/www.largepillow.com\/product\/wood-log-ottoman-pouf-cushion-foam-removable-cover"},"modified":"2025-11-24T01:41:33","modified_gmt":"2025-11-24T01:41:33","slug":"dreveny-taburetovy-puf-odnimatelny-penovy-potah","status":"publish","type":"product","link":"https:\/\/www.largepillow.com\/sk\/product\/wood-log-ottoman-pouf-cushion-foam-removable-cover","title":{"rendered":"Vank\u00fa\u0161 na taburetku z dreven\u00e9ho polena \u2013 pena a odn\u00edmate\u013en\u00fd po\u0165ah"},"content":{"rendered":"[zc_getpagecontent mb=&#8221;mb_aplus&#8221; apid=&#8221;101&#8243;]\n","protected":false},"excerpt":{"rendered":"<ul>\n<li>V\u00fdrazn\u00fd dizajn s text\u00farou kme\u0148a: Tento inovat\u00edvny taburet s mot\u00edvom stromu s kreat\u00edvnym vzorom kme\u0148a vy\u017earuje \u0161t\u00fdl a dod\u00e1va v\u00e1\u0161mu priestoru vizu\u00e1lnu aj funk\u010dn\u00fa dramatickos\u0165. Jeho \u017eiariv\u00e9 farby a v\u0161estrann\u00e9 vyu\u017eitie z neho robia v\u00fdnimo\u010dn\u00fd doplnok k ak\u00e9muko\u013evek n\u00e1bytku a pozdvihuj\u00fa celkov\u00fa estetiku.<\/li>\n<li>Multifunk\u010dn\u00e1 a \u0161t\u00fdlov\u00e1: T\u00e1to \u0161t\u00fdlov\u00e1 kombinovan\u00e1 taburetka je ide\u00e1lna na r\u00f4zne miesta, napr\u00edklad pred um\u00fdvadlom v sp\u00e1lni, ako \u010fal\u0161ie sedenie alebo podno\u017eka. Dod\u00e1 ka\u017edej miestnosti n\u00e1dych elegancie. M\u00f4\u017eete ju pou\u017ei\u0165 ako konferen\u010dn\u00fd stol\u00edk s podnosom na dekor\u00e1ciu, \u010d\u00edm sa stane v\u0161estrann\u00fdm dekorat\u00edvnym prvkom.<\/li>\n<li>Pohodlie a kvalita: T\u00e1to geometrick\u00e1 podno\u017eka je vyroben\u00e1 z m\u00e4kk\u00e9ho zamatov\u00e9ho po\u0165ahu a vyplnen\u00e1 penou s vysokou hustotou a pon\u00faka pohodln\u00e9 a podporn\u00e9 sedenie. V\u010faka materi\u00e1lom \u0161etrn\u00fdm k poko\u017eke a robustnej kon\u0161trukcii je taburetka ide\u00e1lna do ka\u017ed\u00e9ho \u0161t\u00fdlu bytov\u00e9ho zariadenia.<\/li>\n<li>Pohodln\u00e1 \u00fadr\u017eba: Tento taburet s v\u00fdpl\u0148ou je ur\u010den\u00fd na vn\u00fatorn\u00e9 pou\u017eitie a m\u00e1 hladk\u00fd zips pre jednoduch\u00e9 odstr\u00e1nenie po\u0165ahu pri \u010disten\u00ed. Je \u013eahk\u00fd a \u013eahko sa premiest\u0148uje medzi miestnos\u0165ami, \u010do zais\u0165uje bezprobl\u00e9mov\u00fa \u00fadr\u017ebu, v\u010faka ktorej v\u00e1\u0161 priestor vyzera svie\u017eo a upratane.<\/li>\n<li>Efekt\u00edvna doprava a rozkladanie: Aby sme zaru\u010dili bezpe\u010dn\u00fd a efekt\u00edvny proces dopravy, na\u0161e taburetky s\u00fa v\u00e1kuovo balen\u00e9. Pre najlep\u0161\u00ed z\u00e1\u017eitok ich jednoducho nechajte rozlo\u017een\u00e9 24 \u2013 48 hod\u00edn po doru\u010den\u00ed, \u010d\u00edm zabezpe\u010d\u00edte, \u017ee v\u00e1\u0161 geometrick\u00fd puf bude pripraven\u00fd pozdvihn\u00fa\u0165 v\u00e1\u0161 priestor \u0161t\u00fdlom a pohodl\u00edm.<\/li>\n<\/ul>","protected":false},"featured_media":4659,"comment_status":"open","ping_status":"closed","template":"","meta":[],"product_brand":[],"product_cat":[228],"product_tag":[],"class_list":{"0":"post-4670","1":"product","2":"type-product","3":"status-publish","4":"has-post-thumbnail","6":"product_cat-cushions","8":"first","9":"instock","10":"shipping-taxable","11":"purchasable","12":"product-type-variable","13":"has-default-attributes"},"_links":{"self":[{"href":"https:\/\/www.largepillow.com\/sk\/wp-json\/wp\/v2\/product\/4670","targetHints":{"allow":["GET"]}}],"collection":[{"href":"https:\/\/www.largepillow.com\/sk\/wp-json\/wp\/v2\/product"}],"about":[{"href":"https:\/\/www.largepillow.com\/sk\/wp-json\/wp\/v2\/types\/product"}],"replies":[{"embeddable":true,"href":"https:\/\/www.largepillow.com\/sk\/wp-json\/wp\/v2\/comments?post=4670"}],"wp:featuredmedia":[{"embeddable":true,"href":"https:\/\/www.largepillow.com\/sk\/wp-json\/wp\/v2\/media\/4659"}],"wp:attachment":[{"href":"https:\/\/www.largepillow.com\/sk\/wp-json\/wp\/v2\/media?parent=4670"}],"wp:term":[{"taxonomy":"product_brand","embeddable":true,"href":"https:\/\/www.largepillow.com\/sk\/wp-json\/wp\/v2\/product_brand?post=4670"},{"taxonomy":"product_cat","embeddable":true,"href":"https:\/\/www.largepillow.com\/sk\/wp-json\/wp\/v2\/product_cat?post=4670"},{"taxonomy":"product_tag","embeddable":true,"href":"https:\/\/www.largepillow.com\/sk\/wp-json\/wp\/v2\/product_tag?post=4670"}],"curies":[{"name":"wp","href":"https:\/\/api.w.org\/{rel}","templated":true}]}}