{"id":4865,"date":"2024-11-21T03:34:23","date_gmt":"2024-11-21T03:34:23","guid":{"rendered":"https:\/\/www.largepillow.com\/product\/round-upholstered-ottoman-modern-living-center-table"},"modified":"2024-12-13T02:58:30","modified_gmt":"2024-12-13T02:58:30","slug":"okruhly-caluneny-moderny-obyvaci-stol-do-centra","status":"publish","type":"product","link":"https:\/\/www.largepillow.com\/sk\/product\/round-upholstered-ottoman-modern-living-center-table","title":{"rendered":"Okr\u00fahly \u010dal\u00fanen\u00fd taburet, modern\u00fd ob\u00fdvac\u00ed stol\u00edk"},"content":{"rendered":"[zc_getpagecontent mb=&#8221;mb_aplus&#8221; apid=&#8221;105&#8243;]\n","protected":false},"excerpt":{"rendered":"<ul>\n<li>Luxusn\u00fd \u2013 Pozdvihnite svoju ob\u00fdva\u010dku, recepciu alebo zasadaciu miestnos\u0165 t\u00fdmto 102 cm okr\u00fahlym taburetom, ktor\u00fd sl\u00fa\u017ei ako \u0161t\u00fdlov\u00fd konferen\u010dn\u00fd stol\u00edk. Je \u010dal\u00fanen\u00fd ply\u0161ov\u00fdm zamatom a podopret\u00fd penou s vysokou hustotou, pon\u00faka pohodlie aj sofistikovan\u00fd vzh\u013ead, ide\u00e1lny na neform\u00e1lne stretnutia alebo form\u00e1lne udalosti.<\/li>\n<li>Pr\u00e9miov\u00e1 kvalita \u2013 Svetlomodr\u00fd zamat nielen\u017ee poskytuje upokojuj\u00faci a pr\u00edjemn\u00fd vizu\u00e1lny efekt, ale aj luxusn\u00fd pocit, ktor\u00fd zd\u00f4raz\u0148uje jeho schopnos\u0165 odr\u00e1\u017ea\u0165 svetlo a doda\u0165 n\u00e1bytku luxusn\u00fd n\u00e1dych; strieborno-biele strapce dod\u00e1vaj\u00fa modern\u00fd a elegantn\u00fd vzh\u013ead, \u010d\u00edm umoc\u0148uj\u00fa eleganciu taburetky; t\u00e1to kombin\u00e1cia materi\u00e1lu a dizajnu vytv\u00e1ra produkt, ktor\u00fd je esteticky pr\u00edjemn\u00fd aj pohodln\u00fd.<\/li>\n<li>V\u0161estrann\u00e1 funkcia \u2013 S v\u00fd\u0161kou 40 cm sl\u00fa\u017ei tento taburetka hne\u010f naraz: ako pohodln\u00e1 stoli\u010dka do \u0161atne alebo ako oporn\u00e1 opierka na nohy. Jeho robustn\u00e1 kon\u0161trukcia a ply\u0161ov\u00fd povrch zais\u0165uj\u00fa pohodlie, \u010di u\u017e sed\u00edte pri prezliekan\u00ed alebo si odpo\u010d\u00edvate nohy, v\u010faka \u010domu je nevyhnutn\u00fdm doplnkom ka\u017edej dom\u00e1cnosti.<\/li>\n<li>Elegancia bez n\u00e1mahy \u2013 Taburetka je navrhnut\u00e1 pre jednoduch\u00e9 pou\u017e\u00edvanie, \u010d\u00edm eliminuje potrebu zlo\u017eitej mont\u00e1\u017ee. Jednoducho ju vyberte z obalu, nasa\u010fte na penu zamatov\u00fd po\u0165ah a nechajte 2 \u2013 3 dni, aby sa pena vr\u00e1tila do spr\u00e1vneho tvaru. Tento u\u017e\u00edvate\u013esky pr\u00edvetiv\u00fd pr\u00edstup zais\u0165uje bezprobl\u00e9mov\u00fd z\u00e1\u017eitok a je pripraven\u00e1 na pou\u017eitie v akejko\u013evek miestnosti v\u00e1\u0161ho domova s minim\u00e1lnym \u00fasil\u00edm.<\/li>\n<\/ul>","protected":false},"featured_media":4856,"comment_status":"open","ping_status":"closed","template":"","meta":[],"product_brand":[],"product_cat":[228],"product_tag":[],"class_list":{"0":"post-4865","1":"product","2":"type-product","3":"status-publish","4":"has-post-thumbnail","6":"product_cat-cushions","8":"first","9":"outofstock","10":"shipping-taxable","11":"purchasable","12":"product-type-simple"},"_links":{"self":[{"href":"https:\/\/www.largepillow.com\/sk\/wp-json\/wp\/v2\/product\/4865","targetHints":{"allow":["GET"]}}],"collection":[{"href":"https:\/\/www.largepillow.com\/sk\/wp-json\/wp\/v2\/product"}],"about":[{"href":"https:\/\/www.largepillow.com\/sk\/wp-json\/wp\/v2\/types\/product"}],"replies":[{"embeddable":true,"href":"https:\/\/www.largepillow.com\/sk\/wp-json\/wp\/v2\/comments?post=4865"}],"wp:featuredmedia":[{"embeddable":true,"href":"https:\/\/www.largepillow.com\/sk\/wp-json\/wp\/v2\/media\/4856"}],"wp:attachment":[{"href":"https:\/\/www.largepillow.com\/sk\/wp-json\/wp\/v2\/media?parent=4865"}],"wp:term":[{"taxonomy":"product_brand","embeddable":true,"href":"https:\/\/www.largepillow.com\/sk\/wp-json\/wp\/v2\/product_brand?post=4865"},{"taxonomy":"product_cat","embeddable":true,"href":"https:\/\/www.largepillow.com\/sk\/wp-json\/wp\/v2\/product_cat?post=4865"},{"taxonomy":"product_tag","embeddable":true,"href":"https:\/\/www.largepillow.com\/sk\/wp-json\/wp\/v2\/product_tag?post=4865"}],"curies":[{"name":"wp","href":"https:\/\/api.w.org\/{rel}","templated":true}]}}