{"id":4881,"date":"2024-11-21T04:01:01","date_gmt":"2024-11-21T04:01:01","guid":{"rendered":"https:\/\/www.largepillow.com\/product\/versatile-fold-out-couch-chair-bed-for-home-outdoor"},"modified":"2024-12-13T02:58:30","modified_gmt":"2024-12-13T02:58:30","slug":"vsestranna-rozkladacia-pohovka-kreslo-postel-do-domacnosti-a-exterieru","status":"publish","type":"product","link":"https:\/\/www.largepillow.com\/sk\/product\/versatile-fold-out-couch-chair-bed-for-home-outdoor","title":{"rendered":"V\u0161estrann\u00e1 rozkladacia pohovka a kreslo-poste\u013e pre dom\u00e1cnos\u0165\/exteri\u00e9r"},"content":{"rendered":"[zc_getpagecontent mb=&#8221;mb_aplus&#8221; apid=&#8221;107&#8243;]\n","protected":false},"excerpt":{"rendered":"<ul>\n<li>Vysokokvalitn\u00e9 materi\u00e1ly: Na\u0161a rozkladacia pohovka je vyroben\u00e1 z po\u0165ahu z oxfordskej l\u00e1tky, ktor\u00e1 je odoln\u00e1, vodeodoln\u00e1 a \u013eahko sa \u010dist\u00ed. Polyesterov\u00e1 v\u00fdpl\u0148 v\u00e1m umo\u017en\u00ed za\u017ei\u0165 pocit ponorenia sa do sedadla a poskytuje vynikaj\u00facu oporu chrbta pri dlhodobom seden\u00ed alebo le\u017ean\u00ed, \u010d\u00edm zais\u0165uje pohodln\u00fd a relaxa\u010dn\u00fd z\u00e1\u017eitok.<\/li>\n<li>V\u0161estrann\u00fd a priestorovo \u00fasporn\u00fd dizajn: Na\u0161a skladacia pohovka sa bez n\u00e1mahy premen\u00ed na stojace pohovky, le\u017eadlo alebo rozkladaciu pohovku, \u010d\u00edm uspokoj\u00ed va\u0161e rozmanit\u00e9 potreby. \u013dahk\u00e9 a skladacie kreslo-poste\u013e umo\u017e\u0148uje jednoduch\u00e9 premiest\u0148ovanie, skladanie, \u00faschovu a prenosnos\u0165. Je ide\u00e1lnou vo\u013ebou pre mal\u00e9 byty, intern\u00e1ty alebo ak\u00fdko\u013evek obytn\u00fd priestor s obmedzen\u00fdm priestorom. Spojen\u00edm funkcie pohovky a matraca do jedn\u00e9ho kusu m\u00f4\u017eete maximalizova\u0165 svoj priestor bez kompromisov v oblasti pohodlia.<\/li>\n<li>Nastavite\u013en\u00e9 a bezpe\u010dn\u00e9 operadlo: Nastavite\u013en\u00e9 operadlo umo\u017e\u0148uje jednoduch\u00e9 nastavenie pod\u013ea va\u0161ich \u0161pecifick\u00fdch preferenci\u00ed. Umo\u017e\u0148uje v\u00e1m pohyb dopredu alebo dozadu pre podporu hornej \u010dasti chrbta a hlavy, \u010d\u00edm poskytuje pohodln\u00fa oporu, \u010di u\u017e le\u017e\u00edte na odpo\u010dinok alebo sed\u00edte na \u010d\u00edtanie. Podporuje zdrav\u00e9 dr\u017eanie tela a zni\u017euje nepohodlie.<\/li>\n<li>Pr\u00e9miov\u00e9 materi\u00e1ly a jednoduch\u00e1 in\u0161tal\u00e1cia: Vonkaj\u0161\u00ed po\u0165ah rozkladacej pohovky je vyroben\u00fd z oxfordskej l\u00e1tky, ktor\u00e1 zais\u0165uje dlhodob\u00e9 pohodln\u00e9 pou\u017e\u00edvanie. Po\u0165ah na zips sa d\u00e1 \u013eahko odstr\u00e1ni\u0165 a pra\u0165, \u010do zjednodu\u0161uje \u00fadr\u017ebu a o\u0161etrovanie.<\/li>\n<li>V\u00e1kuov\u00e9 kompresn\u00e9 balenie: Pre zaru\u010denie efekt\u00edvnej prepravy je na\u0161a rozkladacia pohovka v\u00e1kuovo balen\u00e1 a po otvoren\u00ed sa m\u00f4\u017ee mierne zdeformova\u0165. M\u00f4\u017eete sk\u00fasi\u0165 pohovku poklepa\u0165, aby r\u00fdchlo nadobudla svoj tvar. Uis\u0165ujeme v\u00e1s, \u017ee do 48 \u2013 72 hod\u00edn po rozbalen\u00ed rozkladacia pohovka z\u00edska sp\u00e4\u0165 svoj p\u00f4vodn\u00fd tvar a poskytne v\u00e1m ten najlep\u0161\u00ed z\u00e1\u017eitok.<\/li>\n<\/ul>","protected":false},"featured_media":4866,"comment_status":"open","ping_status":"closed","template":"","meta":[],"product_brand":[],"product_cat":[228],"product_tag":[],"class_list":{"0":"post-4881","1":"product","2":"type-product","3":"status-publish","4":"has-post-thumbnail","6":"product_cat-cushions","8":"first","9":"outofstock","10":"shipping-taxable","11":"purchasable","12":"product-type-simple"},"_links":{"self":[{"href":"https:\/\/www.largepillow.com\/sk\/wp-json\/wp\/v2\/product\/4881","targetHints":{"allow":["GET"]}}],"collection":[{"href":"https:\/\/www.largepillow.com\/sk\/wp-json\/wp\/v2\/product"}],"about":[{"href":"https:\/\/www.largepillow.com\/sk\/wp-json\/wp\/v2\/types\/product"}],"replies":[{"embeddable":true,"href":"https:\/\/www.largepillow.com\/sk\/wp-json\/wp\/v2\/comments?post=4881"}],"wp:featuredmedia":[{"embeddable":true,"href":"https:\/\/www.largepillow.com\/sk\/wp-json\/wp\/v2\/media\/4866"}],"wp:attachment":[{"href":"https:\/\/www.largepillow.com\/sk\/wp-json\/wp\/v2\/media?parent=4881"}],"wp:term":[{"taxonomy":"product_brand","embeddable":true,"href":"https:\/\/www.largepillow.com\/sk\/wp-json\/wp\/v2\/product_brand?post=4881"},{"taxonomy":"product_cat","embeddable":true,"href":"https:\/\/www.largepillow.com\/sk\/wp-json\/wp\/v2\/product_cat?post=4881"},{"taxonomy":"product_tag","embeddable":true,"href":"https:\/\/www.largepillow.com\/sk\/wp-json\/wp\/v2\/product_tag?post=4881"}],"curies":[{"name":"wp","href":"https:\/\/api.w.org\/{rel}","templated":true}]}}