{"id":512,"date":"2022-09-16T02:23:30","date_gmt":"2022-09-16T02:23:30","guid":{"rendered":"https:\/\/www.largepillow.com\/product\/large-bed-pillow"},"modified":"2025-11-05T02:15:31","modified_gmt":"2025-11-05T02:15:31","slug":"velky-klinovy-vankus-na-postel","status":"publish","type":"product","link":"https:\/\/www.largepillow.com\/sk\/product\/large-bed-wedge-pillow\/","title":{"rendered":"Ve\u013ek\u00fd klinov\u00fd vank\u00fa\u0161 na poste\u013e"},"content":{"rendered":"<p>Rie\u0161enie pre maxim\u00e1lne pohodlie: N\u00e1\u0161 ve\u013ek\u00fd klinov\u00fd vank\u00fa\u0161<\/p>\n<p>Doprajte si bezkonkuren\u010dn\u00e9 pohodlie s na\u0161\u00edm revolu\u010dn\u00fdm ve\u013ek\u00fdm klinov\u00fdm vank\u00fa\u0161om, ktor\u00fd je navrhnut\u00fd tak, aby poskytoval maxim\u00e1lnu oporu a relax\u00e1ciu pre ka\u017ed\u00fa va\u0161u potrebu. Jeho trojuholn\u00edkov\u00fd tvar sa dokonale prisp\u00f4sob\u00ed v\u00e1\u0161mu chrbtu a p\u00e1su, zmier\u0148uje tlak na bedrov\u00fa a chrbtov\u00fa oblas\u0165 a zais\u0165uje bla\u017een\u00fd no\u010dn\u00fd sp\u00e1nok alebo pr\u00edjemn\u00e9 \u010d\u00edtanie.<\/p>\n<p>V\u0161estrann\u00fd 3-v-1 vank\u00fa\u0161 pre maxim\u00e1lne pohodlie<\/p>\n<p>Tento v\u0161estrann\u00fd vank\u00fa\u0161 pon\u00faka nekone\u010dn\u00e9 mo\u017enosti: pou\u017eite ho vzpriamene ako oporu \u010dela postele pre pohodln\u00e9 sedenie v posteli, polo\u017ete ho vodorovne ako ve\u013ek\u00fd klinov\u00fd vank\u00fa\u0161 pre spanie na boku alebo na chrbte, alebo si zdvihnite nohy pomocou n\u00e1\u0161ho ergonomick\u00e9ho vank\u00fa\u0161a na nohy. \u010ci u\u017e ste v\u00e1\u0161niv\u00fd \u010ditate\u013e, no\u010dn\u00e1 sova alebo si jednoducho u\u017e\u00edvate relax v posteli, tento vank\u00fa\u0161 je dokonal\u00fdm spolo\u010dn\u00edkom.<\/p>\n<p>V\u00fdnimo\u010dn\u00e9 remeseln\u00e9 spracovanie pre bezkonkuren\u010dn\u00e9 pohodlie<\/p>\n<p>Na\u0161a ultra m\u00e4kk\u00e1 a ply\u0161ov\u00e1 oblie\u010dka na vank\u00fa\u0161 je vyroben\u00e1 z polyesterov\u00e9ho zamatu 100%, ktor\u00fd jej dod\u00e1va elegantn\u00fd a pr\u00edjemn\u00fd vzh\u013ead. V\u00fdpl\u0148 z polyesterov\u00fdch vl\u00e1kien s vysokou hustotou zais\u0165uje optim\u00e1lnu oporu a zabra\u0148uje preh\u00fdbaniu, v\u010faka \u010domu je tento vank\u00fa\u0161 dlhodobou invest\u00edciou do v\u00e1\u0161ho pohodlia. Navy\u0161e, praktick\u00e9 bo\u010dn\u00e9 vreck\u00e1 v\u00e1m umo\u017enia \u013eahko dosiahnu\u0165 va\u0161u knihu alebo telef\u00f3n.<\/p>\n<p>Jednoduch\u00e1 \u00fadr\u017eba pre dlhotrvaj\u00facu svie\u017eos\u0165<\/p>\n<p>\u00dadr\u017eba vank\u00fa\u0161a nem\u00f4\u017ee by\u0165 jednoduch\u0161ia. Odn\u00edmate\u013en\u00e1 oblie\u010dka na vank\u00fa\u0161 m\u00e1 jednoduch\u00e9 zap\u00ednanie na zips a gomb\u00edky, tak\u017ee ju m\u00f4\u017eete bez n\u00e1mahy pra\u0165 v pr\u00e1\u010dke a zachova\u0165 si tak jej bezchybn\u00fd vzh\u013ead.<\/p>\n<p>Referencie z\u00e1kazn\u00edkov hovoria za v\u0161etko<\/p>\n<p>\u201eTento vank\u00fa\u0161 je prevratn\u00fd! Poskytuje \u00fa\u017easn\u00fa oporu pre m\u00f4j kr\u00ed\u017e a \u010d\u00edtanie v posteli je ove\u013ea pr\u00edjemnej\u0161ie.\u201c \u2013 Spokojn\u00fd z\u00e1kazn\u00edk<\/p>\n<p>\u201eP\u00e1\u010di sa mi, \u017ee ho m\u00f4\u017eem pou\u017e\u00edva\u0165 r\u00f4znymi sp\u00f4sobmi. Je perfektn\u00fd ako vank\u00fa\u0161 pod \u010delo postele alebo ako podpera na nohy. Ve\u013emi odpor\u00fa\u010dam!\u201c \u2013 Nad\u0161en\u00e1 pou\u017e\u00edvate\u013eka<\/p>\n<p>Dostupn\u00e9 v \u0161irokej \u0161k\u00e1le ve\u013ekost\u00ed, aby vyhovovali va\u0161im potreb\u00e1m<\/p>\n<p>Vyberte si z na\u0161ej \u0161irokej ponuky ve\u013ekost\u00ed a n\u00e1jdite t\u00fa, ktor\u00e1 sa perfektne hod\u00ed k va\u0161ej posteli alebo pohovke:<\/p>\n<p>* 45 cm (D45 x \u016020 x V50 | 0 gomb\u00edkov)<br \/>\n* 60 cm (D60 x \u016020 x V50 | 0 gomb\u00edkov)<br \/>\n* 80 cm (D80 x \u016020 x V50 | 2 gomb\u00edky)<br \/>\n* 100 cm (D 100 x \u0160 20 x V 50 | 3 gomb\u00edky)<br \/>\n* 120 cm (D 120 x \u0160 20 x V 50 | 4 gomb\u00edky)<br \/>\n* 140 cm (D 140 x \u0160 20 x V 50 | 4 gomb\u00edky)<br \/>\n* 160 cm (D 160 x \u0160 20 x V 50 | 5 gomb\u00edkov)<br \/>\n* 180 cm (D 180 x \u0160 20 x V 50 | 6 gomb\u00edkov)<br \/>\n* 200 cm (D200 x \u016020 x V50 | 7 gomb\u00edkov)<\/p>\n<p>Pozdvihnite svoje pohodlie na vy\u0161\u0161iu \u00farove\u0148 s na\u0161\u00edm ve\u013ek\u00fdm vank\u00fa\u0161om do postele e\u0161te dnes!<\/p>","protected":false},"excerpt":{"rendered":"<ul>\n<li><strong>Maxim\u00e1lne pohodlie:<\/strong> Tento vank\u00fa\u0161 na \u010delo postele pon\u00faka vynikaj\u00face pohodlie v\u010faka svojmu trojuholn\u00edkov\u00e9mu tvaru. Oporn\u00fd vank\u00fa\u0161 na poste\u013e pekne prilieha k chrbtu a p\u00e1su, \u010d\u00edm minimalizuje tlak na bedrov\u00fa chrbticu\/chrb\u00e1t. Tento klinov\u00fd vank\u00fa\u0161 na \u010d\u00edtanie v\u00e1m pom\u00f4\u017ee udr\u017ea\u0165 si pohodlie v posteli alebo na pohovke, \u010do je ide\u00e1lne pre pracuj\u00facich no\u010dn\u00fdch sov, knihomo\u013eov a pozeranie telev\u00edzie v posteli. Tento extra ve\u013ek\u00fd vank\u00fa\u0161 na l\u00f4\u017eko je jedin\u00fd klinov\u00fd vank\u00fa\u0161 na \u010delo postele, ktor\u00fd pojme dve osoby.<\/li>\n<li><strong>3 v 1 ve\u013ek\u00fd vank\u00fa\u0161 na podhlavn\u00edk:<\/strong> Vank\u00fa\u0161 m\u00f4\u017eete pou\u017ei\u0165 vzpriamene ako vank\u00fa\u0161 na oporu chrbta pri seden\u00ed v posteli alebo ho polo\u017ei\u0165 naplocho na poste\u013e a pou\u017ei\u0165 ho ako ve\u013ek\u00fd klinov\u00fd vank\u00fa\u0161 pri span\u00ed na chrbte alebo na boku, alebo ako vank\u00fa\u0161 na nohy, ktor\u00fd v\u00e1m umo\u017en\u00ed zdvihn\u00fa\u0165 nohy. Ak chcete ve\u013ek\u00fd vank\u00fa\u0161 na \u010delo postele, ktor\u00fd poskytne oporu v\u00e1m aj v\u00e1\u0161mu partnerovi\/partnerke, je to vynikaj\u00faca alternat\u00edva.<\/li>\n<li><strong>Multifunk\u010dn\u00fd dizajn:<\/strong> Niektor\u00ed \u013eudia pou\u017e\u00edvaj\u00fa ve\u013ek\u00fd trojuholn\u00edkov\u00fd vank\u00fa\u0161 ako vank\u00fa\u0161 na \u010delo postele, zatia\u013e \u010do in\u00ed ho pou\u017e\u00edvaj\u00fa ako vank\u00fa\u0161 na ochranu chrbta, m\u00f4\u017ee tie\u017e sl\u00fa\u017ei\u0165 ako vank\u00fa\u0161 na podporu operadla pohovky alebo dennej postele. Je \u0161t\u00fdlov\u00fd aj funk\u010dn\u00fd, v\u010faka \u010domu je vynikaj\u00facim doplnkom do ka\u017edej sp\u00e1lne.<\/li>\n<li><strong>Vynikaj\u00face remeseln\u00e9 spracovanie:<\/strong> Na\u0161a oblie\u010dka na vank\u00fa\u0161 je vyroben\u00e1 z polyesterov\u00e9ho zamatu 100%, ktor\u00fd je m\u00e4kk\u00fd, elegantn\u00fd a pr\u00edjemn\u00fd na dotyk. V\u00fdpl\u0148 je vyroben\u00e1 z vysokohustotn\u00fdch, kvalitn\u00fdch polyesterov\u00fdch vl\u00e1kien, ktor\u00e9 zabra\u0148uj\u00fa preh\u00fdbaniu sa ani po mesiacoch pou\u017e\u00edvania. Navy\u0161e m\u00e1 bo\u010dn\u00e9 vreck\u00e1 na knihu alebo telef\u00f3n.<\/li>\n<li><strong>\u013dahko sa \u010dist\u00ed:<\/strong> Po\u0165ah na \u010ditate\u013esk\u00fd vank\u00fa\u0161 je pripevnen\u00fd k vank\u00fa\u0161u pomocou gomb\u00edkov a d\u00e1 sa \u013eahko zlo\u017ei\u0165 jednoduch\u00fdm zipsom. V\u010faka tomu je jeho \u010distenie bezprobl\u00e9mov\u00e9. Sta\u010d\u00ed po\u0165ah zlo\u017ei\u0165 a r\u00fdchlo vypra\u0165 v pr\u00e1\u010dke, aby v\u00e1\u0161 vank\u00fa\u0161 vyzeral ako nov\u00fd.<\/li>\n<li><strong>Ve\u013ekos\u0165:<\/strong> 45 cm (D45 x \u016020 x V50 | 0 gomb\u00edkov), 60 cm (D60 x \u016020 x V50 | 0 gomb\u00edkov), 80 cm (D80 x \u016020 x V50 | 2 gomb\u00edky), 100 cm (D100 x \u016020 x V50 | 3 gomb\u00edky), 120 cm (D120 x \u016020 x V50 | 4 gomb\u00edky), 140 cm (D140 x \u016020 x V50 | 4 gomb\u00edky), 160 cm (D160 x \u016020 x V50 | 5 gomb\u00edkov), 180 cm (D180 x \u016020 x V50 | 6 gomb\u00edkov), 200 cm (D200 x \u016020 x V50 | 7 gomb\u00edkov).<\/li>\n<\/ul>","protected":false},"featured_media":498,"comment_status":"open","ping_status":"closed","template":"","meta":[],"product_brand":[],"product_cat":[15],"product_tag":[205,204,206,207,168,203,132,199,163,68],"class_list":{"0":"post-512","1":"product","2":"type-product","3":"status-publish","4":"has-post-thumbnail","6":"product_cat-large-wedge-pillow","7":"product_tag-back-support-headboard-pillow","8":"product_tag-bed-support-cushion","9":"product_tag-bumper-pillow","10":"product_tag-daybed-backrest-bolster-pillow","11":"product_tag-headboard-pillow","12":"product_tag-large-bed-wedge-pillow","13":"product_tag-large-bolster-pillow","14":"product_tag-large-wedge-pillow","15":"product_tag-leg-pillow","16":"product_tag-wedge-reading-pillow","18":"first","19":"instock","20":"shipping-taxable","21":"purchasable","22":"product-type-variable"},"_links":{"self":[{"href":"https:\/\/www.largepillow.com\/sk\/wp-json\/wp\/v2\/product\/512","targetHints":{"allow":["GET"]}}],"collection":[{"href":"https:\/\/www.largepillow.com\/sk\/wp-json\/wp\/v2\/product"}],"about":[{"href":"https:\/\/www.largepillow.com\/sk\/wp-json\/wp\/v2\/types\/product"}],"replies":[{"embeddable":true,"href":"https:\/\/www.largepillow.com\/sk\/wp-json\/wp\/v2\/comments?post=512"}],"wp:featuredmedia":[{"embeddable":true,"href":"https:\/\/www.largepillow.com\/sk\/wp-json\/wp\/v2\/media\/498"}],"wp:attachment":[{"href":"https:\/\/www.largepillow.com\/sk\/wp-json\/wp\/v2\/media?parent=512"}],"wp:term":[{"taxonomy":"product_brand","embeddable":true,"href":"https:\/\/www.largepillow.com\/sk\/wp-json\/wp\/v2\/product_brand?post=512"},{"taxonomy":"product_cat","embeddable":true,"href":"https:\/\/www.largepillow.com\/sk\/wp-json\/wp\/v2\/product_cat?post=512"},{"taxonomy":"product_tag","embeddable":true,"href":"https:\/\/www.largepillow.com\/sk\/wp-json\/wp\/v2\/product_tag?post=512"}],"curies":[{"name":"pracovn\u00fd list","href":"https:\/\/api.w.org\/{rel}","templated":true}]}}