{"id":5256,"date":"2024-12-13T02:33:45","date_gmt":"2024-12-13T02:33:45","guid":{"rendered":"https:\/\/www.largepillow.com\/product\/seashell-shaped-headboard-cushion-for-bedroom-decor"},"modified":"2026-02-02T11:06:14","modified_gmt":"2026-02-02T11:06:14","slug":"vankus-na-celo-postele-v-tvare-musle-do-spalne","status":"publish","type":"product","link":"https:\/\/www.largepillow.com\/sk\/product\/seashell-shaped-headboard-cushion-for-bedroom-decor","title":{"rendered":"Vank\u00fa\u0161 v tvare mu\u0161le na \u010delo postele do sp\u00e1lne"},"content":{"rendered":"[zc_getpagecontent mb=&#8221;mb_aplus&#8221; apid=&#8221;110&#8243;]\n","protected":false},"excerpt":{"rendered":"<ul>\n<li>Roztomil\u00e9 plnen\u00e9 \u010delo postele \u2013 Na\u0161e \u010delo postele v tvare mu\u0161le pon\u00faka nielen pohodln\u00e9 opieranie sa, ale dod\u00e1 va\u0161ej intern\u00e1tnej izbe aj n\u00e1dych oce\u00e1nskeho \u0161armu. Toto \u010delo postele je vyplnen\u00e9 bavlnou z polypropyl\u00e9nu s vysokou hustotou a zais\u0165uje m\u00e4kkos\u0165 a oporu, \u010d\u00edm poskytuje pohodlie podobn\u00e9 pohladeniu oce\u00e1nskych v\u013an pri \u010d\u00edtan\u00ed alebo relax\u00e1cii.<\/li>\n<li>Pr\u00e9miov\u00fd materi\u00e1l \u2013 Zabalen\u00fd v luxusnej zamatovej l\u00e1tke, ktor\u00e1 pon\u00faka luxusn\u00fd dotyk a tepl\u00e9 objatie. M\u00e4kkos\u0165 a pohodlie zamatu z neho robia ide\u00e1lny materi\u00e1l na ply\u0161ov\u00e9 \u010delo postele, ktor\u00e9 v\u00e1\u0161mu bytu dod\u00e1 \u00fatuln\u00fa a pr\u00edjemn\u00fa atmosf\u00e9ru.<\/li>\n<li>Dizajn v tvare mu\u0161le \u2013 In\u0161pirovan\u00fd eleganciou mu\u0161l\u00ed, n\u00e1\u0161 dekorat\u00edvny \u010delo postele prin\u00e1\u0161a do v\u00e1\u0161ho obytn\u00e9ho priestoru uvo\u013enen\u00fa a radostn\u00fa atmosf\u00e9ru svojimi p\u00f4vabn\u00fdmi krivkami a pr\u00edrodn\u00fdmi farbami. Dizajn mu\u0161le je nielen esteticky pr\u00edjemn\u00fd, ale aj praktick\u00fd, umo\u017e\u0148uje individu\u00e1lne pou\u017eitie alebo kombin\u00e1ciu s identick\u00fdmi kusmi a vytv\u00e1ra tak kompletn\u00fa kruhov\u00fa hraciu podlo\u017eku, ktor\u00e1 poskytuje bezpe\u010dn\u00fd priestor na hranie pre deti.<\/li>\n<li>Vank\u00fa\u0161 na stoli\u010dku Papasan \u2013 Na\u0161e \u010delo postele s mot\u00edvom mu\u0161le sa d\u00e1 pou\u017ei\u0165 aj ako vank\u00fa\u0161 na stoli\u010dku Papasan. Jednoducho ho umiestnite do stoli\u010dky pre v\u00e4\u010d\u0161ie pohodlie a oporu. T\u00e1to multifunk\u010dnos\u0165 rob\u00ed z n\u00e1\u0161ho \u010dela postele nielen dekor\u00e1ciu sp\u00e1lne, ale aj \u00fatuln\u00e9ho spolo\u010dn\u00edka do va\u0161ej ob\u00fdva\u010dky, ktor\u00fd v\u00e1m umo\u017en\u00ed relaxova\u0165 v ktoromko\u013evek k\u00fate v\u00e1\u0161ho domova.<\/li>\n<li>\u00da\u010del dar\u010deka \u2013 Toto \u010delo postele pre kr\u00e1\u013eovsk\u00fa poste\u013e je ide\u00e1lnym dar\u010dekom pre bl\u00edzkych a priate\u013eov, nielen praktick\u00fdm doplnkom do dom\u00e1cnosti, ale aj dekorat\u00edvnym umeleck\u00fdm dielom, ktor\u00e9 vyjadruje va\u0161e \u00faprimn\u00e9 pocity. \u010ci u\u017e ako dar\u010dek k narodenin\u00e1m, sviatkom alebo dar\u010dekom na kolaud\u00e1ciu, toto \u010delo postele umo\u017en\u00ed va\u0161im priate\u013eom a rodine poc\u00edti\u0165 va\u0161u starostlivos\u0165 a teplo.<\/li>\n<\/ul>","protected":false},"featured_media":5243,"comment_status":"open","ping_status":"closed","template":"","meta":[],"product_brand":[],"product_cat":[228],"product_tag":[],"class_list":{"0":"post-5256","1":"product","2":"type-product","3":"status-publish","4":"has-post-thumbnail","6":"product_cat-cushions","8":"first","9":"instock","10":"sale","11":"shipping-taxable","12":"purchasable","13":"product-type-variable"},"_links":{"self":[{"href":"https:\/\/www.largepillow.com\/sk\/wp-json\/wp\/v2\/product\/5256","targetHints":{"allow":["GET"]}}],"collection":[{"href":"https:\/\/www.largepillow.com\/sk\/wp-json\/wp\/v2\/product"}],"about":[{"href":"https:\/\/www.largepillow.com\/sk\/wp-json\/wp\/v2\/types\/product"}],"replies":[{"embeddable":true,"href":"https:\/\/www.largepillow.com\/sk\/wp-json\/wp\/v2\/comments?post=5256"}],"wp:featuredmedia":[{"embeddable":true,"href":"https:\/\/www.largepillow.com\/sk\/wp-json\/wp\/v2\/media\/5243"}],"wp:attachment":[{"href":"https:\/\/www.largepillow.com\/sk\/wp-json\/wp\/v2\/media?parent=5256"}],"wp:term":[{"taxonomy":"product_brand","embeddable":true,"href":"https:\/\/www.largepillow.com\/sk\/wp-json\/wp\/v2\/product_brand?post=5256"},{"taxonomy":"product_cat","embeddable":true,"href":"https:\/\/www.largepillow.com\/sk\/wp-json\/wp\/v2\/product_cat?post=5256"},{"taxonomy":"product_tag","embeddable":true,"href":"https:\/\/www.largepillow.com\/sk\/wp-json\/wp\/v2\/product_tag?post=5256"}],"curies":[{"name":"wp","href":"https:\/\/api.w.org\/{rel}","templated":true}]}}