{"id":538,"date":"2022-09-16T02:24:42","date_gmt":"2022-09-16T02:24:42","guid":{"rendered":"https:\/\/www.largepillow.com\/product\/large-bolster-pillow"},"modified":"2025-11-05T02:15:31","modified_gmt":"2025-11-05T02:15:31","slug":"velky-klinovy-vankus-2","status":"publish","type":"product","link":"https:\/\/www.largepillow.com\/sk\/product\/large-wedge-bolster-pillow","title":{"rendered":"Ve\u013ek\u00fd klinov\u00fd vank\u00fa\u0161"},"content":{"rendered":"<p>Doprajte si pohodlie s dokonal\u00fdm ve\u013ek\u00fdm klinov\u00fdm vank\u00fa\u0161om<\/p>\n<p>H\u013ead\u00e1te vank\u00fa\u0161 na \u010delo postele, ktor\u00fd poskytuje v\u00fdnimo\u010dn\u00e9 pohodlie a oporu? Neh\u013eadajte ni\u010d in\u00e9 ako ve\u013ek\u00fd klinov\u00fd vank\u00fa\u0161. Tento v\u0161estrann\u00fd vank\u00fa\u0161 pon\u00faka mno\u017estvo v\u00fdhod, v\u010faka ktor\u00fdm bude v\u00e1\u0161 \u010das v posteli alebo na pohovke skuto\u010dn\u00fdm pote\u0161en\u00edm.<\/p>\n<p>Maxim\u00e1lne pohodlie a podpora<\/p>\n<p>Trojuholn\u00edkov\u00fd tvar vank\u00fa\u0161a Large Wedge Bolster dokonale kop\u00edruje kont\u00fary v\u00e1\u0161ho chrbta a p\u00e1sa, \u010d\u00edm minimalizuje tlak na bedrov\u00fa chrbticu a chrb\u00e1t. \u010ci u\u017e \u010d\u00edtate knihu, pracujete dlho do noci alebo pozer\u00e1te telev\u00edziu, tento vank\u00fa\u0161 v\u00e1m zabezpe\u010d\u00ed pohodlie a uvo\u013enenie od nap\u00e4tia. Je tie\u017e dostato\u010dne ve\u013ek\u00fd pre dve osoby, v\u010faka \u010domu je ide\u00e1lnou vo\u013ebou pre p\u00e1ry.<\/p>\n<p>V\u0161estrannos\u0165 3 v 1<\/p>\n<p>Ve\u013ek\u00fd klinov\u00fd vank\u00fa\u0161 nie je len vank\u00fa\u0161 na \u010delo postele. Je to tie\u017e v\u0161estrann\u00fd doplnok, ktor\u00fd sa d\u00e1 pou\u017ei\u0165 ako klinov\u00fd vank\u00fa\u0161 na spanie, vank\u00fa\u0161 na nohy pre vyv\u00fd\u0161en\u00fa polohu alebo dokonca ako matra\u010dn\u00fd vank\u00fa\u0161 pre v\u00e4\u010d\u0161ie pohodlie. Mo\u017enosti s\u00fa nekone\u010dn\u00e9!<\/p>\n<p>Vynikaj\u00face remeseln\u00e9 spracovanie a dizajn<\/p>\n<p>Ve\u013ek\u00fd klinov\u00fd vank\u00fa\u0161 je vyroben\u00fd s d\u00f4razom na detail a je vyroben\u00fd z vysoko kvalitn\u00fdch materi\u00e1lov. M\u00e4kk\u00fd, elegantn\u00fd zamatov\u00fd po\u0165ah je pr\u00edjemn\u00fd na dotyk, zatia\u013e \u010do v\u00fdpl\u0148 z polyesterov\u00fdch vl\u00e1kien s vysokou hustotou poskytuje v\u00fdnimo\u010dn\u00fa oporu, ktor\u00e1 sa \u010dasom neochabuje. Bo\u010dn\u00e9 vreck\u00e1 navy\u0161e pon\u00fakaj\u00fa praktick\u00e9 \u00falo\u017en\u00e9 miesto na knihu alebo telef\u00f3n.<\/p>\n<p>Jednoduch\u00e1 \u00fadr\u017eba<\/p>\n<p>\u00dadr\u017eba ve\u013ek\u00e9ho klinov\u00e9ho vank\u00fa\u0161a je hra\u010dka. Oblie\u010dka na vank\u00fa\u0161 je sn\u00edmate\u013en\u00e1 pomocou gomb\u00edkov a m\u00e1 skryt\u00fd zips pre jednoduch\u00e9 \u010distenie. Pre r\u00fdchle osvie\u017eenie jednoducho zlo\u017ete po\u0165ah a vho\u010fte ho do pr\u00e1\u010dky.<\/p>\n<p>Referencie z\u00e1kazn\u00edkov<\/p>\n<p>\u201cTento vank\u00fa\u0161 je prevratn\u00fd! V\u017edy som mala probl\u00e9m n\u00e1js\u0165 vank\u00fa\u0161 na \u010delo postele, ktor\u00fd by poskytoval spr\u00e1vnu oporu, ale tento je perfektn\u00fd. Je tak\u00fd pohodln\u00fd a naozaj mi pomohol zlep\u0161i\u0165 dr\u017eanie tela.\u201d \u2013 Karen, spokojn\u00e1 z\u00e1kazn\u00ed\u010dka<\/p>\n<p>\u201cMilujem v\u0161estrannos\u0165 tohto vank\u00fa\u0161a. Je to skvel\u00fd vank\u00fa\u0161 na \u010delo postele, ale pou\u017e\u00edvam ho aj ako klinov\u00fd vank\u00fa\u0161, ke\u010f sp\u00edm, a ako vank\u00fa\u0161 na nohy, ke\u010f relaxujem. Kvalita je \u00fa\u017easn\u00e1 a aj po mesiacoch pou\u017e\u00edvania vydr\u017eal dobre.\u201d \u2013 Sarah, \u010fal\u0161ia spokojn\u00e1 z\u00e1kazn\u00ed\u010dka<\/p>\n<p>Z\u00e1ver<\/p>\n<p>Ve\u013ek\u00fd klinov\u00fd vank\u00fa\u0161 je perfektnou vo\u013ebou pre ka\u017ed\u00e9ho, kto h\u013ead\u00e1 pohodln\u00fd, podporn\u00fd a v\u0161estrann\u00fd vank\u00fa\u0161. V\u010faka vynikaj\u00facemu spracovaniu, funk\u010dnosti 3 v 1 a jednoduchej \u00fadr\u017ebe je to invest\u00edcia, ktor\u00e1 v\u00e1m spr\u00edjemn\u00ed relax na dlh\u00e9 roky. Objednajte si svoj e\u0161te dnes a za\u017eite maxim\u00e1lne pohodlie a oporu!<\/p>","protected":false},"excerpt":{"rendered":"<ul>\n<li><strong>Maxim\u00e1lne pohodlie:<\/strong> Tento vank\u00fa\u0161 na \u010delo postele pon\u00faka vynikaj\u00face pohodlie v\u010faka svojmu trojuholn\u00edkov\u00e9mu tvaru. Oporn\u00fd vank\u00fa\u0161 na poste\u013e pekne prilieha k chrbtu a p\u00e1su, \u010d\u00edm minimalizuje tlak na bedrov\u00fa chrbticu\/chrb\u00e1t. Tento klinov\u00fd vank\u00fa\u0161 na \u010d\u00edtanie v\u00e1m pom\u00f4\u017ee udr\u017ea\u0165 si pohodlie v posteli alebo na pohovke, \u010do je ide\u00e1lne pre pracuj\u00facich no\u010dn\u00fdch sov, knihomo\u013eov a pozeranie telev\u00edzie v posteli. Tento extra ve\u013ek\u00fd vank\u00fa\u0161 na l\u00f4\u017eko je jedin\u00fd klinov\u00fd vank\u00fa\u0161 na \u010delo postele, ktor\u00fd pojme dve osoby.<\/li>\n<li><strong>3 v 1 ve\u013ek\u00fd vank\u00fa\u0161 na podhlavn\u00edk:<\/strong> Vank\u00fa\u0161 m\u00f4\u017eete pou\u017ei\u0165 vzpriamene ako vank\u00fa\u0161 na oporu chrbta pri seden\u00ed v posteli alebo ho polo\u017ei\u0165 naplocho na poste\u013e a pou\u017ei\u0165 ho ako ve\u013ek\u00fd klinov\u00fd vank\u00fa\u0161 pri span\u00ed na chrbte alebo na boku, alebo ako vank\u00fa\u0161 na nohy, ktor\u00fd v\u00e1m umo\u017en\u00ed zdvihn\u00fa\u0165 nohy. Ak chcete ve\u013ek\u00fd vank\u00fa\u0161 na \u010delo postele, ktor\u00fd poskytne oporu v\u00e1m aj v\u00e1\u0161mu partnerovi\/partnerke, je to vynikaj\u00faca alternat\u00edva.<\/li>\n<li><strong>Multifunk\u010dn\u00fd dizajn:<\/strong> Niektor\u00ed \u013eudia pou\u017e\u00edvaj\u00fa ve\u013ek\u00fd trojuholn\u00edkov\u00fd vank\u00fa\u0161 ako vank\u00fa\u0161 na \u010delo postele, zatia\u013e \u010do in\u00ed ho pou\u017e\u00edvaj\u00fa ako vank\u00fa\u0161 na ochranu chrbta, m\u00f4\u017ee tie\u017e sl\u00fa\u017ei\u0165 ako vank\u00fa\u0161 na podporu operadla pohovky alebo dennej postele. Je \u0161t\u00fdlov\u00fd aj funk\u010dn\u00fd, v\u010faka \u010domu je vynikaj\u00facim doplnkom do ka\u017edej sp\u00e1lne.<\/li>\n<li><strong>Vynikaj\u00face remeseln\u00e9 spracovanie:<\/strong> Na\u0161a oblie\u010dka na vank\u00fa\u0161 je vyroben\u00e1 z polyesterov\u00e9ho zamatu 100%, ktor\u00fd je m\u00e4kk\u00fd, elegantn\u00fd a pr\u00edjemn\u00fd na dotyk. V\u00fdpl\u0148 je vyroben\u00e1 z vysokohustotn\u00fdch, kvalitn\u00fdch polyesterov\u00fdch vl\u00e1kien, ktor\u00e9 zabra\u0148uj\u00fa preh\u00fdbaniu sa ani po mesiacoch pou\u017e\u00edvania. Navy\u0161e m\u00e1 bo\u010dn\u00e9 vreck\u00e1 na knihu alebo telef\u00f3n.<\/li>\n<li><strong>\u013dahko sa \u010dist\u00ed:<\/strong> Po\u0165ah na \u010ditate\u013esk\u00fd vank\u00fa\u0161 je pripevnen\u00fd k vank\u00fa\u0161u pomocou gomb\u00edkov a d\u00e1 sa \u013eahko zlo\u017ei\u0165 jednoduch\u00fdm zipsom. V\u010faka tomu je jeho \u010distenie bezprobl\u00e9mov\u00e9. Sta\u010d\u00ed po\u0165ah zlo\u017ei\u0165 a r\u00fdchlo vypra\u0165 v pr\u00e1\u010dke, aby v\u00e1\u0161 vank\u00fa\u0161 vyzeral ako nov\u00fd.<\/li>\n<li><strong>Ve\u013ekos\u0165:<\/strong> 45 cm (D45 x \u016020 x V50 | 0 gomb\u00edkov), 60 cm (D60 x \u016020 x V50 | 0 gomb\u00edkov), 80 cm (D80 x \u016020 x V50 | 2 gomb\u00edky), 100 cm (D100 x \u016020 x V50 | 3 gomb\u00edky), 120 cm (D120 x \u016020 x V50 | 4 gomb\u00edky), 140 cm (D140 x \u016020 x V50 | 4 gomb\u00edky), 160 cm (D160 x \u016020 x V50 | 5 gomb\u00edkov), 180 cm (D180 x \u016020 x V50 | 6 gomb\u00edkov), 200 cm (D200 x \u016020 x V50 | 7 gomb\u00edkov).<\/li>\n<\/ul>","protected":false},"featured_media":522,"comment_status":"open","ping_status":"closed","template":"","meta":[],"product_brand":[],"product_cat":[15],"product_tag":[66,70,102,75,168,202,163,112,143,59],"class_list":{"0":"post-538","1":"product","2":"type-product","3":"status-publish","4":"has-post-thumbnail","6":"product_cat-large-wedge-pillow","7":"product_tag-back-support-pillow","8":"product_tag-bed-wedge-pillow","9":"product_tag-couch-pillow","10":"product_tag-daybed-pillow","11":"product_tag-headboard-pillow","12":"product_tag-large-wedge-bolster-pillow","13":"product_tag-leg-pillow","14":"product_tag-lumbar-support-pillow","15":"product_tag-multifunctional-pillow","16":"product_tag-reading-pillow","18":"first","19":"instock","20":"featured","21":"shipping-taxable","22":"purchasable","23":"product-type-variable"},"_links":{"self":[{"href":"https:\/\/www.largepillow.com\/sk\/wp-json\/wp\/v2\/product\/538","targetHints":{"allow":["GET"]}}],"collection":[{"href":"https:\/\/www.largepillow.com\/sk\/wp-json\/wp\/v2\/product"}],"about":[{"href":"https:\/\/www.largepillow.com\/sk\/wp-json\/wp\/v2\/types\/product"}],"replies":[{"embeddable":true,"href":"https:\/\/www.largepillow.com\/sk\/wp-json\/wp\/v2\/comments?post=538"}],"wp:featuredmedia":[{"embeddable":true,"href":"https:\/\/www.largepillow.com\/sk\/wp-json\/wp\/v2\/media\/522"}],"wp:attachment":[{"href":"https:\/\/www.largepillow.com\/sk\/wp-json\/wp\/v2\/media?parent=538"}],"wp:term":[{"taxonomy":"product_brand","embeddable":true,"href":"https:\/\/www.largepillow.com\/sk\/wp-json\/wp\/v2\/product_brand?post=538"},{"taxonomy":"product_cat","embeddable":true,"href":"https:\/\/www.largepillow.com\/sk\/wp-json\/wp\/v2\/product_cat?post=538"},{"taxonomy":"product_tag","embeddable":true,"href":"https:\/\/www.largepillow.com\/sk\/wp-json\/wp\/v2\/product_tag?post=538"}],"curies":[{"name":"wp","href":"https:\/\/api.w.org\/{rel}","templated":true}]}}