{"id":5500,"date":"2025-01-02T04:13:22","date_gmt":"2025-01-02T04:13:22","guid":{"rendered":"https:\/\/www.largepillow.com\/product\/giant-teddy-bear-large-stuffed-animal-toys-big-teddy-bear"},"modified":"2025-02-05T00:54:19","modified_gmt":"2025-02-05T00:54:19","slug":"obrovsky-plysovy-medvedik-velke-plysove-hracky-velky-plysovy-medvedik","status":"publish","type":"product","link":"https:\/\/www.largepillow.com\/sk\/product\/giant-teddy-bear-large-stuffed-animal-toys-big-teddy-bear","title":{"rendered":"Obrovsk\u00fd ply\u0161ov\u00fd medved\u00edk Ve\u013ek\u00e9 ply\u0161ov\u00e9 hra\u010dky Ve\u013ek\u00fd ply\u0161ov\u00fd medved\u00edk"},"content":{"rendered":"[zc_getpagecontent mb=&#8221;mb_aplus&#8221; apid=&#8221;15&#8243;]\n","protected":false},"excerpt":{"rendered":"<ul>\n<li>Na\u0161e ply\u0161ov\u00e9 medved\u00edky s\u00fa plnej ve\u013ekosti a dostato\u010dne naplnen\u00e9, tak\u017ee si m\u00f4\u017eeme by\u0165 ist\u00ed, \u017ee polo\u017eka, ktor\u00fa dostanete, je rovnak\u00e1 ako na obr\u00e1zkoch; N\u00e1\u0161 vysoko kvalitn\u00fd ply\u0161ov\u00fd medved\u00edk je ide\u00e1lnym dar\u010dekom pre bl\u00edzkych a je ve\u013emi ob\u013e\u00faben\u00fd ako dar\u010dek na sviatky, ako s\u00fa Vianoce a Valent\u00edn.<\/li>\n<li>Obrovsk\u00fd ply\u0161ov\u00fd medved\u00edk z ultra m\u00e4kk\u00e9ho ply\u0161ov\u00e9ho materi\u00e1lu, ve\u013emi nad\u00fdchan\u00fd, klzk\u00fd na dotyk, v\u010faka \u010domu je super prisp\u00f4sobiv\u00fd na objatie a t\u00falenie.<\/li>\n<li>Obrovsk\u00fd ply\u0161ov\u00fd medved\u00edk s ve\u013ekos\u0165ou 183 cm (6 st\u00f4p 72 palcov) je navrhnut\u00fd s detsk\u00fdm bezpe\u010dnostn\u00fdm zipsom na zadnej strane, v\u010faka \u010domu je bezpe\u010dn\u00fd a \u013eahko sa um\u00fdva.<\/li>\n<li>Tento ve\u013ek\u00fd ply\u0161ov\u00fd medved\u00edk je stla\u010den\u00fd do balenia men\u0161ieho, ako je jeho skuto\u010dn\u00e1 ve\u013ekos\u0165, a po odstr\u00e1nen\u00ed baliaceho vrecka sa r\u00fdchlo roztiahne na v\u00fd\u0161ku 1,8 metra.<\/li>\n<li>Dokonal\u00fd ply\u0161ov\u00fd medved\u00edk na objatie a maznanie. Tento roztomil\u00fd ply\u0161ov\u00fd medved\u00edk v\u00e1s m\u00f4\u017ee sprev\u00e1dza\u0165 pri \u010d\u00edtan\u00ed kn\u00edh, sledovan\u00ed telev\u00edzie a z\u00e1bave. M\u00f4\u017ee by\u0165 dobr\u00fdm spolo\u010dn\u00edkom! Roztomil\u00e1 ply\u0161ov\u00e1 hra\u010dka sa r\u00fdchlo stane ob\u013e\u00faben\u00fdm spolo\u010dn\u00edkom pre mlad\u00fdch aj star\u00fdch.<\/li>\n<li>Medved\u00edk je tak\u00fd p\u00f4vabn\u00fd, \u017ee ozdob\u00ed sp\u00e1l\u0148u alebo her\u0148u. M\u00f4\u017eete sa k nemu prit\u00fali\u0165 ako k m\u00e4kk\u00e9mu vank\u00fa\u0161iku. Deti sa s n\u00edm m\u00f4\u017eu hra\u0165, \u010do m\u00f4\u017ee by\u0165 z\u00e1rove\u0148 ve\u013emi zauj\u00edmav\u00fdm \u010dasom na rodinn\u00fa z\u00e1bavu.<\/li>\n<li>Je to ide\u00e1lna vo\u013eba pre b\u00e1b\u00e4tk\u00e1, deti alebo priate\u013eov. Bude to najlep\u0161\u00ed dar\u010dek na \u0161peci\u00e1lne dni, ako je De\u0148 v\u010fakyvzdania, Valent\u00edn, Vianoce, narodeniny alebo ak\u00e9ko\u013evek v\u00fdro\u010dia.<\/li>\n<li>Tento ply\u0161ov\u00fd medved\u00edk je ve\u013emi m\u00e4kk\u00fd na dotyk. O\u010di v tvare gomb\u00edkov s\u00fa ve\u013emi pevn\u00e9. Ply\u0161 aj v\u00fdpl\u0148 s\u00fa vysoko kvalitn\u00e9.<\/li>\n<li>Ply\u0161 aj v\u00fdpl\u0148 s\u00fa kvalitn\u00e9. V\u0161etky medved\u00edky sa odosielaj\u00fa po pr\u00edsnej kontrole kvality. Ply\u0161 je skontrolovan\u00fd autorizovanou in\u0161tit\u00faciou pre kontrolu kvality a z\u00edskava certifik\u00e1t CE.<\/li>\n<\/ul>","protected":false},"featured_media":5481,"comment_status":"open","ping_status":"closed","template":"","meta":[],"product_brand":[],"product_cat":[235],"product_tag":[],"class_list":{"0":"post-5500","1":"product","2":"type-product","3":"status-publish","4":"has-post-thumbnail","6":"product_cat-plush-toys","8":"first","9":"instock","10":"shipping-taxable","11":"purchasable","12":"product-type-simple"},"_links":{"self":[{"href":"https:\/\/www.largepillow.com\/sk\/wp-json\/wp\/v2\/product\/5500","targetHints":{"allow":["GET"]}}],"collection":[{"href":"https:\/\/www.largepillow.com\/sk\/wp-json\/wp\/v2\/product"}],"about":[{"href":"https:\/\/www.largepillow.com\/sk\/wp-json\/wp\/v2\/types\/product"}],"replies":[{"embeddable":true,"href":"https:\/\/www.largepillow.com\/sk\/wp-json\/wp\/v2\/comments?post=5500"}],"wp:featuredmedia":[{"embeddable":true,"href":"https:\/\/www.largepillow.com\/sk\/wp-json\/wp\/v2\/media\/5481"}],"wp:attachment":[{"href":"https:\/\/www.largepillow.com\/sk\/wp-json\/wp\/v2\/media?parent=5500"}],"wp:term":[{"taxonomy":"product_brand","embeddable":true,"href":"https:\/\/www.largepillow.com\/sk\/wp-json\/wp\/v2\/product_brand?post=5500"},{"taxonomy":"product_cat","embeddable":true,"href":"https:\/\/www.largepillow.com\/sk\/wp-json\/wp\/v2\/product_cat?post=5500"},{"taxonomy":"product_tag","embeddable":true,"href":"https:\/\/www.largepillow.com\/sk\/wp-json\/wp\/v2\/product_tag?post=5500"}],"curies":[{"name":"wp","href":"https:\/\/api.w.org\/{rel}","templated":true}]}}