{"id":590,"date":"2022-09-16T02:52:55","date_gmt":"2022-09-16T02:52:55","guid":{"rendered":"https:\/\/www.largepillow.com\/product\/bed-wedge"},"modified":"2026-05-07T13:47:57","modified_gmt":"2026-05-07T13:47:57","slug":"velky-klinovy-vankus","status":"publish","type":"product","link":"https:\/\/www.largepillow.com\/sk\/product\/large-wedge-pillow\/","title":{"rendered":"Ve\u013ek\u00fd klinov\u00fd vank\u00fa\u0161"},"content":{"rendered":"<p>Ve\u013ek\u00fd klinov\u00fd vank\u00fa\u0161 \u2013 v\u00e1\u0161 dokonal\u00fd spolo\u010dn\u00edk na pohodlie<\/p>\n<p>Radi \u010d\u00edtate, pozer\u00e1te telev\u00edziu alebo si jednoducho odd\u00fdchnete v posteli po dlhom dni? Ak \u00e1no, potom je ve\u013ek\u00fd klinov\u00fd vank\u00fa\u0161 presne to, \u010do ste h\u013eadali! Tento v\u0161estrann\u00fd vank\u00fa\u0161 na \u010delo postele je ide\u00e1lny na pou\u017eitie v posteli, na gau\u010di alebo dokonca na dennom l\u00f4\u017eku. Jeho multifunk\u010dn\u00fd dizajn z neho rob\u00ed vynikaj\u00faci doplnok do ka\u017edej sp\u00e1lne a poskytuje maxim\u00e1lne pohodlie a oporu, ke\u010f ju najviac potrebujete.<\/p>\n<p>Ve\u013ek\u00fd klinov\u00fd vank\u00fa\u0161 vyroben\u00fd z prvotriednych materi\u00e1lov m\u00e1 oblie\u010dku na vank\u00fa\u0161 z polyesteru 100% s prepletenou text\u00farou a n\u00e1dhern\u00fdmi stehmi, ktor\u00e9 s\u00fa pevn\u00e9 po celom obvode. V\u00fdpl\u0148 je vyroben\u00e1 z vysokohustotn\u00fdch, kvalitn\u00fdch polyesterov\u00fdch vl\u00e1kien, ktor\u00e9 zabra\u0148uj\u00fa preh\u00fdbaniu sa aj po mesiacoch pou\u017e\u00edvania. \u010ci u\u017e ho pou\u017e\u00edvate ako opierku chrbta na \u010d\u00edtanie, dlh\u00fd klinov\u00fd vank\u00fa\u0161 alebo vank\u00fa\u0161 na nohy na zdvihnutie n\u00f4h, m\u00f4\u017eete si by\u0165 ist\u00ed, \u017ee tento vank\u00fa\u0161 v\u00e1m poskytne maxim\u00e1lne pohodlie a oporu.<\/p>\n<p>Jednou z najlep\u0161\u00edch vlastnost\u00ed ve\u013ek\u00e9ho klinov\u00e9ho vank\u00fa\u0161a je jeho \u013eahko \u010distite\u013en\u00fd dizajn. Oblie\u010dka na vank\u00fa\u0161 je pripevnen\u00e1 k vank\u00fa\u0161u pomocou gomb\u00edkov a d\u00e1 sa \u013eahko odstr\u00e1ni\u0165 jednoduch\u00fdm zipsom. Sta\u010d\u00ed odstr\u00e1ni\u0165 po\u0165ah a r\u00fdchlo vypra\u0165 v pr\u00e1\u010dke, aby v\u00e1\u0161 vank\u00fa\u0161 vyzeral ako nov\u00fd. V\u010faka tomu je vhodn\u00fd pre t\u00fdch, ktor\u00ed chc\u00fa ma\u0165 svoj vank\u00fa\u0161 v\u017edy \u010dist\u00fd a svie\u017ei.<\/p>\n<p>\u010eal\u0161ou skvelou vlastnos\u0165ou tohto vank\u00fa\u0161a na \u010delo postele je jeho praktick\u00e9 bo\u010dn\u00e9 vrecko. V\u010faka perfektn\u00e9mu \u00falo\u017en\u00e9mu vrecku, ktor\u00e9 je s\u00fa\u010das\u0165ou vank\u00fa\u0161a, u\u017e nikdy nestrat\u00edte dia\u013ekov\u00e9 ovl\u00e1danie. M\u00f4\u017eete si v \u0148om ulo\u017ei\u0165 telef\u00f3n, knihu alebo \u010doko\u013evek in\u00e9, \u010do potrebujete ma\u0165 poruke.<\/p>\n<p>Tento vank\u00fa\u0161 je dostupn\u00fd v r\u00f4znych ve\u013ekostiach, od 45 cm do 200 cm, a je vhodn\u00fd pre r\u00f4zne ve\u013ekosti a \u0161t\u00fdly postel\u00ed. Vyberte si ve\u013ekos\u0165, ktor\u00e1 najviac vyhovuje va\u0161ej posteli, a vychutnajte si pohodlie, ktor\u00e9 tento vank\u00fa\u0161 poskytuje.<\/p>\n<p>Neverte n\u00e1m len tak na slovo \u2013 tu je nieko\u013eko koment\u00e1rov od na\u0161ich spokojn\u00fdch z\u00e1kazn\u00edkov:<\/p>\n<p>\u201cMilujem tento vank\u00fa\u0161! Je presne to, \u010do som potrebovala na oporu chrbta pri \u010d\u00edtan\u00ed v posteli. Bo\u010dn\u00e9 vrecko je ide\u00e1lne na telef\u00f3n a okuliare.\u201d \u2013 Sarah L.<\/p>\n<p>\u201cVank\u00fa\u0161 Large Wedge je prevratn\u00fd! Pou\u017e\u00edvam ho na zdvihnutie n\u00f4h a v\u00fdrazne mi zlep\u0161il pohodlie.\u201d \u2013 Tom H.<\/p>\n<p>\u201cK\u00fapila som si \u017elt\u00fd vank\u00fa\u0161 z \u013eanu a v mojej sp\u00e1lni vyzer\u00e1 skvele. Je tie\u017e ve\u013emi pohodln\u00fd a p\u00e1\u010di sa mi, \u017ee sa \u013eahko \u010dist\u00ed.\u201d \u2013 Rachel W.<\/p>\n<p>Na z\u00e1ver, ak h\u013ead\u00e1te kvalitn\u00fd vank\u00fa\u0161 na \u010delo postele, ktor\u00fd poskytuje pohodlie, oporu a komfort, neh\u013eadajte \u010falej ako ve\u013ek\u00fd klinov\u00fd vank\u00fa\u0161. K\u00fapte si ho e\u0161te dnes a za\u017eite \u00faplne nov\u00fa \u00farove\u0148 pohodlia a relax\u00e1cie.<\/p>","protected":false},"excerpt":{"rendered":"<ul>\n<li><strong>Maxim\u00e1lne pohodlie:<\/strong> N\u00e1\u0161 vank\u00fa\u0161 na \u010delo postele je navrhnut\u00fd tak, aby v\u00e1m poskytol maxim\u00e1lne pohodlie pri \u010d\u00edtan\u00ed, sledovan\u00ed telev\u00edzie alebo span\u00ed. Je ide\u00e1lny do postele, na gau\u010d, denn\u00fa poste\u013e a \u010fal\u0161ie!<\/li>\n<li><strong>Multifunk\u010dn\u00fd dizajn:<\/strong> N\u00e1\u0161 ve\u013ek\u00fd vank\u00fa\u0161 na \u010d\u00edtanie sa d\u00e1 pou\u017ei\u0165 r\u00f4znymi sp\u00f4sobmi \u2013 ako vank\u00fa\u0161 na podporu chrbta, dlh\u00fd klinov\u00fd vank\u00fa\u0161 alebo vank\u00fa\u0161 na nohy, ktor\u00fd v\u00e1m zdvihne nohy. Je \u0161t\u00fdlov\u00fd a funk\u010dn\u00fd, v\u010faka \u010domu je vynikaj\u00facim doplnkom do ka\u017edej sp\u00e1lne.<\/li>\n<li><strong>Pr\u00e9miov\u00e9 materi\u00e1ly:<\/strong> Na\u0161a oblie\u010dka na vank\u00fa\u0161 je vyroben\u00e1 z polyesteru 100% s prepletenou text\u00farou a n\u00e1dhern\u00fdmi stehmi, ktor\u00e9 s\u00fa pevn\u00e9 po celom obvode. V\u00fdpl\u0148 je vyroben\u00e1 z vysokohustotn\u00fdch, kvalitn\u00fdch polyesterov\u00fdch vl\u00e1kien, ktor\u00e9 zabra\u0148uj\u00fa preh\u00fdbaniu sa aj po mesiacoch pou\u017e\u00edvania.<\/li>\n<li><strong>\u013dahko sa \u010dist\u00ed:<\/strong> Po\u0165ah na vank\u00fa\u0161 na \u010delo postele je pripevnen\u00fd k vank\u00fa\u0161u pomocou gomb\u00edkov a d\u00e1 sa \u013eahko s\u0148a\u0165 pomocou jednoduch\u00e9ho zipsu. Sta\u010d\u00ed po\u0165ah s\u0148a\u0165 a r\u00fdchlo vypra\u0165 v pr\u00e1\u010dke, aby v\u00e1\u0161 vank\u00fa\u0161 vyzeral ako nov\u00fd.<\/li>\n<li><strong>Perfektn\u00e9 \u00falo\u017en\u00e9 vrecko:<\/strong> N\u00e1\u0161 vank\u00fa\u0161 na \u010delo postele m\u00e1 praktick\u00e9 bo\u010dn\u00e9 vrecko, v\u010faka ktor\u00e9mu u\u017e nikdy nestrat\u00edte dia\u013ekov\u00e9 ovl\u00e1danie.<\/li>\n<li><strong>L\u00e1tka:<\/strong>\u00a0Zmes polyesteru a \u013eanu.<\/li>\n<li><strong>Ve\u013ekos\u0165:<\/strong> 45 cm (D45 x \u016020 x V50 | 0 gomb\u00edkov), 60 cm (D60 x \u016020 x V50 | 0 gomb\u00edkov), 80 cm (D80 x \u016020 x V50 | 2 gomb\u00edky), 100 cm (D100 x \u016020 x V50 | 3 gomb\u00edky), 120 cm (D120 x \u016020 x V50 | 4 gomb\u00edky), 140 cm (D140 x \u016020 x V50 | 4 gomb\u00edky), 160 cm (D160 x \u016020 x V50 | 5 gomb\u00edkov), 180 cm (D180 x \u016020 x V50 | 6 gomb\u00edkov), 200 cm (D200 x \u016020 x V50 | 7 gomb\u00edkov).<\/li>\n<\/ul>","protected":false},"featured_media":575,"comment_status":"open","ping_status":"closed","template":"","meta":[],"product_brand":[],"product_cat":[15],"product_tag":[66,73,102,181,199,189,59,71,200],"class_list":{"0":"post-590","1":"product","2":"type-product","3":"status-publish","4":"has-post-thumbnail","6":"product_cat-large-wedge-pillow","7":"product_tag-back-support-pillow","8":"product_tag-bedroom-pillow","9":"product_tag-couch-pillow","10":"product_tag-elevated-backrest-pillow","11":"product_tag-large-wedge-pillow","12":"product_tag-linen-pillow","13":"product_tag-reading-pillow","14":"product_tag-tv-pillow","15":"product_tag-yellow-pillow","17":"first","18":"instock","19":"featured","20":"shipping-taxable","21":"purchasable","22":"product-type-variable"},"_links":{"self":[{"href":"https:\/\/www.largepillow.com\/sk\/wp-json\/wp\/v2\/product\/590","targetHints":{"allow":["GET"]}}],"collection":[{"href":"https:\/\/www.largepillow.com\/sk\/wp-json\/wp\/v2\/product"}],"about":[{"href":"https:\/\/www.largepillow.com\/sk\/wp-json\/wp\/v2\/types\/product"}],"replies":[{"embeddable":true,"href":"https:\/\/www.largepillow.com\/sk\/wp-json\/wp\/v2\/comments?post=590"}],"wp:featuredmedia":[{"embeddable":true,"href":"https:\/\/www.largepillow.com\/sk\/wp-json\/wp\/v2\/media\/575"}],"wp:attachment":[{"href":"https:\/\/www.largepillow.com\/sk\/wp-json\/wp\/v2\/media?parent=590"}],"wp:term":[{"taxonomy":"product_brand","embeddable":true,"href":"https:\/\/www.largepillow.com\/sk\/wp-json\/wp\/v2\/product_brand?post=590"},{"taxonomy":"product_cat","embeddable":true,"href":"https:\/\/www.largepillow.com\/sk\/wp-json\/wp\/v2\/product_cat?post=590"},{"taxonomy":"product_tag","embeddable":true,"href":"https:\/\/www.largepillow.com\/sk\/wp-json\/wp\/v2\/product_tag?post=590"}],"curies":[{"name":"pracovn\u00fd list","href":"https:\/\/api.w.org\/{rel}","templated":true}]}}