{"id":614,"date":"2022-09-16T03:33:52","date_gmt":"2022-09-16T03:33:52","guid":{"rendered":"https:\/\/www.largepillow.com\/product\/bed-wedge-pillow-2"},"modified":"2026-04-11T08:10:25","modified_gmt":"2026-04-11T08:10:25","slug":"velky-vankus-na-chrbat-postele","status":"publish","type":"product","link":"https:\/\/www.largepillow.com\/sk\/product\/large-back-pillow-for-bed","title":{"rendered":"Ve\u013ek\u00fd vank\u00fa\u0161 na chrb\u00e1t do postele"},"content":{"rendered":"<p>Za\u017eite maxim\u00e1lne pohodlie s na\u0161\u00edm pr\u00e9miov\u00fdm ve\u013ek\u00fdm vank\u00fa\u0161om do postele<\/p>\n<p>Doprajte si bezkonkuren\u010dn\u00e9 pohodlie s na\u0161\u00edm luxusn\u00fdm ve\u013ek\u00fdm vank\u00fa\u0161om na chrb\u00e1t, ktor\u00fd je navrhnut\u00fd tak, aby v\u00e1\u0161 z\u00e1\u017eitok pred span\u00edm e\u0161te viac umocnil. \u010ci u\u017e ste knihomo\u013e ponoren\u00fd do rozpr\u00e1vky, filmov\u00fd fan\u00fa\u0161ik alebo jednoducho h\u013ead\u00e1te \u00fatuln\u00e9 miesto na chrb\u00e1t, n\u00e1\u0161 vank\u00fa\u0161 na \u010delo postele je pre v\u00e1s to prav\u00e9.<\/p>\n<p>V\u0161estrann\u00fd a multifunk\u010dn\u00fd<\/p>\n<p>V\u0161estrannos\u0165 n\u00e1\u0161ho podhlavn\u00edka nepozn\u00e1 hran\u00edc. Pou\u017eite ho ako oporn\u00fa opierku chrbta pri \u010d\u00edtan\u00ed, dlh\u00fd klinov\u00fd vank\u00fa\u0161 pre v\u00e4\u010d\u0161ie pohodlie alebo dokonca ako vank\u00fa\u0161 na nohy na upokojenie unaven\u00fdch svalov. Jeho \u0161t\u00fdlov\u00fd dizajn z neho rob\u00ed v\u00edtan\u00fd doplnok do ka\u017edej sp\u00e1lne.<\/p>\n<p>Pr\u00e9miov\u00e9 materi\u00e1ly, neochvejn\u00e1 podpora<\/p>\n<p>Na\u0161a oblie\u010dka na vank\u00fa\u0161 je vyroben\u00e1 z pr\u00e9miovej zmesi polyesteru a \u013eanu 100% a p\u00fd\u0161i sa prepletenou text\u00farou a n\u00e1dhern\u00fdmi stehmi, ktor\u00e9 vy\u017earuj\u00fa odolnos\u0165. V\u00fdpl\u0148 z vysokohustotn\u00e9ho a kvalitn\u00e9ho polyesterov\u00e9ho vl\u00e1kna zais\u0165uje v\u00fdnimo\u010dn\u00fa oporu a zabra\u0148uje preh\u00fdbaniu sa aj po dlhodobom pou\u017e\u00edvan\u00ed.<\/p>\n<p>Bezprobl\u00e9mov\u00e1 \u00fadr\u017eba<\/p>\n<p>Udr\u017eiavanie n\u00e1\u0161ho vank\u00fa\u0161a na \u010delo postele v perfektnom stave je hra\u010dka. Jednoducho rozopnite po\u0165ah na vank\u00fa\u0161 pomocou zipsu s jednoduch\u00fdm pr\u00edstupom a ho\u010fte ho do pr\u00e1\u010dky pre bezprobl\u00e9mov\u00e9 pranie. Je to tak\u00e9 jednoduch\u00e9!<\/p>\n<p>Praktick\u00e9 \u00falo\u017en\u00e9 vrecko<\/p>\n<p>U\u017e nikdy nestrat\u00edte dia\u013ekov\u00e9 ovl\u00e1danie! N\u00e1\u0161 vank\u00fa\u0161 na \u010delo postele m\u00e1 \u0161ikovn\u00e9 bo\u010dn\u00e9 vrecko, ktor\u00e9 poskytuje bezpe\u010dn\u00e9 a praktick\u00e9 miesto na ulo\u017eenie va\u0161ich nevyhnutnost\u00ed.<\/p>\n<p>Referencie z\u00e1kazn\u00edkov<\/p>\n<p>\u201cTento vank\u00fa\u0161 je neuverite\u013ene pohodln\u00fd! Pou\u017e\u00edvam ho na \u010d\u00edtanie v posteli a v\u010faka nemu je moja no\u010dn\u00e1 rutina ove\u013ea pr\u00edjemnej\u0161ia.\u201d \u2013 Sarah J.<\/p>\n<p>\u201cMilujem v\u0161estrannos\u0165 tohto vank\u00fa\u0161a. Je ide\u00e1lny na le\u0148o\u0161enie aj spanie. \u00dalo\u017en\u00e9 vrecko je fantastick\u00fd bonus!\u201d \u2013 Emily B.<\/p>\n<p>Dostupn\u00e9 ve\u013ekosti<\/p>\n<p>N\u00e1\u0161 ve\u013ek\u00fd vank\u00fa\u0161 na chrb\u00e1t je dostupn\u00fd v r\u00f4znych ve\u013ekostiach, aby vyhovoval va\u0161im potreb\u00e1m:<\/p>\n<p>* 45 cm (D45 x \u016020 x V50)<br \/>\n* 60 cm (D60 x \u016020 x V50)<br \/>\n* 80 cm (D80 x \u016020 x V50)<br \/>\n* 100 cm (D 100 x \u0160 20 x V 50)<br \/>\n* 120 cm (D 120 x \u0160 20 x V 50)<br \/>\n* 140 cm (D 140 x \u0160 20 x V 50)<br \/>\n* 160 cm (D 160 x \u0160 20 x V 50)<br \/>\n* 180 cm (D 180 x \u0160 20 x V 50)<br \/>\n* 200 cm (D 200 x \u0160 20 x V 50)<\/p>\n<p>Vylep\u0161ite si sp\u00e1nok a le\u0148o\u0161enie s na\u0161\u00edm ve\u013ek\u00fdm vank\u00fa\u0161om na chrb\u00e1t e\u0161te dnes. Objednajte si ho teraz a vychutnajte si maxim\u00e1lne pohodlie!<\/p>","protected":false},"excerpt":{"rendered":"<ul>\n<li><strong>Maxim\u00e1lne pohodlie:<\/strong> N\u00e1\u0161 vank\u00fa\u0161 na \u010delo postele je navrhnut\u00fd tak, aby v\u00e1m poskytol maxim\u00e1lne pohodlie pri \u010d\u00edtan\u00ed, sledovan\u00ed telev\u00edzie alebo span\u00ed. Je ide\u00e1lny do postele, na gau\u010d, denn\u00fa poste\u013e a \u010fal\u0161ie!<\/li>\n<li><strong>Multifunk\u010dn\u00fd dizajn:<\/strong> N\u00e1\u0161 ve\u013ek\u00fd vank\u00fa\u0161 na \u010d\u00edtanie sa d\u00e1 pou\u017ei\u0165 r\u00f4znymi sp\u00f4sobmi \u2013 ako vank\u00fa\u0161 na podporu chrbta, dlh\u00fd klinov\u00fd vank\u00fa\u0161 alebo vank\u00fa\u0161 na nohy, ktor\u00fd v\u00e1m zdvihne nohy. Je \u0161t\u00fdlov\u00fd a funk\u010dn\u00fd, v\u010faka \u010domu je vynikaj\u00facim doplnkom do ka\u017edej sp\u00e1lne.<\/li>\n<li><strong>Pr\u00e9miov\u00e9 materi\u00e1ly:<\/strong> Na\u0161a oblie\u010dka na vank\u00fa\u0161 je vyroben\u00e1 z polyesteru 100% s prepletenou text\u00farou a n\u00e1dhern\u00fdmi stehmi, ktor\u00e9 s\u00fa pevn\u00e9 po celom obvode. V\u00fdpl\u0148 je vyroben\u00e1 z vysokohustotn\u00fdch, kvalitn\u00fdch polyesterov\u00fdch vl\u00e1kien, ktor\u00e9 zabra\u0148uj\u00fa preh\u00fdbaniu sa aj po mesiacoch pou\u017e\u00edvania.<\/li>\n<li><strong>\u013dahko sa \u010dist\u00ed:<\/strong> Po\u0165ah na vank\u00fa\u0161 na \u010delo postele je pripevnen\u00fd k vank\u00fa\u0161u pomocou gomb\u00edkov a d\u00e1 sa \u013eahko s\u0148a\u0165 pomocou jednoduch\u00e9ho zipsu. Sta\u010d\u00ed po\u0165ah s\u0148a\u0165 a r\u00fdchlo vypra\u0165 v pr\u00e1\u010dke, aby v\u00e1\u0161 vank\u00fa\u0161 vyzeral ako nov\u00fd.<\/li>\n<li><strong>Perfektn\u00e9 \u00falo\u017en\u00e9 vrecko:<\/strong> N\u00e1\u0161 vank\u00fa\u0161 na \u010delo postele m\u00e1 praktick\u00e9 bo\u010dn\u00e9 vrecko, v\u010faka ktor\u00e9mu u\u017e nikdy nestrat\u00edte dia\u013ekov\u00e9 ovl\u00e1danie.<\/li>\n<li><strong>L\u00e1tka:<\/strong>\u00a0Zmes polyesteru a \u013eanu.<\/li>\n<li><strong>Ve\u013ekos\u0165:<\/strong> 45 cm (D45 x \u016020 x V50 | 0 gomb\u00edkov), 60 cm (D60 x \u016020 x V50 | 0 gomb\u00edkov), 80 cm (D80 x \u016020 x V50 | 2 gomb\u00edky), 100 cm (D100 x \u016020 x V50 | 3 gomb\u00edky), 120 cm (D120 x \u016020 x V50 | 4 gomb\u00edky), 140 cm (D140 x \u016020 x V50 | 4 gomb\u00edky), 160 cm (D160 x \u016020 x V50 | 5 gomb\u00edkov), 180 cm (D180 x \u016020 x V50 | 6 gomb\u00edkov), 200 cm (D200 x \u016020 x V50 | 7 gomb\u00edkov).<\/li>\n<\/ul>","protected":false},"featured_media":600,"comment_status":"open","ping_status":"closed","template":"","meta":[],"product_brand":[],"product_cat":[15],"product_tag":[187,75,168,197,189,184,143,59,71,198],"class_list":{"0":"post-614","1":"product","2":"type-product","3":"status-publish","4":"has-post-thumbnail","6":"product_cat-large-wedge-pillow","7":"product_tag-back-support-reading-pillow","8":"product_tag-daybed-pillow","9":"product_tag-headboard-pillow","10":"product_tag-large-back-pillow-for-bed","11":"product_tag-linen-pillow","12":"product_tag-long-wedge-pillow","13":"product_tag-multifunctional-pillow","14":"product_tag-reading-pillow","15":"product_tag-tv-pillow","16":"product_tag-white-pillow","18":"first","19":"instock","20":"featured","21":"shipping-taxable","22":"purchasable","23":"product-type-variable"},"_links":{"self":[{"href":"https:\/\/www.largepillow.com\/sk\/wp-json\/wp\/v2\/product\/614","targetHints":{"allow":["GET"]}}],"collection":[{"href":"https:\/\/www.largepillow.com\/sk\/wp-json\/wp\/v2\/product"}],"about":[{"href":"https:\/\/www.largepillow.com\/sk\/wp-json\/wp\/v2\/types\/product"}],"replies":[{"embeddable":true,"href":"https:\/\/www.largepillow.com\/sk\/wp-json\/wp\/v2\/comments?post=614"}],"wp:featuredmedia":[{"embeddable":true,"href":"https:\/\/www.largepillow.com\/sk\/wp-json\/wp\/v2\/media\/600"}],"wp:attachment":[{"href":"https:\/\/www.largepillow.com\/sk\/wp-json\/wp\/v2\/media?parent=614"}],"wp:term":[{"taxonomy":"product_brand","embeddable":true,"href":"https:\/\/www.largepillow.com\/sk\/wp-json\/wp\/v2\/product_brand?post=614"},{"taxonomy":"product_cat","embeddable":true,"href":"https:\/\/www.largepillow.com\/sk\/wp-json\/wp\/v2\/product_cat?post=614"},{"taxonomy":"product_tag","embeddable":true,"href":"https:\/\/www.largepillow.com\/sk\/wp-json\/wp\/v2\/product_tag?post=614"}],"curies":[{"name":"wp","href":"https:\/\/api.w.org\/{rel}","templated":true}]}}