{"id":665,"date":"2022-09-16T03:51:40","date_gmt":"2022-09-16T03:51:40","guid":{"rendered":"https:\/\/www.largepillow.com\/product\/bed-wedge-cushion"},"modified":"2025-12-13T21:06:55","modified_gmt":"2025-12-13T21:06:55","slug":"vankus-na-celo-postele-4","status":"publish","type":"product","link":"https:\/\/www.largepillow.com\/sk\/product\/bed-headboard-cushion","title":{"rendered":"Vank\u00fa\u0161 na \u010delo postele"},"content":{"rendered":"<p>N\u00e1\u0161 vank\u00fa\u0161 na \u010delo postele \u2013 va\u0161e dokonal\u00e9 rie\u0161enie pre pohodlie a komfort. \u010ci u\u017e \u010d\u00edtate, pozer\u00e1te telev\u00edziu alebo sp\u00edte, n\u00e1\u0161 vank\u00fa\u0161 na \u010delo postele je navrhnut\u00fd tak, aby poskytoval optim\u00e1lne pohodlie a oporu pre va\u0161u hlavu, chrb\u00e1t a nohy.<\/p>\n<p>Na\u0161a oblie\u010dka na vank\u00fa\u0161 je vyroben\u00e1 z pr\u00e9miovej zmesi polyesteru a \u013eanu a vyzna\u010duje sa prepletenou text\u00farou a vynikaj\u00facim pre\u0161\u00edvan\u00edm, ktor\u00e9 je pevn\u00e9 a odoln\u00e9. V\u00fdpl\u0148 je vyroben\u00e1 z vysokohustotn\u00fdch, kvalitn\u00fdch polyesterov\u00fdch vl\u00e1kien, ktor\u00e9 zabra\u0148uj\u00fa preh\u00fdbaniu sa aj po mesiacoch pou\u017e\u00edvania.<\/p>\n<p>N\u00e1\u0161 ve\u013ek\u00fd vank\u00fa\u0161 na \u010d\u00edtanie je multifunk\u010dn\u00fd a mo\u017eno ho pou\u017ei\u0165 ako opierku chrbta na \u010d\u00edtanie, dlh\u00fd klinov\u00fd vank\u00fa\u0161 alebo vank\u00fa\u0161 na nohy, ktor\u00fd v\u00e1m zdvihne nohy. Je \u0161t\u00fdlov\u00fd a funk\u010dn\u00fd, v\u010faka \u010domu je vynikaj\u00facim doplnkom do ka\u017edej sp\u00e1lne.<\/p>\n<p>Jednou z ob\u013e\u00faben\u00fdch funkci\u00ed na\u0161ich z\u00e1kazn\u00edkov je \u013eahko \u010distite\u013en\u00fd po\u0165ah. Zap\u00edna sa na gomb\u00edky a zips, sta\u010d\u00ed ho zlo\u017ei\u0165 a r\u00fdchlo vypra\u0165 v pr\u00e1\u010dke, aby v\u00e1\u0161 vank\u00fa\u0161 vyzeral ako nov\u00fd.<\/p>\n<p>Ale to nie je v\u0161etko \u2013 n\u00e1\u0161 vank\u00fa\u0161 na \u010delo postele m\u00e1 aj praktick\u00e9 bo\u010dn\u00e9 vrecko na odkladanie vec\u00ed. Dia\u013ekov\u00e9 ovl\u00e1danie u\u017e nikdy nestrat\u00edte!<\/p>\n<p>Pon\u00fakame r\u00f4zne ve\u013ekosti, ktor\u00e9 sa hodia do ka\u017edej postele \u2013 45 cm, 60 cm, 80 cm, 100 cm, 120 cm, 140 cm, 160 cm, 180 cm a 200 cm, v\u0161etky s r\u00f4znym po\u010dtom gomb\u00edkov, aby sa dokonale hodili na r\u00e1m va\u0161ej postele.<\/p>\n<p>Jeden spokojn\u00fd z\u00e1kazn\u00edk povedal: \u201cMilujem tento vank\u00fa\u0161 na \u010delo postele. Bavlnen\u00fd a \u013eanov\u00fd materi\u00e1l je m\u00e4kk\u00fd a pohodln\u00fd. Modr\u00e1 farba je kr\u00e1sna a dokonale lad\u00ed s mojou poste\u013enou bieliz\u0148ou. Navy\u0161e, bo\u010dn\u00e9 vrecko je ve\u013emi praktick\u00e9 na telef\u00f3n a dia\u013ekov\u00e9 ovl\u00e1danie.\u201d<\/p>\n<p>Investujte do svojho pohodlia s na\u0161\u00edm vank\u00fa\u0161om na \u010delo postele. Objednajte si ho teraz a preme\u0148te svoju poste\u013e na \u00fatuln\u00e9 \u00fato\u010disko.<\/p>","protected":false},"excerpt":{"rendered":"<ul>\n<li><strong>Maxim\u00e1lne pohodlie:<\/strong> N\u00e1\u0161 vank\u00fa\u0161 na \u010delo postele je navrhnut\u00fd tak, aby v\u00e1m poskytol maxim\u00e1lne pohodlie pri \u010d\u00edtan\u00ed, sledovan\u00ed telev\u00edzie alebo span\u00ed. Je ide\u00e1lny do postele, na gau\u010d, denn\u00fa poste\u013e a \u010fal\u0161ie!<\/li>\n<li><strong>Multifunk\u010dn\u00fd dizajn:<\/strong> N\u00e1\u0161 ve\u013ek\u00fd vank\u00fa\u0161 na \u010d\u00edtanie sa d\u00e1 pou\u017ei\u0165 r\u00f4znymi sp\u00f4sobmi \u2013 ako vank\u00fa\u0161 na podporu chrbta, dlh\u00fd klinov\u00fd vank\u00fa\u0161 alebo vank\u00fa\u0161 na nohy, ktor\u00fd v\u00e1m zdvihne nohy. Je \u0161t\u00fdlov\u00fd a funk\u010dn\u00fd, v\u010faka \u010domu je vynikaj\u00facim doplnkom do ka\u017edej sp\u00e1lne.<\/li>\n<li><strong>Pr\u00e9miov\u00e9 materi\u00e1ly:<\/strong> Na\u0161a oblie\u010dka na vank\u00fa\u0161 je vyroben\u00e1 z polyesteru 100% s prepletenou text\u00farou a n\u00e1dhern\u00fdmi stehmi, ktor\u00e9 s\u00fa pevn\u00e9 po celom obvode. V\u00fdpl\u0148 je vyroben\u00e1 z vysokohustotn\u00fdch, kvalitn\u00fdch polyesterov\u00fdch vl\u00e1kien, ktor\u00e9 zabra\u0148uj\u00fa preh\u00fdbaniu sa aj po mesiacoch pou\u017e\u00edvania.<\/li>\n<li><strong>\u013dahko sa \u010dist\u00ed:<\/strong> Po\u0165ah na vank\u00fa\u0161 na \u010delo postele je pripevnen\u00fd k vank\u00fa\u0161u pomocou gomb\u00edkov a d\u00e1 sa \u013eahko s\u0148a\u0165 pomocou jednoduch\u00e9ho zipsu. Sta\u010d\u00ed po\u0165ah s\u0148a\u0165 a r\u00fdchlo vypra\u0165 v pr\u00e1\u010dke, aby v\u00e1\u0161 vank\u00fa\u0161 vyzeral ako nov\u00fd.<\/li>\n<li><strong>Perfektn\u00e9 \u00falo\u017en\u00e9 vrecko:<\/strong> N\u00e1\u0161 vank\u00fa\u0161 na \u010delo postele m\u00e1 praktick\u00e9 bo\u010dn\u00e9 vrecko, v\u010faka ktor\u00e9mu u\u017e nikdy nestrat\u00edte dia\u013ekov\u00e9 ovl\u00e1danie.<\/li>\n<li><strong>L\u00e1tka:<\/strong>\u00a0Zmes polyesteru a \u013eanu.<\/li>\n<li><strong>Ve\u013ekos\u0165:<\/strong> 45 cm (D45 x \u016020 x V50 | 0 gomb\u00edkov), 60 cm (D60 x \u016020 x V50 | 0 gomb\u00edkov), 80 cm (D80 x \u016020 x V50 | 2 gomb\u00edky), 100 cm (D100 x \u016020 x V50 | 3 gomb\u00edky), 120 cm (D120 x \u016020 x V50 | 4 gomb\u00edky), 140 cm (D140 x \u016020 x V50 | 4 gomb\u00edky), 160 cm (D160 x \u016020 x V50 | 5 gomb\u00edkov), 180 cm (D180 x \u016020 x V50 | 6 gomb\u00edkov), 200 cm (D200 x \u016020 x V50 | 7 gomb\u00edkov).<\/li>\n<\/ul>","protected":false},"featured_media":650,"comment_status":"open","ping_status":"closed","template":"","meta":[],"product_brand":[],"product_cat":[15],"product_tag":[193,194,75,192,191,189,143,59,71,167,68],"class_list":{"0":"post-665","1":"product","2":"type-product","3":"status-publish","4":"has-post-thumbnail","6":"product_cat-large-wedge-pillow","7":"product_tag-bed-headboard-cushion","8":"product_tag-blue-pillow","9":"product_tag-daybed-pillow","10":"product_tag-headboard-cushion","11":"product_tag-headboard-pillow-wedge","12":"product_tag-linen-pillow","13":"product_tag-multifunctional-pillow","14":"product_tag-reading-pillow","15":"product_tag-tv-pillow","16":"product_tag-wedge-bolster-pillow","17":"product_tag-wedge-reading-pillow","19":"first","20":"instock","21":"featured","22":"shipping-taxable","23":"purchasable","24":"product-type-variable"},"_links":{"self":[{"href":"https:\/\/www.largepillow.com\/sk\/wp-json\/wp\/v2\/product\/665","targetHints":{"allow":["GET"]}}],"collection":[{"href":"https:\/\/www.largepillow.com\/sk\/wp-json\/wp\/v2\/product"}],"about":[{"href":"https:\/\/www.largepillow.com\/sk\/wp-json\/wp\/v2\/types\/product"}],"replies":[{"embeddable":true,"href":"https:\/\/www.largepillow.com\/sk\/wp-json\/wp\/v2\/comments?post=665"}],"wp:featuredmedia":[{"embeddable":true,"href":"https:\/\/www.largepillow.com\/sk\/wp-json\/wp\/v2\/media\/650"}],"wp:attachment":[{"href":"https:\/\/www.largepillow.com\/sk\/wp-json\/wp\/v2\/media?parent=665"}],"wp:term":[{"taxonomy":"product_brand","embeddable":true,"href":"https:\/\/www.largepillow.com\/sk\/wp-json\/wp\/v2\/product_brand?post=665"},{"taxonomy":"product_cat","embeddable":true,"href":"https:\/\/www.largepillow.com\/sk\/wp-json\/wp\/v2\/product_cat?post=665"},{"taxonomy":"product_tag","embeddable":true,"href":"https:\/\/www.largepillow.com\/sk\/wp-json\/wp\/v2\/product_tag?post=665"}],"curies":[{"name":"wp","href":"https:\/\/api.w.org\/{rel}","templated":true}]}}