{"id":7330,"date":"2025-05-14T03:08:46","date_gmt":"2025-05-14T03:08:46","guid":{"rendered":"https:\/\/www.largepillow.com\/product\/back-support-reading-pillow-for-bed-headboard-cushion"},"modified":"2025-06-01T00:00:00","modified_gmt":"2025-06-01T00:00:00","slug":"vankus-na-citanie-s-oporou-chrbta-na-celo-postele","status":"publish","type":"product","link":"https:\/\/www.largepillow.com\/sk\/product\/back-support-reading-pillow-for-bed-headboard-cushion","title":{"rendered":"Vank\u00fa\u0161 na \u010d\u00edtanie s oporou chrbta na vank\u00fa\u0161 na \u010delo postele"},"content":{"rendered":"[zc_getpagecontent mb=&#8221;mb_aplus&#8221; apid=&#8221;125&#8243;]\n","protected":false},"excerpt":{"rendered":"<ul>\n<li>Maxim\u00e1lne pohodlie: Tento vank\u00fa\u0161 na \u010delo postele je navrhnut\u00fd tak, aby v\u00e1m poskytol maxim\u00e1lne pohodlie pri \u010d\u00edtan\u00ed, sledovan\u00ed telev\u00edzie alebo span\u00ed. Je vhodn\u00fd do postele, gau\u010da, denn\u00e9ho l\u00f4\u017eka a \u010fal\u0161\u00edch vec\u00ed!<\/li>\n<li>Tento ve\u013ek\u00fd trojuholn\u00edkov\u00fd vank\u00fa\u0161 s vynikaj\u00facim dizajnom pre\u0161\u00edvan\u00fdch gomb\u00edkov. Tip na \u010distenie: Oblie\u010dka na vank\u00fa\u0161 je odn\u00edmate\u013en\u00e1 a pod ka\u017ed\u00fdm gomb\u00edkom m\u00e1 gomb\u00edkov\u00e9 dierky, ale gomb\u00edkov\u00e9 dierky na skladanej l\u00e1tke s\u00fa men\u0161ie, \u010do s\u0165a\u017euje v\u00fdmenu oblie\u010dky na vank\u00fa\u0161.<\/li>\n<li>Viac\u00fa\u010delov\u00fd: Niektor\u00ed \u013eudia pou\u017e\u00edvaj\u00fa operadlov\u00e9 vank\u00fa\u0161e ako \u010delo postele, in\u00ed ich pou\u017e\u00edvaj\u00fa ako n\u00e1razn\u00edkov\u00fd vank\u00fa\u0161, m\u00f4\u017ee by\u0165 tie\u017e vank\u00fa\u0161om na gau\u010d, operadlo dennej postele alebo rohov\u00fd vank\u00fa\u0161 na pohovku. Je \u0161t\u00fdlov\u00fd aj funk\u010dn\u00fd, v\u010faka \u010domu je vynikaj\u00facim doplnkom do ka\u017edej sp\u00e1lne.<\/li>\n<li>Vysokokvalitn\u00fd materi\u00e1l: \u0160krupina je vyroben\u00e1 z hladk\u00e9ho a m\u00e4kk\u00e9ho materi\u00e1lu, po\u0165ah vank\u00fa\u0161a na operadlo multifunk\u010dnej dennej postele je priedu\u0161n\u00fd, jemn\u00fd na dotyk a odoln\u00fd vo\u010di opotrebovaniu; trojuholn\u00edkov\u00e1 vlo\u017eka vank\u00fa\u0161a je vyplnen\u00e1 PP bavlnou, ktor\u00e1 m\u00e1 dobr\u00fa pru\u017enos\u0165 a je m\u00e4kk\u00e1, \u010do je ove\u013ea m\u00e4k\u0161ie ako pam\u00e4\u0165ov\u00e1 pena.<\/li>\n<li>Bionick\u00fd klinov\u00fd vank\u00fa\u0161: Ergonomick\u00fd vank\u00fa\u0161 dok\u00e1\u017ee podpori\u0165 prirodzen\u00e9 zakrivenie chrbta a poskytn\u00fa\u0165 optim\u00e1lnu polohu hornej \u010dasti tela, \u010d\u00edm pom\u00e1ha predch\u00e1dza\u0165 mnoh\u00fdm zdravotn\u00fdm probl\u00e9mom. U\u013eah\u010duje v\u00e1m tie\u017e odpo\u010dinok pri \u010d\u00edtan\u00ed alebo hran\u00ed sa na po\u010d\u00edta\u010di a zmier\u0148uje stres. Vank\u00fa\u0161 poskytuje vynikaj\u00facu oporu chrbta a krku, zni\u017euje stres na chrbte a ramen\u00e1ch, poskytuje oporu a pohodlie pri \u010d\u00edtan\u00ed a sledovan\u00ed telev\u00edzie.<\/li>\n<li>Ve\u013ekos\u0165: D\u013a\u017eka 140 cm * \u0160\u00edrka pri z\u00e1kladni 24 cm * V\u00fd\u0161ka 50 cm<\/li>\n<\/ul>","protected":false},"featured_media":7324,"comment_status":"open","ping_status":"closed","template":"","meta":[],"product_brand":[],"product_cat":[15],"product_tag":[],"class_list":{"0":"post-7330","1":"product","2":"type-product","3":"status-publish","4":"has-post-thumbnail","6":"product_cat-large-wedge-pillow","8":"first","9":"instock","10":"shipping-taxable","11":"purchasable","12":"product-type-variable","13":"has-default-attributes"},"_links":{"self":[{"href":"https:\/\/www.largepillow.com\/sk\/wp-json\/wp\/v2\/product\/7330","targetHints":{"allow":["GET"]}}],"collection":[{"href":"https:\/\/www.largepillow.com\/sk\/wp-json\/wp\/v2\/product"}],"about":[{"href":"https:\/\/www.largepillow.com\/sk\/wp-json\/wp\/v2\/types\/product"}],"replies":[{"embeddable":true,"href":"https:\/\/www.largepillow.com\/sk\/wp-json\/wp\/v2\/comments?post=7330"}],"wp:featuredmedia":[{"embeddable":true,"href":"https:\/\/www.largepillow.com\/sk\/wp-json\/wp\/v2\/media\/7324"}],"wp:attachment":[{"href":"https:\/\/www.largepillow.com\/sk\/wp-json\/wp\/v2\/media?parent=7330"}],"wp:term":[{"taxonomy":"product_brand","embeddable":true,"href":"https:\/\/www.largepillow.com\/sk\/wp-json\/wp\/v2\/product_brand?post=7330"},{"taxonomy":"product_cat","embeddable":true,"href":"https:\/\/www.largepillow.com\/sk\/wp-json\/wp\/v2\/product_cat?post=7330"},{"taxonomy":"product_tag","embeddable":true,"href":"https:\/\/www.largepillow.com\/sk\/wp-json\/wp\/v2\/product_tag?post=7330"}],"curies":[{"name":"wp","href":"https:\/\/api.w.org\/{rel}","templated":true}]}}