{"id":7531,"date":"2025-05-19T02:23:59","date_gmt":"2025-05-19T02:23:59","guid":{"rendered":"https:\/\/www.largepillow.com\/product\/fries-inspired-bean-bag-couch-chair-comfort-for-everyone"},"modified":"2025-11-05T02:16:40","modified_gmt":"2025-11-05T02:16:40","slug":"pohodlie-kresla-s-fazulovym-vakom-inspirovanym-hranolkami-pre-kazdeho","status":"publish","type":"product","link":"https:\/\/www.largepillow.com\/sk\/product\/fries-inspired-bean-bag-couch-chair-comfort-for-everyone","title":{"rendered":"Sedac\u00ed vak in\u0161pirovan\u00fd hranolkami, pohodlie pre ka\u017ed\u00e9ho"},"content":{"rendered":"[zc_getpagecontent mb=&#8221;mb_aplus&#8221; apid=&#8221;122&#8243;]\n","protected":false},"excerpt":{"rendered":"<ul>\n<li>Nastavite\u013en\u00e9 a prisp\u00f4sobite\u013en\u00e9: Sedacie vaky s hranolkami pre t\u00edned\u017eerov pon\u00fakaj\u00fa \u00fapln\u00fa flexibilitu. Upravte si polohu a mno\u017estvo hranoliek tak, aby ste si zaistili \u010do najpohodlnej\u0161\u00ed z\u00e1\u017eitok pre svoje telo. \u00daplne si \u013eahnite do hranoliek pre \u00fatuln\u00fd pocit obklopenia, ktor\u00fd zmierni fyzick\u00fa \u00fanavu a \u00fazkos\u0165. Sadnite si na pohovku s sedac\u00edm vakom, \u010d\u00edtajte knihu alebo si spolu vychutnajte film a spr\u00edjemnite si tak svoj vo\u013en\u00fd \u010das.<\/li>\n<li>Unik\u00e1tny dizajn hranoliek: Na\u0161e sedacie vaky kresl\u00e1 s\u00fa in\u0161pirovan\u00e9 ob\u013e\u00faben\u00fdm pochutinou ka\u017ed\u00e9ho \u2013 hranolkami! Tento sedac\u00ed vak s 25 jednotliv\u00fdmi hranolkami sa d\u00e1 usporiada\u0165 do r\u00f4znych v\u00fd\u0161ok a kombin\u00e1ci\u00ed. Ponorte sa do medzier medzi hranolkami, vychutnajte si pohodlie a relax alebo si s priate\u013emi u\u017eite hrav\u00fa \u201cs\u00faboj vank\u00fa\u0161ov\u201d vyberan\u00edm hranoliek samostatne. Praktick\u00e9 a fascinuj\u00face, dod\u00e1 v\u00e1\u0161mu \u017eivotu nov\u00fa \u00farove\u0148 z\u00e1bavy.<\/li>\n<li>Vynikaj\u00face pohodlie a odolnos\u0165: N\u00e1\u0161 sedac\u00ed vak s hranolkami je vyroben\u00fd z m\u00e4kk\u00e9ho a pohodln\u00e9ho kr\u00e1tkeho ply\u0161u a je vyplnen\u00fd nad\u00fdchan\u00fdm polyesterom. Za\u017eite pote\u0161enie z ponorenia sa a stl\u00e1\u010dania, preto\u017ee hranolky podopieraj\u00fa va\u0161e telo. N\u00e1doba na hranolky je vyplnen\u00e1 penou s vysokou hustotou, ktor\u00e1 zais\u0165uje dlhodob\u00e9 zachovanie tvaru bez deform\u00e1cie. Dizajn n\u00e1doby so zipsom umo\u017e\u0148uje jednoduch\u00e9 \u010distenie a \u00fadr\u017ebu.<\/li>\n<li>Z\u00e1bavn\u00e1 a \u0161t\u00fdlov\u00e1 dekor\u00e1cia: Realistick\u00e1 farebn\u00e1 sch\u00e9ma hranol\u010dekov spolu s ich tepl\u00fdm a \u00fatuln\u00fdm vzh\u013eadom dod\u00e1 ka\u017ed\u00e9mu priestoru n\u00e1dych z\u00e1bavy. T\u00fato jedine\u010dn\u00fa pohovku Lazy Floor mo\u017eno umiestni\u0165 do ktor\u00e9hoko\u013evek k\u00fata v\u00e1\u0161ho domova a vytvori\u0165 tak ide\u00e1lne miesto pre rodinn\u00e9 hern\u00e9 ve\u010dery, \u010d\u00edtanie alebo vzdel\u00e1vacie aktivity.<\/li>\n<li>Kompresn\u00fd bal\u00ed\u010dek: Na\u0161e sedacie vaky pre t\u00edned\u017eerov s\u00fa v\u00e1kuovo stla\u010den\u00e9, \u010do m\u00f4\u017ee po otvoren\u00ed vies\u0165 k do\u010dasnej deform\u00e1cii a sten\u010deniu. Nejde o probl\u00e9m s kvalitou. Sta\u010d\u00ed po\u010dka\u0165 48 \u2013 72 hod\u00edn, jemne s vakom potraste a poklepte ho, aby znovu nadobudlo p\u00f4vodn\u00fd tvar.<\/li>\n<\/ul>","protected":false},"featured_media":7524,"comment_status":"open","ping_status":"closed","template":"","meta":[],"product_brand":[],"product_cat":[228],"product_tag":[],"class_list":{"0":"post-7531","1":"product","2":"type-product","3":"status-publish","4":"has-post-thumbnail","6":"product_cat-cushions","8":"first","9":"outofstock","10":"sold-individually","11":"shipping-taxable","12":"purchasable","13":"product-type-simple"},"_links":{"self":[{"href":"https:\/\/www.largepillow.com\/sk\/wp-json\/wp\/v2\/product\/7531","targetHints":{"allow":["GET"]}}],"collection":[{"href":"https:\/\/www.largepillow.com\/sk\/wp-json\/wp\/v2\/product"}],"about":[{"href":"https:\/\/www.largepillow.com\/sk\/wp-json\/wp\/v2\/types\/product"}],"replies":[{"embeddable":true,"href":"https:\/\/www.largepillow.com\/sk\/wp-json\/wp\/v2\/comments?post=7531"}],"wp:featuredmedia":[{"embeddable":true,"href":"https:\/\/www.largepillow.com\/sk\/wp-json\/wp\/v2\/media\/7524"}],"wp:attachment":[{"href":"https:\/\/www.largepillow.com\/sk\/wp-json\/wp\/v2\/media?parent=7531"}],"wp:term":[{"taxonomy":"product_brand","embeddable":true,"href":"https:\/\/www.largepillow.com\/sk\/wp-json\/wp\/v2\/product_brand?post=7531"},{"taxonomy":"product_cat","embeddable":true,"href":"https:\/\/www.largepillow.com\/sk\/wp-json\/wp\/v2\/product_cat?post=7531"},{"taxonomy":"product_tag","embeddable":true,"href":"https:\/\/www.largepillow.com\/sk\/wp-json\/wp\/v2\/product_tag?post=7531"}],"curies":[{"name":"wp","href":"https:\/\/api.w.org\/{rel}","templated":true}]}}