{"id":7571,"date":"2025-05-19T03:46:33","date_gmt":"2025-05-19T03:46:33","guid":{"rendered":"https:\/\/www.largepillow.com\/product\/3d-felt-donut-pet-bed-with-mat-for-cats-small-dogs"},"modified":"2025-05-19T04:14:09","modified_gmt":"2025-05-19T04:14:09","slug":"3d-plstena-podlozka-s-donutom-pre-domace-zvierata-pre-macky-male-psy","status":"publish","type":"product","link":"https:\/\/www.largepillow.com\/sk\/product\/3d-felt-donut-pet-bed-with-mat-for-cats-small-dogs","title":{"rendered":"3D plsten\u00fd pelech s podlo\u017ekou pre ma\u010dky a mal\u00e9 psy z filcu"},"content":{"rendered":"[zc_getpagecontent mb=&#8221;mb_aplus&#8221; apid=&#8221;123&#8243;]\n","protected":false},"excerpt":{"rendered":"<ul>\n<li>Trendov\u00fd dizajn in\u0161pirovan\u00fd \u0161i\u0161kami \u2013 Na\u0161a poste\u013e pre dom\u00e1ce zvierat\u00e1 nie je len miestom, kde si v\u00e1\u0161 chlpat\u00fd priate\u013e m\u00f4\u017ee odd\u00fdchnu\u0165; je to v\u00fdrazn\u00fd kus n\u00e1bytku; vyzna\u010duje sa dizajnom s elementmi parametrick\u00e9ho umenia a \u017eiarivou farebnou sch\u00e9mou. Nie je to len poste\u013e; je to \u0161t\u00fdlov\u00fd dekorat\u00edvny doplnok, ktor\u00fd dok\u00e1\u017ee premeni\u0165 ak\u00fako\u013evek miestnos\u0165 vo va\u0161om dome.<\/li>\n<li>Jednoduch\u00e1 mont\u00e1\u017e 3D puzzle svojpomocne \u2013 Preme\u0148te proces zostavovania pelechu pre v\u00e1\u0161ho dom\u00e1ceho mazn\u00e1\u010dika na nezabudnute\u013en\u00fd z\u00e1\u017eitok; N\u00e1\u0161 mal\u00fd pelech pre psa je vyroben\u00fd z vysoko pevn\u00e9ho plsten\u00e9ho r\u00e1mu, mont\u00e1\u017e je hra\u010dka, je tak\u00e1 jednoduch\u00e1, \u017ee m\u00f4\u017eete zapoji\u0165 cel\u00fa rodinu a vytvori\u0165 z\u00e1bavn\u00fa a p\u00fatav\u00fa aktivitu pri budovan\u00ed \u00fatuln\u00e9ho \u00fato\u010diska pre v\u00e1\u0161ho milovan\u00e9ho dom\u00e1ceho mazn\u00e1\u010dika.<\/li>\n<li>Prenosn\u00fd a \u013eahko skladate\u013en\u00fd \u2013 Jeho skladac\u00ed dizajn umo\u017e\u0148uje transform\u00e1ciu do kompaktnej ve\u013ekosti, ktor\u00e1 sa pohodlne zmest\u00ed do kufra v\u00e1\u0161ho auta, kufra alebo \u00falo\u017enej skrinky; \u010ci u\u017e sa vyd\u00e1vate na v\u00fdlet, s\u0165ahujete sa do nov\u00e9ho domova alebo len nav\u0161tevujete priate\u013ea, v\u00e1\u0161 dom\u00e1ci mil\u00e1\u010dik si m\u00f4\u017ee u\u017ei\u0165 zn\u00e1me a pohodln\u00e9 miesto odpo\u010dinku, nech ste kdeko\u013evek.<\/li>\n<li>Odolnos\u0165 sa stret\u00e1va s pohodl\u00edm \u2013 Vank\u00fa\u0161 je potiahnut\u00fd super m\u00e4kkou, k poko\u017eke \u0161etrnou zamatovou l\u00e1tkou, ktor\u00e1 zais\u0165uje jemn\u00fd dotyk so srs\u0165ou v\u00e1\u0161ho dom\u00e1ceho mazn\u00e1\u010dika; Je vyplnen\u00fd PP bavlnou s vysokou hustotou a pon\u00faka ply\u0161ov\u00e9 pohodlie podobn\u00e9 oblaku, ktor\u00e9 si v\u00e1\u0161 mazn\u00e1\u010dik zamiluje.<\/li>\n<li>Priestrann\u00fd \u00fakryt pre mal\u00e9 dom\u00e1ce zvierat\u00e1 \u2013 \u010ci u\u017e ste hrd\u00fdm majite\u013eom perzskej, ragdoll alebo kr\u00e1tkosrstej ma\u010dky, alebo m\u00e1te mal\u00e9 plemen\u00e1 psov ako pudle, pomerania alebo \u010divavy, n\u00e1\u0161 pelech pre dom\u00e1ce zvierat\u00e1 pon\u00faka dostatok priestoru na pohodln\u00fd oddych, natiahnutie a zd\u0159\u00edmnutie.<\/li>\n<\/ul>","protected":false},"featured_media":7564,"comment_status":"open","ping_status":"closed","template":"","meta":[],"product_brand":[],"product_cat":[227],"product_tag":[],"class_list":{"0":"post-7571","1":"product","2":"type-product","3":"status-publish","4":"has-post-thumbnail","6":"product_cat-pet-supplies","8":"first","9":"instock","10":"shipping-taxable","11":"purchasable","12":"product-type-simple"},"_links":{"self":[{"href":"https:\/\/www.largepillow.com\/sk\/wp-json\/wp\/v2\/product\/7571","targetHints":{"allow":["GET"]}}],"collection":[{"href":"https:\/\/www.largepillow.com\/sk\/wp-json\/wp\/v2\/product"}],"about":[{"href":"https:\/\/www.largepillow.com\/sk\/wp-json\/wp\/v2\/types\/product"}],"replies":[{"embeddable":true,"href":"https:\/\/www.largepillow.com\/sk\/wp-json\/wp\/v2\/comments?post=7571"}],"wp:featuredmedia":[{"embeddable":true,"href":"https:\/\/www.largepillow.com\/sk\/wp-json\/wp\/v2\/media\/7564"}],"wp:attachment":[{"href":"https:\/\/www.largepillow.com\/sk\/wp-json\/wp\/v2\/media?parent=7571"}],"wp:term":[{"taxonomy":"product_brand","embeddable":true,"href":"https:\/\/www.largepillow.com\/sk\/wp-json\/wp\/v2\/product_brand?post=7571"},{"taxonomy":"product_cat","embeddable":true,"href":"https:\/\/www.largepillow.com\/sk\/wp-json\/wp\/v2\/product_cat?post=7571"},{"taxonomy":"product_tag","embeddable":true,"href":"https:\/\/www.largepillow.com\/sk\/wp-json\/wp\/v2\/product_tag?post=7571"}],"curies":[{"name":"wp","href":"https:\/\/api.w.org\/{rel}","templated":true}]}}