{"id":759,"date":"2022-09-16T07:57:41","date_gmt":"2022-09-16T07:57:41","guid":{"rendered":"https:\/\/www.largepillow.com\/product\/wedge-pillow-for-acid-reflux_37_38"},"modified":"2026-02-07T07:41:51","modified_gmt":"2026-02-07T07:41:51","slug":"velky-vankus-na-celo-postele","status":"publish","type":"product","link":"https:\/\/www.largepillow.com\/sk\/product\/large-headboard-cushion\/","title":{"rendered":"Ve\u013ek\u00fd vank\u00fa\u0161 na \u010delo postele"},"content":{"rendered":"<p>Objavte pohodlie s ve\u013ek\u00fdm vank\u00fa\u0161om na \u010delo postele<\/p>\n<p>Ak radi \u010d\u00edtate alebo pozer\u00e1te telev\u00edziu v posteli, ale m\u00e1te probl\u00e9m sa usadi\u0165 pohodlne, ve\u013ek\u00fd vank\u00fa\u0161 na \u010delo postele je perfektn\u00fdm rie\u0161en\u00edm. Tento nadrozmern\u00fd vank\u00fa\u0161 premen\u00ed va\u0161u poste\u013e na relaxa\u010dn\u00fa o\u00e1zu. <\/p>\n<p>V\u010faka svojmu zaoblen\u00e9mu tvaru a vyv\u00fd\u0161en\u00e9mu dvojradov\u00e9mu dizajnu operadla v\u00e1s vank\u00fa\u0161 na \u010delo postele Large poskytuje pohodln\u00fa oporu. Polyesterov\u00fd po\u0165ah 100% a vysoko odoln\u00e1 v\u00fdpl\u0148 z vl\u00e1kien pon\u00fakaj\u00fa dlhotrvaj\u00facu m\u00e4kkos\u0165. Ako povedal jeden z\u00e1kazn\u00edk: \u201eTento vank\u00fa\u0161 je mimoriadne pohodln\u00fd a poskytuje skvel\u00fa oporu chrbta pri seden\u00ed v posteli.\u201c<\/p>\n<p>Bez oh\u013eadu na to, ako radi relaxujete, ve\u013ek\u00fd vank\u00fa\u0161 na \u010delo postele v\u00e1m spln\u00ed v\u0161etky va\u0161e o\u010dak\u00e1vania. Pou\u017eite ho vzpriamene ako operadlo na \u010d\u00edtanie, oprite sa o\u0148 a pozerajte filmy bez pou\u017eitia r\u00fak alebo si ho pre v\u00e4\u010d\u0161ie pohodlie umiestnite pod nohy. Jeden recenzent poznamenal: \u201eP\u00e1\u010di sa mi, \u017ee ho m\u00f4\u017eem pou\u017e\u00edva\u0165 to\u013ek\u00fdmi r\u00f4znymi sp\u00f4sobmi.\u201c  <\/p>\n<p>Tento v\u0161estrann\u00fd vank\u00fa\u0161 m\u00e1 tie\u017e bo\u010dn\u00e9 vreck\u00e1 na ulo\u017eenie dia\u013ekov\u00fdch ovl\u00e1da\u010dov, kn\u00edh a zariaden\u00ed, ktor\u00e9 m\u00e1te v\u017edy poruke. Dod\u00e1va sa v r\u00f4znych ve\u013ekostiach od 100 cm do 200 cm \u0161\u00edrky, tak\u017ee sa hod\u00ed do ka\u017edej postele. Odn\u00edmate\u013en\u00fd po\u0165ah u\u013eah\u010duje \u010distenie \u2013 sta\u010d\u00ed rozopn\u00fa\u0165 zips a vypra\u0165 v pr\u00e1\u010dke.<\/p>\n<p>V\u010faka vynikaj\u00facemu pohodliu a remeseln\u00e9mu spracovaniu sa vank\u00fa\u0161 Large Headboard sna\u017e\u00ed pote\u0161i\u0165 ka\u017ed\u00e9ho. Jeden z\u00e1kazn\u00edk sa s nad\u0161en\u00edm vyjadril: \u201eTento vank\u00fa\u0161 rob\u00ed z le\u0148o\u0161enia v posteli tak\u00fd luxusn\u00fd z\u00e1\u017eitok!\u201c<\/p>\n<p>Pozdvihnite si relax\u00e1ciu s viac\u00fa\u010delov\u00fdm pohodl\u00edm ve\u013ek\u00e9ho vank\u00fa\u0161a na \u010delo postele. Objednajte si ho e\u0161te dnes!<\/p>","protected":false},"excerpt":{"rendered":"<ul>\n<li><strong>Maxim\u00e1lne pohodlie:<\/strong> Tento vank\u00fa\u0161 s vyv\u00fd\u0161en\u00fdm \u010delom XL pon\u00faka vynikaj\u00face pohodlie v\u010faka svojmu zaoblen\u00e9mu dizajnu. Tento \u010ditate\u013esk\u00fd vank\u00fa\u0161 s \u010delom v\u00e1m pom\u00f4\u017ee zosta\u0165 bez nap\u00e4tia na posteli, pohovke, dennej posteli alebo gau\u010di, \u010do je ide\u00e1lne pre no\u010dn\u00fdch sov, knihomo\u013eov a pozeranie telev\u00edzie v posteli.<\/li>\n<li><strong>Dizajn so zv\u00fd\u0161en\u00fdm operadlom:<\/strong> Vychutnajte si bezkonkuren\u010dn\u00e9 pohodlie s unik\u00e1tnym dvojradov\u00fdm dizajnom vyv\u00fd\u0161en\u00e9ho operadla n\u00e1\u0161ho vank\u00fa\u0161a na \u010delo postele. Zv\u00fd\u0161en\u00e9 operadlo na \u010delo postele poskytuje vynikaj\u00facu oporu pre v\u00e1\u0161 krk a chrb\u00e1t, v\u010faka \u010domu je ide\u00e1lnym miestom na relax\u00e1ciu a \u010d\u00edtanie v posteli.<\/li>\n<li><strong>Multifunk\u010dn\u00fd vank\u00fa\u0161:<\/strong> V\u010faka trom r\u00f4znym sp\u00f4sobom pou\u017eitia je n\u00e1\u0161 vank\u00fa\u0161 ide\u00e1lny pre ka\u017ed\u00fa situ\u00e1ciu. \u010ci u\u017e ho chcete pou\u017ei\u0165 ako vank\u00fa\u0161 na vzpriamen\u00fd chrb\u00e1t, klinov\u00fd vank\u00fa\u0161 alebo vank\u00fa\u0161 na nohy pre zv\u00fd\u0161en\u00fa oporu, je to ide\u00e1lny doplnok pre pohodln\u00fd odpo\u010dinok a relax\u00e1ciu.<\/li>\n<li><strong>Vynikaj\u00face remeseln\u00e9 spracovanie:<\/strong> N\u00e1\u0161 vank\u00fa\u0161 na \u010delo postele je vyroben\u00fd z l\u00e1tky s \u013eanov\u00fdm vzh\u013eadom, ktorej zlo\u017eenie je polyester 100%, a je vyplnen\u00fd ekologickou a vysoko odolnou polyesterovou v\u00fdpl\u0148ou. Odn\u00edmate\u013en\u00fd vank\u00fa\u0161 na podhlavn\u00edk sa \u013eahko pere v pr\u00e1\u010dke a mal\u00e9 bo\u010dn\u00e9 vreck\u00e1 dod\u00e1vaj\u00fa tomuto u\u017e aj tak luxusn\u00e9mu produktu praktickos\u0165.<\/li>\n<li><strong>\u013dahko sa um\u00fdva:<\/strong> Po\u0165ah na vank\u00fa\u0161 na \u010delo postele je pripevnen\u00fd k vn\u00fatornej strane vank\u00fa\u0161a pomocou gomb\u00edkov a d\u00e1 sa \u013eahko odstr\u00e1ni\u0165 pomocou zipsu. V\u010faka tomu je jeho \u010distenie bezprobl\u00e9mov\u00e9. Sta\u010d\u00ed po\u0165ah odstr\u00e1ni\u0165 a r\u00fdchlo vypra\u0165 v pr\u00e1\u010dke, aby v\u00e1\u0161 vank\u00fa\u0161 vyzeral ako nov\u00fd.<\/li>\n<li><strong>Ve\u013ekos\u0165:<\/strong> 100 cm (D100 x \u016026 x V55 | 3 st\u013apce s tla\u010didlami), 120 cm (D120 x \u016026 x V55 | 4 st\u013apce s tla\u010didlami), 140 cm (D140 x \u016026 x V55 | 4 st\u013apce s tla\u010didlami), 160 cm (D160 x \u016026 x V55 | 5 st\u013apcov s tla\u010didlami), 180 cm (D180 x \u016026 x V55 | 6 st\u013apcov s tla\u010didlami), 200 cm (D200 x \u016026 x V55 | 7 st\u013apcov s tla\u010didlami).<\/li>\n<\/ul>","protected":false},"featured_media":745,"comment_status":"open","ping_status":"closed","template":"","meta":[],"product_brand":[],"product_cat":[15],"product_tag":[66,164,161,171,143,59,162],"class_list":{"0":"post-759","1":"product","2":"type-product","3":"status-publish","4":"has-post-thumbnail","6":"product_cat-large-wedge-pillow","7":"product_tag-back-support-pillow","8":"product_tag-detachable-bolster-bed-cushion","9":"product_tag-elevated-headboard-pillow","10":"product_tag-large-headboard-cushion","11":"product_tag-multifunctional-pillow","12":"product_tag-reading-pillow","13":"product_tag-upright-back-pillow","15":"first","16":"instock","17":"featured","18":"shipping-taxable","19":"purchasable","20":"product-type-variable"},"_links":{"self":[{"href":"https:\/\/www.largepillow.com\/sk\/wp-json\/wp\/v2\/product\/759","targetHints":{"allow":["GET"]}}],"collection":[{"href":"https:\/\/www.largepillow.com\/sk\/wp-json\/wp\/v2\/product"}],"about":[{"href":"https:\/\/www.largepillow.com\/sk\/wp-json\/wp\/v2\/types\/product"}],"replies":[{"embeddable":true,"href":"https:\/\/www.largepillow.com\/sk\/wp-json\/wp\/v2\/comments?post=759"}],"wp:featuredmedia":[{"embeddable":true,"href":"https:\/\/www.largepillow.com\/sk\/wp-json\/wp\/v2\/media\/745"}],"wp:attachment":[{"href":"https:\/\/www.largepillow.com\/sk\/wp-json\/wp\/v2\/media?parent=759"}],"wp:term":[{"taxonomy":"product_brand","embeddable":true,"href":"https:\/\/www.largepillow.com\/sk\/wp-json\/wp\/v2\/product_brand?post=759"},{"taxonomy":"product_cat","embeddable":true,"href":"https:\/\/www.largepillow.com\/sk\/wp-json\/wp\/v2\/product_cat?post=759"},{"taxonomy":"product_tag","embeddable":true,"href":"https:\/\/www.largepillow.com\/sk\/wp-json\/wp\/v2\/product_tag?post=759"}],"curies":[{"name":"pracovn\u00fd list","href":"https:\/\/api.w.org\/{rel}","templated":true}]}}