{"id":7686,"date":"2025-05-23T03:16:35","date_gmt":"2025-05-23T03:16:35","guid":{"rendered":"https:\/\/www.largepillow.com\/product\/comfortable-ocean-themed-dolos-backrest-pillow"},"modified":"2025-06-17T23:03:29","modified_gmt":"2025-06-17T23:03:29","slug":"pohodlny-vankus-dolos-s-morskou-tematikou-na-chrbte","status":"publish","type":"product","link":"https:\/\/www.largepillow.com\/sk\/product\/comfortable-ocean-themed-dolos-backrest-pillow","title":{"rendered":"Pohodln\u00fd vank\u00fa\u0161 na operadlo Dolos s oce\u00e1nskou tematikou"},"content":{"rendered":"[zc_getpagecontent mb=&#8221;mb_aplus&#8221; apid=&#8221;132&#8243;]\n","protected":false},"excerpt":{"rendered":"<ul>\n<li>\u010c\u00edtac\u00ed vank\u00fa\u0161 na poste\u013e a podlahu \u2013 Tento \u0161t\u00fdlov\u00fd ve\u013ek\u00fd gau\u010dov\u00fd vank\u00fa\u0161 je navrhnut\u00fd tak, aby poskytoval optim\u00e1lnu oporu pre hlavu, krk a chrb\u00e1t, \u010di u\u017e sed\u00edte na posteli alebo na podlahe; Jeho ergonomick\u00fd tvar zais\u0165uje pohodln\u00e9 \u010d\u00edtanie a zni\u017euje nam\u00e1hanie a \u00fanavu.<\/li>\n<li>Navrhnut\u00e9 pre nad\u0161encov Dolosu: Tento vank\u00fa\u0161 na operadlo, \u0161peci\u00e1lne prisp\u00f4soben\u00fd pre t\u00fdch, ktor\u00ed obdivuj\u00fa industri\u00e1lne \u010daro Dolosu, je jedine\u010dnou poctou; sl\u00fa\u017ei ako funk\u010dn\u00fd komfortn\u00fd prvok a z\u00e1rove\u0148 ako v\u00fdrazn\u00fd prvok, ktor\u00fd oslavuje jedine\u010dn\u00e9 \u010daro t\u00fdchto pobre\u017en\u00fdch \u0161trukt\u00far.<\/li>\n<li>Vysokokvalitn\u00e9 materi\u00e1ly: Vyroben\u00e9 z materi\u00e1lov, ktor\u00e9 evokuj\u00fa pocit oce\u00e1nu, m\u00e4kk\u00e1 tkanina napodob\u0148uje jemn\u00fd dotyk morskej striekanky, zatia\u013e \u010do odoln\u00e1 kon\u0161trukcia zaru\u010duje, \u017ee odol\u00e1 sk\u00fa\u0161ke \u010dasu, rovnako ako robustn\u00e9 Dolos proti vln\u00e1m.<\/li>\n<li>V\u0161estrann\u00e9 umiestnenie s oce\u00e1nskou tematikou: Ide\u00e1lne do ka\u017edej miestnosti s pobre\u017enou alebo oce\u00e1nskou v\u00fdzdobou; \u010ci u\u017e ho postav\u00edte na pohovku v ob\u00fdva\u010dke po\u010das filmov\u00e9ho ve\u010dera s n\u00e1morn\u00edckou tematikou, umiestnite ho na poste\u013e v sp\u00e1lni pre pl\u00e1\u017eov\u00fd pocit pred span\u00edm alebo ho pou\u017eijete na balk\u00f3ne, aby ste si vychutnali pobre\u017en\u00fd v\u00e1nok.<\/li>\n<li>Zberate\u013esk\u00fd k\u00fasok pre milovn\u00edkov oce\u00e1nu: Pre nad\u0161encov dolos aj pre milovn\u00edkov oce\u00e1nu je tento dekora\u010dn\u00fd vank\u00fa\u0161 s vlo\u017ekami viac ne\u017e len bytov\u00fd doplnok; je to zberate\u013esk\u00fd predmet, ktor\u00fd predstavuje prienik priemyseln\u00e9ho dizajnu, pobre\u017en\u00e9ho \u0161armu a pohodlia.<\/li>\n<\/ul>","protected":false},"featured_media":7672,"comment_status":"open","ping_status":"closed","template":"","meta":[],"product_brand":[],"product_cat":[228],"product_tag":[],"class_list":{"0":"post-7686","1":"product","2":"type-product","3":"status-publish","4":"has-post-thumbnail","6":"product_cat-cushions","8":"first","9":"instock","10":"sold-individually","11":"shipping-taxable","12":"purchasable","13":"product-type-simple"},"_links":{"self":[{"href":"https:\/\/www.largepillow.com\/sk\/wp-json\/wp\/v2\/product\/7686","targetHints":{"allow":["GET"]}}],"collection":[{"href":"https:\/\/www.largepillow.com\/sk\/wp-json\/wp\/v2\/product"}],"about":[{"href":"https:\/\/www.largepillow.com\/sk\/wp-json\/wp\/v2\/types\/product"}],"replies":[{"embeddable":true,"href":"https:\/\/www.largepillow.com\/sk\/wp-json\/wp\/v2\/comments?post=7686"}],"wp:featuredmedia":[{"embeddable":true,"href":"https:\/\/www.largepillow.com\/sk\/wp-json\/wp\/v2\/media\/7672"}],"wp:attachment":[{"href":"https:\/\/www.largepillow.com\/sk\/wp-json\/wp\/v2\/media?parent=7686"}],"wp:term":[{"taxonomy":"product_brand","embeddable":true,"href":"https:\/\/www.largepillow.com\/sk\/wp-json\/wp\/v2\/product_brand?post=7686"},{"taxonomy":"product_cat","embeddable":true,"href":"https:\/\/www.largepillow.com\/sk\/wp-json\/wp\/v2\/product_cat?post=7686"},{"taxonomy":"product_tag","embeddable":true,"href":"https:\/\/www.largepillow.com\/sk\/wp-json\/wp\/v2\/product_tag?post=7686"}],"curies":[{"name":"wp","href":"https:\/\/api.w.org\/{rel}","templated":true}]}}