{"id":7700,"date":"2025-05-23T03:22:49","date_gmt":"2025-05-23T03:22:49","guid":{"rendered":"https:\/\/www.largepillow.com\/product\/premium-orthopedic-bed-for-large-dogs-non-slip-foam"},"modified":"2025-05-28T06:37:47","modified_gmt":"2025-05-28T06:37:47","slug":"premiovy-okruhly-pelech-pre-velke-psy-s-protismykovou-penovou-upravou","status":"publish","type":"product","link":"https:\/\/www.largepillow.com\/sk\/product\/premium-round-pet-bed-for-large-dogs-non-slip-foam","title":{"rendered":"Pr\u00e9miov\u00fd okr\u00fahly pelech pre ve\u013ek\u00fdch psov \u2013 proti\u0161mykov\u00e1 pena"},"content":{"rendered":"[zc_getpagecontent mb=&#8221;mb_aplus&#8221; apid=&#8221;129&#8243;]\n","protected":false},"excerpt":{"rendered":"<ul>\n<li>Pel\u00ed\u0161ek pre psov okr\u00fahleho tvaru kombinuje penu s vysokou hustotou s ultra m\u00e4kk\u00fdm povrchom, \u010d\u00edm poskytuje bezkonkuren\u010dn\u00fa \u00fa\u013eavu od bolesti k\u013abov a hlbok\u00fd sp\u00e1nok pre obrovsk\u00e9 plemen\u00e1. Je navrhnut\u00fd pre odolnos\u0165 a stabilitu, jeho proti\u0161mykov\u00e1 z\u00e1klad\u0148a a po\u0165ah, ktor\u00fd je mo\u017en\u00e9 pra\u0165 v pr\u00e1\u010dke, z neho robia dokonal\u00e9 rie\u0161enie pre starn\u00face psy alebo dom\u00e1ce zvierat\u00e1 s dyspl\u00e1ziou bedrov\u00e9ho k\u013abu.<\/li>\n<li>Veterin\u00e1rne odpor\u00fa\u010dan\u00e1 podpora: Pena s hr\u00fabkou 11,9 cm rozklad\u00e1 hmotnos\u0165 a zmier\u0148uje tlak na boky, lakte a k\u013aby \u2013 ide\u00e1lne pre star\u0161ie psy nad 36 kg.<\/li>\n<li>Optimaliz\u00e1cia pre ve\u013ek\u00e9 plemen\u00e1: Okr\u00fahly dizajn s priemerom 43 palcov (109 cm) umo\u017e\u0148uje natiahnutie cel\u00e9ho tela pre nemeck\u00fdch ov\u010diakov, nemeck\u00e9 dogy a plemen\u00e1 XL do hmotnosti 150 libier (73 kg).<\/li>\n<li>Technol\u00f3gia Hyper-Secure Base: Proti\u0161mykov\u00e1 spodn\u00e1 strana z PVC zabra\u0148uje nebezpe\u010dn\u00e9mu po\u0161myknutiu na dreven\u00fdch\/dla\u017ebov\u00fdch podlah\u00e1ch (testovan\u00e1 na silu viac ako 136 kg).<\/li>\n<li>Bezprobl\u00e9mov\u00e1 \u00fadr\u017eba: Odn\u00edmate\u013en\u00fd po\u0165ah na zips vydr\u017e\u00ed viac ako 100 prac\u00edch cyklov bez vyblednutia \u2013 odol\u00e1 nehod\u00e1m, blatu aj siln\u00e9mu olupovaniu.<\/li>\n<\/ul>","protected":false},"featured_media":7687,"comment_status":"open","ping_status":"closed","template":"","meta":[],"product_brand":[],"product_cat":[227],"product_tag":[],"class_list":{"0":"post-7700","1":"product","2":"type-product","3":"status-publish","4":"has-post-thumbnail","6":"product_cat-pet-supplies","8":"first","9":"instock","10":"shipping-taxable","11":"purchasable","12":"product-type-variable","13":"has-default-attributes"},"_links":{"self":[{"href":"https:\/\/www.largepillow.com\/sk\/wp-json\/wp\/v2\/product\/7700","targetHints":{"allow":["GET"]}}],"collection":[{"href":"https:\/\/www.largepillow.com\/sk\/wp-json\/wp\/v2\/product"}],"about":[{"href":"https:\/\/www.largepillow.com\/sk\/wp-json\/wp\/v2\/types\/product"}],"replies":[{"embeddable":true,"href":"https:\/\/www.largepillow.com\/sk\/wp-json\/wp\/v2\/comments?post=7700"}],"wp:featuredmedia":[{"embeddable":true,"href":"https:\/\/www.largepillow.com\/sk\/wp-json\/wp\/v2\/media\/7687"}],"wp:attachment":[{"href":"https:\/\/www.largepillow.com\/sk\/wp-json\/wp\/v2\/media?parent=7700"}],"wp:term":[{"taxonomy":"product_brand","embeddable":true,"href":"https:\/\/www.largepillow.com\/sk\/wp-json\/wp\/v2\/product_brand?post=7700"},{"taxonomy":"product_cat","embeddable":true,"href":"https:\/\/www.largepillow.com\/sk\/wp-json\/wp\/v2\/product_cat?post=7700"},{"taxonomy":"product_tag","embeddable":true,"href":"https:\/\/www.largepillow.com\/sk\/wp-json\/wp\/v2\/product_tag?post=7700"}],"curies":[{"name":"wp","href":"https:\/\/api.w.org\/{rel}","templated":true}]}}