{"id":7712,"date":"2025-05-23T03:28:33","date_gmt":"2025-05-23T03:28:33","guid":{"rendered":"https:\/\/www.largepillow.com\/product\/multi-purpose-fun-comfortable-bean-bag-chairs"},"modified":"2025-06-17T14:08:43","modified_gmt":"2025-06-17T14:08:43","slug":"viacucelove-zabavne-pohodlne-sedacie-vaky","status":"publish","type":"product","link":"https:\/\/www.largepillow.com\/sk\/product\/multi-purpose-fun-comfortable-bean-bag-chairs\/","title":{"rendered":"Viac\u00fa\u010delov\u00e9 z\u00e1bavn\u00e9 a pohodln\u00e9 sedacie vaky"},"content":{"rendered":"[zc_getpagecontent mb=&#8221;mb_aplus&#8221; apid=&#8221;128&#8243;]\n","protected":false},"excerpt":{"rendered":"<ul>\n<li>Vylep\u0161ite si relax\u00e1ciu s kreslom CozyBanana Bean Bag Chair, ktor\u00e9 je navrhnut\u00e9 pre maxim\u00e1lne pohodlie a prakti\u010dnos\u0165. Toto kreslo v tvare ban\u00e1nu je vyroben\u00e9 z pr\u00e9miovej kr\u00e1tkej ply\u0161ovej l\u00e1tky, m\u00e1 odn\u00edmate\u013en\u00fd po\u0165ah, ktor\u00fd je mo\u017en\u00e9 pra\u0165 v pr\u00e1\u010dke, a je elegantn\u00fdm doplnkom z konopn\u00e9ho lana. Sp\u00e1ja luxus s praktickos\u0165ou. Je ide\u00e1lne na oddych, hranie hier alebo zdriemnutie, je ide\u00e1lne do modern\u00fdch domov, intern\u00e1tov alebo z\u00e1bavn\u00fdch priestorov.<\/li>\n<li>Najvy\u0161\u0161ie pohodlie: H\u013abka sedadla 24 palcov a bavlnen\u00e1 v\u00fdpl\u0148 sa prisp\u00f4sobia v\u00e1\u0161mu telu a zabezpe\u010dia celodenn\u00fa oporu.<\/li>\n<li>Dizajn prate\u013en\u00fd v pr\u00e1\u010dke: Odn\u00edmate\u013en\u00fd po\u0165ah bez n\u00e1mahy vyperte v studenej vode, aby ste zachovali \u010derstvos\u0165.<\/li>\n<li>Luxusn\u00e9 materi\u00e1ly: Priedu\u0161n\u00fd kr\u00e1tky ply\u0161ov\u00fd materi\u00e1l \u0161etrn\u00fd k poko\u017eke s odoln\u00fdmi detailmi z konopn\u00e9ho lana.<\/li>\n<li>V\u0161estrann\u00fd \u0161t\u00fdl: Tvar ban\u00e1nu in\u0161pirovan\u00fd \u0161t\u00fdlom Art Deco v jednofarebnej \u017eltej farbe dopln\u00ed ak\u00fdko\u013evek dekor.<\/li>\n<li>Jednoduch\u00e1 manipul\u00e1cia: \u013dahk\u00fd (7,2 kg) s rukov\u00e4\u0165ami pre bezprobl\u00e9mov\u00e9 pren\u00e1\u0161anie z miestnosti do miestnosti.<\/li>\n<li>Ide\u00e1lne do mal\u00fdch priestorov: Kompaktn\u00fd, no priestrann\u00fd (132 cm H x 61 cm \u0160) do bytov, intern\u00e1tov alebo \u010ditate\u013esk\u00fdch k\u00fatikov.<\/li>\n<li>Zaru\u010den\u00e1 odolnos\u0165: Dvojito pre\u0161it\u00e9 \u0161vy a penov\u00e9 gu\u013e\u00f4\u010dky s vysokou hustotou odol\u00e1vaj\u00fa preh\u00fdbaniu.<\/li>\n<li>Viac\u00fa\u010delov\u00e9: Ide\u00e1lne na filmov\u00e9 ve\u010dery, hern\u00e9 sedenia alebo ako \u0161t\u00fdlov\u00e1 pohovka na podlahe.<\/li>\n<\/ul>","protected":false},"featured_media":7703,"comment_status":"open","ping_status":"closed","template":"","meta":[],"product_brand":[],"product_cat":[228],"product_tag":[],"class_list":{"0":"post-7712","1":"product","2":"type-product","3":"status-publish","4":"has-post-thumbnail","6":"product_cat-cushions","8":"first","9":"instock","10":"sold-individually","11":"shipping-taxable","12":"purchasable","13":"product-type-simple"},"_links":{"self":[{"href":"https:\/\/www.largepillow.com\/sk\/wp-json\/wp\/v2\/product\/7712","targetHints":{"allow":["GET"]}}],"collection":[{"href":"https:\/\/www.largepillow.com\/sk\/wp-json\/wp\/v2\/product"}],"about":[{"href":"https:\/\/www.largepillow.com\/sk\/wp-json\/wp\/v2\/types\/product"}],"replies":[{"embeddable":true,"href":"https:\/\/www.largepillow.com\/sk\/wp-json\/wp\/v2\/comments?post=7712"}],"wp:featuredmedia":[{"embeddable":true,"href":"https:\/\/www.largepillow.com\/sk\/wp-json\/wp\/v2\/media\/7703"}],"wp:attachment":[{"href":"https:\/\/www.largepillow.com\/sk\/wp-json\/wp\/v2\/media?parent=7712"}],"wp:term":[{"taxonomy":"product_brand","embeddable":true,"href":"https:\/\/www.largepillow.com\/sk\/wp-json\/wp\/v2\/product_brand?post=7712"},{"taxonomy":"product_cat","embeddable":true,"href":"https:\/\/www.largepillow.com\/sk\/wp-json\/wp\/v2\/product_cat?post=7712"},{"taxonomy":"product_tag","embeddable":true,"href":"https:\/\/www.largepillow.com\/sk\/wp-json\/wp\/v2\/product_tag?post=7712"}],"curies":[{"name":"pracovn\u00fd list","href":"https:\/\/api.w.org\/{rel}","templated":true}]}}