{"id":7724,"date":"2025-05-23T03:43:35","date_gmt":"2025-05-23T03:43:35","guid":{"rendered":"https:\/\/www.largepillow.com\/product\/calming-dog-bed-with-removable-cushion-indoor-round-kennel"},"modified":"2025-05-28T01:44:41","modified_gmt":"2025-05-28T01:44:41","slug":"upokojujuca-pelech-pre-psov-s-odnimatelnym-vankusom-vnutorna-okruhla-buda","status":"publish","type":"product","link":"https:\/\/www.largepillow.com\/sk\/product\/calming-dog-bed-with-removable-cushion-indoor-round-kennel","title":{"rendered":"Upokojuj\u00faci pelech pre psa s odn\u00edmate\u013en\u00fdm vank\u00fa\u0161om, okr\u00fahly vn\u00fatorn\u00fd koterec"},"content":{"rendered":"[zc_getpagecontent mb=&#8221;mb_aplus&#8221; apid=&#8221;120&#8243;]\n","protected":false},"excerpt":{"rendered":"<ul>\n<li>Jedine\u010dn\u00fd dizajn s objat\u00edm \u2013 Tento kruhov\u00fd pelech pre psov, in\u0161pirovan\u00fd ne\u017en\u00fdmi objatiami, m\u00e1 kruhov\u00fd dizajn s vysok\u00fdmi okrajmi, v\u010faka \u010domu sa c\u00edti, akoby ho majite\u013e neust\u00e1le dr\u017eal v n\u00e1ru\u010d\u00ed a poskytuje mu \u00fapln\u00fd pocit bezpe\u010dia.<\/li>\n<li>Upokojuj\u00face a proti \u00fazkosti \u2013 Unik\u00e1tna kon\u0161trukcia pelechu pre psa vytv\u00e1ra prostredie podobn\u00e9 brlohu, pom\u00e1ha zni\u017eova\u0165 \u00fazkos\u0165 u psov a poskytuje im pocit bezpe\u010dia a pohodlia; je ide\u00e1lnou vo\u013ebou pre psy, ktor\u00e9 sa \u013eahko stresuj\u00fa, \u010di u\u017e kv\u00f4li separa\u010dnej \u00fazkosti, b\u00farkam alebo nov\u00e9mu prostrediu.<\/li>\n<li>Celoro\u010dn\u00e1 podlo\u017eka \u2013 V\u010faka obojstrann\u00e9mu dizajnu podlo\u017eky pre psa sa podlo\u017eka s r\u00f4znymi materi\u00e1lmi na oboch stran\u00e1ch dok\u00e1\u017ee prisp\u00f4sobi\u0165 r\u00f4znym ro\u010dn\u00fdm obdobiam; Zamatov\u00e1 strana je v zime tepl\u00e1 a pohodln\u00e1, zatia\u013e \u010do druh\u00e1 strana je v lete osvie\u017euj\u00faca a priedu\u0161n\u00e1, \u010d\u00edm sa dosahuje celoro\u010dn\u00e9 pou\u017eitie a starostlivos\u0165 o sp\u00e1nok v\u00e1\u0161ho psa po\u010das cel\u00e9ho roka.<\/li>\n<li>Vysokokvalitn\u00e9 materi\u00e1ly \u2013 Zlo\u017een\u00fd zo zamatov\u00e9ho tepl\u00e9ho po\u0165ahu, oxfordskej l\u00e1tky, PP bavlny s vysokou hustotou, vysoko podpornej peny a proti\u0161mykovej podlo\u017eky, je nielen m\u00e4kk\u00fd a pohodln\u00fd, ale m\u00e1 aj vynikaj\u00facu podporu a proti\u0161mykov\u00e9 vlastnosti, v\u010faka \u010domu je pou\u017e\u00edvanie v\u00e1\u0161ho psa bezpe\u010dnej\u0161ie a zais\u0165uje odolnos\u0165 produktu.<\/li>\n<li>Jednoduch\u00e1 \u00fadr\u017eba \u2013 Pelech pre psa je navrhnut\u00fd tak, aby bol odn\u00edmate\u013en\u00fd a prate\u013en\u00fd v pr\u00e1\u010dke; sta\u010d\u00ed ho rozopn\u00fa\u0165, vybra\u0165 spodn\u00fa penu a PP vatu a jednoducho vlo\u017ei\u0165 po\u0165ah do pr\u00e1\u010dky; T\u00fdm sa jednoducho vyrie\u0161i probl\u00e9m s \u010disten\u00edm a pelech pre psa zostane \u010dist\u00fd a hygienick\u00fd.<\/li>\n<li>Ve\u013ekos\u0165: Stredn\u00e1 \u2013 76*76*30 cm (76,0\u2033D x 76,0\u2033\u0160 x 30,0\u2033\u0160); Ve\u013ek\u00e1 \u2013 110*110*35 cm (112,0\u2033D x 112,0\u2033\u0160 x 36,0\u2033\u0160).<\/li>\n<\/ul>","protected":false},"featured_media":7713,"comment_status":"open","ping_status":"closed","template":"","meta":[],"product_brand":[],"product_cat":[227],"product_tag":[],"class_list":{"0":"post-7724","1":"product","2":"type-product","3":"status-publish","4":"has-post-thumbnail","6":"product_cat-pet-supplies","8":"first","9":"instock","10":"shipping-taxable","11":"purchasable","12":"product-type-variable","13":"has-default-attributes"},"_links":{"self":[{"href":"https:\/\/www.largepillow.com\/sk\/wp-json\/wp\/v2\/product\/7724","targetHints":{"allow":["GET"]}}],"collection":[{"href":"https:\/\/www.largepillow.com\/sk\/wp-json\/wp\/v2\/product"}],"about":[{"href":"https:\/\/www.largepillow.com\/sk\/wp-json\/wp\/v2\/types\/product"}],"replies":[{"embeddable":true,"href":"https:\/\/www.largepillow.com\/sk\/wp-json\/wp\/v2\/comments?post=7724"}],"wp:featuredmedia":[{"embeddable":true,"href":"https:\/\/www.largepillow.com\/sk\/wp-json\/wp\/v2\/media\/7713"}],"wp:attachment":[{"href":"https:\/\/www.largepillow.com\/sk\/wp-json\/wp\/v2\/media?parent=7724"}],"wp:term":[{"taxonomy":"product_brand","embeddable":true,"href":"https:\/\/www.largepillow.com\/sk\/wp-json\/wp\/v2\/product_brand?post=7724"},{"taxonomy":"product_cat","embeddable":true,"href":"https:\/\/www.largepillow.com\/sk\/wp-json\/wp\/v2\/product_cat?post=7724"},{"taxonomy":"product_tag","embeddable":true,"href":"https:\/\/www.largepillow.com\/sk\/wp-json\/wp\/v2\/product_tag?post=7724"}],"curies":[{"name":"wp","href":"https:\/\/api.w.org\/{rel}","templated":true}]}}