{"id":8155,"date":"2025-06-11T04:01:50","date_gmt":"2025-06-11T04:01:50","guid":{"rendered":"https:\/\/www.largepillow.com\/product\/large-floor-loveseat-casual-recliner-for-gaming-reading"},"modified":"2026-01-21T02:17:34","modified_gmt":"2026-01-21T02:17:34","slug":"velke-dvojsedadlo-na-podlahu-lezerne-kreslo-na-hranie-hier-a-citanie","status":"publish","type":"product","link":"https:\/\/www.largepillow.com\/sk\/product\/large-floor-loveseat-casual-recliner-for-gaming-reading","title":{"rendered":"Ve\u013ek\u00e1 dvojseda\u010dka, le\u017e\u00e9rne kreslo na hranie hier, \u010d\u00edtanie"},"content":{"rendered":"[zc_getpagecontent mb=&#8221;mb_aplus&#8221; apid=&#8221;136&#8243;]\n","protected":false},"excerpt":{"rendered":"<ul>\n<li>Jednoduch\u00e1 in\u0161tal\u00e1cia: Na\u0161e nadrozmern\u00e9 le\u017eadlo je v\u00e1kuovo balen\u00e9 a po\u0165ahy na pohovku a 4 penov\u00e9 r\u00e1my bud\u00fa zabalen\u00e9 v 3 bal\u00edkoch. Ke\u010f\u017ee nem\u00e1 kovov\u00fa kon\u0161trukciu, je jeho in\u0161tal\u00e1cia hra\u010dka \u2013 jednoducho nechajte penu napu\u010da\u0165 24 \u2013 48 hod\u00edn po doru\u010den\u00ed a zlo\u017ete ju pod\u013ea n\u00e1\u0161ho in\u0161tala\u010dn\u00e9ho videa. Nadrozmern\u00fd zips v spodnej \u010dasti u\u013eah\u010duje \u00fadr\u017ebu, preto\u017ee je odn\u00edmate\u013en\u00fd a mo\u017eno ho pra\u0165 v pr\u00e1\u010dke.<\/li>\n<li>Luxusn\u00e9 pohodlie: Za\u017eite dotyk opulentnosti s na\u0161\u00edm nadrozmern\u00fdm le\u017eadlom do interi\u00e9ru, \u010dal\u00fanen\u00fdm ultra m\u00e4kk\u00fdm kr\u00e1tkym ply\u0161om so \u0161irok\u00fdmi pruhmi, ktor\u00fd svojou m\u00e4kkos\u0165ou a eleganciou prekon\u00e1va \u0161tandardn\u00fd man\u0161estr. Jeho ply\u0161 v\u00e1s obj\u00edme a umo\u017en\u00ed v\u00e1\u0161mu telu uvo\u013eni\u0165 sa do r\u00ed\u0161e relax\u00e1cie. Pozn\u00e1mka: Kr\u00e1tky ply\u0161 so \u0161irok\u00fdmi pruhmi m\u00f4\u017ee ma\u0165 v d\u00f4sledku vlastnost\u00ed l\u00e1tky mierne l\u00fapan\u00fa srs\u0165, ale to neovplyv\u0148uje jej pou\u017e\u00edvanie.<\/li>\n<li>Stabiln\u00e1 a upokojuj\u00faca opora: Na\u0161a nadrozmern\u00e1 le\u017eadlov\u00e1 pohovka, navrhnut\u00e1 s pevnou penovou z\u00e1klad\u0148ou a ve\u013ekoryso vyplnen\u00e1 nad\u00fdchan\u00fdm polyesterov\u00fdm vl\u00e1knom, poskytuje dokonal\u00fa rovnov\u00e1hu medzi pevnou oporou a nebeskou m\u00e4kkos\u0165ou. D\u00f4myseln\u00fd stup\u0148ovit\u00fd dizajn operadla a podr\u00fa\u010dok vytv\u00e1ra efekt kukly, ktor\u00fd v\u00e1m d\u00e1va pocit bezpe\u010dia a pohodlia, ktor\u00fd vydr\u017e\u00ed sk\u00fa\u0161ku \u010dasu bez toho, aby sa preh\u00fdbal alebo zr\u00fatil.<\/li>\n<li>V\u0161estrann\u00e1 a priestrann\u00e1: Na\u0161a rozkladacia pohovka sa bez probl\u00e9mov prisp\u00f4sob\u00ed v\u00e1\u0161mu \u017eivotn\u00e9mu \u0161t\u00fdlu, \u010di u\u017e ako \u00fatuln\u00e1 rozkladacia pohovka vo va\u0161ej ob\u00fdva\u010dke alebo ako relaxa\u010dn\u00e1 le\u017eadlov\u00e1 pohovka v sp\u00e1lni. Je ide\u00e1lna na pr\u00e1cu, oddych alebo z\u00e1bavu a je dokonal\u00fdm spolo\u010dn\u00edkom na r\u00f4zne aktivity, od filmov\u00fdch ve\u010derov a \u010d\u00edtania a\u017e po kvalitne str\u00e1ven\u00fd \u010das s bl\u00edzkymi.<\/li>\n<li>Modern\u00fd \u0161arm: Nadrozmern\u00e1 pohovka sa vyzna\u010duje elegantn\u00fdm, modern\u00fdm vzh\u013eadom, ktor\u00fd sa bez probl\u00e9mov integruje do v\u00e1\u0161ho priestoru. Jej neutr\u00e1lna farebn\u00e1 paleta je bez n\u00e1mahy \u0161t\u00fdlov\u00e1 a pridanie dvoch zladen\u00fdch dekora\u010dn\u00fdch vank\u00fa\u0161ov vylep\u0161\u00ed v\u00fdzdobu v\u00e1\u0161ho domova elegantn\u00fdm a zladen\u00fdm vzh\u013eadom, ktor\u00fd okam\u017eite pozdvihne ka\u017ed\u00fa miestnos\u0165.<\/li>\n<\/ul>","protected":false},"featured_media":8142,"comment_status":"open","ping_status":"closed","template":"","meta":[],"product_brand":[],"product_cat":[228],"product_tag":[],"class_list":{"0":"post-8155","1":"product","2":"type-product","3":"status-publish","4":"has-post-thumbnail","6":"product_cat-cushions","8":"first","9":"instock","10":"sale","11":"sold-individually","12":"shipping-taxable","13":"purchasable","14":"product-type-simple"},"_links":{"self":[{"href":"https:\/\/www.largepillow.com\/sk\/wp-json\/wp\/v2\/product\/8155","targetHints":{"allow":["GET"]}}],"collection":[{"href":"https:\/\/www.largepillow.com\/sk\/wp-json\/wp\/v2\/product"}],"about":[{"href":"https:\/\/www.largepillow.com\/sk\/wp-json\/wp\/v2\/types\/product"}],"replies":[{"embeddable":true,"href":"https:\/\/www.largepillow.com\/sk\/wp-json\/wp\/v2\/comments?post=8155"}],"wp:featuredmedia":[{"embeddable":true,"href":"https:\/\/www.largepillow.com\/sk\/wp-json\/wp\/v2\/media\/8142"}],"wp:attachment":[{"href":"https:\/\/www.largepillow.com\/sk\/wp-json\/wp\/v2\/media?parent=8155"}],"wp:term":[{"taxonomy":"product_brand","embeddable":true,"href":"https:\/\/www.largepillow.com\/sk\/wp-json\/wp\/v2\/product_brand?post=8155"},{"taxonomy":"product_cat","embeddable":true,"href":"https:\/\/www.largepillow.com\/sk\/wp-json\/wp\/v2\/product_cat?post=8155"},{"taxonomy":"product_tag","embeddable":true,"href":"https:\/\/www.largepillow.com\/sk\/wp-json\/wp\/v2\/product_tag?post=8155"}],"curies":[{"name":"wp","href":"https:\/\/api.w.org\/{rel}","templated":true}]}}