{"id":8208,"date":"2025-06-12T02:14:34","date_gmt":"2025-06-12T02:14:34","guid":{"rendered":"https:\/\/www.largepillow.com\/product\/boneless-curved-couch-soft-corduroy-sofa-for-living-room"},"modified":"2026-01-21T02:31:12","modified_gmt":"2026-01-21T02:31:12","slug":"makka-mansestrova-pohovka-bez-kosti-do-obyvacky","status":"publish","type":"product","link":"https:\/\/www.largepillow.com\/sk\/product\/boneless-curved-couch-soft-corduroy-sofa-for-living-room\/","title":{"rendered":"Boneless Curved Couch \u2013 M\u00e4kk\u00e1 man\u0161estrov\u00e1 pohovka do ob\u00fdva\u010dky"},"content":{"rendered":"[zc_getpagecontent mb=&#8221;mb_aplus&#8221; apid=&#8221;134&#8243;]\n","protected":false},"excerpt":{"rendered":"<ul>\n<li>Zakriven\u00fd dizajn s ultra\u0161irok\u00fdm pohodl\u00edm: T\u00e1to 85-palcov\u00e1 (214 cm) dlh\u00e1 pohovka m\u00e1 35-palcov\u00e9 (91 cm) \u0161irok\u00e9 sedadlo pre maxim\u00e1lne pohodlie pri na\u0165ahovan\u00ed, ktor\u00e9 je podopret\u00e9 pevn\u00fdmi valcovit\u00fdmi vank\u00fa\u0161mi pre optim\u00e1lnu oporu chrbta a lak\u0165ov. Elegantn\u00fd cikcakov\u00fd dizajn sa bez probl\u00e9mov hod\u00ed do rohov alebo otvoren\u00fdch priestorov, v\u010faka \u010domu je ide\u00e1lny na hlbok\u00fa relax\u00e1ciu \u2013 \u010di u\u017e \u010d\u00edtate, zdriemnete si alebo sledujete svoje ob\u013e\u00faben\u00e9 rel\u00e1cie.<\/li>\n<li>Pohodlie ako v oblaku s ortopedickou oporou proti preh\u00fdbaniu: Horn\u00e9 vank\u00fa\u0161e a bo\u010dn\u00e9 vank\u00fa\u0161e s\u00fa ve\u013ekoryso vyplnen\u00e9 m\u00e4kkou PP bavlnou pre pocit ponorenia sa do oblaku. Pod \u0148ou sa nach\u00e1dza pevn\u00e1 z\u00e1klad\u0148a z peny s vysokou hustotou, ktor\u00e1 poskytuje odoln\u00fa a podporn\u00fa \u0161trukt\u00faru, ktor\u00e1 v\u00e1s udr\u017e\u00ed zdvihnut\u00fdch a vyrovnan\u00fdch \u2013 aj po hodin\u00e1ch le\u0148o\u0161enia.<\/li>\n<li>\u010ci u\u017e sa sch\u00falite s knihou, rolujete na telef\u00f3ne alebo si u\u017e\u00edvate nede\u013en\u00fd zdriemnutie, vank\u00fa\u0161 s dvojitou hustotou podoprie va\u0161e telo a z\u00e1rove\u0148 udr\u017e\u00ed va\u0161u polohu v spr\u00e1vnej polohe.<\/li>\n<li>\u013dahko \u010distite\u013en\u00e1 man\u0161estrov\u00e1 tkanina: Odn\u00edmate\u013en\u00e9 po\u0165ahy prate\u013en\u00e9 v pr\u00e1\u010dke s m\u00e4kkou umelou kr\u00e1li\u010dou ko\u017eu\u0161inou a text\u00farovan\u00fdm pruhovan\u00fdm vzorom. Odoln\u00e9 vo\u010di \u0161kvrn\u00e1m pre dom\u00e1ce zvierat\u00e1\/deti.<\/li>\n<li>Rozlo\u017eite\u013en\u00fd a odn\u00edmate\u013en\u00fd dizajn: Horn\u00fa aj spodn\u00fa \u010das\u0165 je mo\u017en\u00e9 oddeli\u0165 a polo\u017ei\u0165 naplocho na podlahu pre v\u0161estrann\u00e9 le\u0148o\u0161enie. Pou\u017eite ako pohovku na podlahe, kreslo alebo rozlo\u017ete na 2 miesta. Ide\u00e1lne do mal\u00fdch bytov, intern\u00e1tov, telev\u00edznych miestnost\u00ed alebo \u010ditate\u013esk\u00fdch k\u00fatikov.<\/li>\n<li>Humanizovan\u00e1 v\u00fd\u0161ka: Premyslene navrhnut\u00e1 v\u00fd\u0161ka sedadla umo\u017e\u0148uje prirodzen\u00e9 oh\u00fdbanie kolien a chodidl\u00e1m spo\u010d\u00edva\u0165 na podlahe \u2013 ide\u00e1lne pre ka\u017edodenn\u00fd relax. Obojstrann\u00e9 valcov\u00e9 vank\u00fa\u0161e poskytuj\u00fa dokonal\u00fa oporu chrbta a r\u00fak.<\/li>\n<\/ul>","protected":false},"featured_media":8192,"comment_status":"open","ping_status":"closed","template":"","meta":[],"product_brand":[],"product_cat":[228],"product_tag":[],"class_list":{"0":"post-8208","1":"product","2":"type-product","3":"status-publish","4":"has-post-thumbnail","6":"product_cat-cushions","8":"first","9":"instock","10":"sold-individually","11":"shipping-taxable","12":"purchasable","13":"product-type-simple"},"_links":{"self":[{"href":"https:\/\/www.largepillow.com\/sk\/wp-json\/wp\/v2\/product\/8208","targetHints":{"allow":["GET"]}}],"collection":[{"href":"https:\/\/www.largepillow.com\/sk\/wp-json\/wp\/v2\/product"}],"about":[{"href":"https:\/\/www.largepillow.com\/sk\/wp-json\/wp\/v2\/types\/product"}],"replies":[{"embeddable":true,"href":"https:\/\/www.largepillow.com\/sk\/wp-json\/wp\/v2\/comments?post=8208"}],"wp:featuredmedia":[{"embeddable":true,"href":"https:\/\/www.largepillow.com\/sk\/wp-json\/wp\/v2\/media\/8192"}],"wp:attachment":[{"href":"https:\/\/www.largepillow.com\/sk\/wp-json\/wp\/v2\/media?parent=8208"}],"wp:term":[{"taxonomy":"product_brand","embeddable":true,"href":"https:\/\/www.largepillow.com\/sk\/wp-json\/wp\/v2\/product_brand?post=8208"},{"taxonomy":"product_cat","embeddable":true,"href":"https:\/\/www.largepillow.com\/sk\/wp-json\/wp\/v2\/product_cat?post=8208"},{"taxonomy":"product_tag","embeddable":true,"href":"https:\/\/www.largepillow.com\/sk\/wp-json\/wp\/v2\/product_tag?post=8208"}],"curies":[{"name":"pracovn\u00fd list","href":"https:\/\/api.w.org\/{rel}","templated":true}]}}