{"id":823,"date":"2022-09-17T14:05:52","date_gmt":"2022-09-17T14:05:52","guid":{"rendered":"https:\/\/www.largepillow.com\/product\/wedge-pillow-for-acid-reflux_37_38_39_40_41"},"modified":"2024-10-03T16:31:35","modified_gmt":"2024-10-03T16:31:35","slug":"klinove-celo-postele-na-citanie","status":"publish","type":"product","link":"https:\/\/www.largepillow.com\/sk\/product\/reading-wedge-headboard","title":{"rendered":"\u010celo postele s klinov\u00fdm vzorom na \u010d\u00edtanie"},"content":{"rendered":"<p>Doprajte si pohodlie s klinov\u00fdm \u010delom na \u010d\u00edtanie<\/p>\n<p>Predstavte si, \u017ee sa pon\u00e1rate do oblaku ply\u0161ov\u00e9ho pohodlia a z\u00e1rove\u0148 sa pon\u00e1rate do svojich ob\u013e\u00faben\u00fdch kn\u00edh alebo rel\u00e1ci\u00ed. \u010celo postele Reading Wedge je tu, aby pozdvihlo v\u00e1\u0161 z\u00e1\u017eitok zo zasp\u00e1vania na nov\u00fa \u00farove\u0148!<\/p>\n<p>V\u00fdnimo\u010dn\u00e9 pohodlie:<\/p>\n<p>Tento ergonomicky navrhnut\u00fd vank\u00fa\u0161 na \u010delo postele sa p\u00fd\u0161i zaoblen\u00fdm tvarom, ktor\u00fd obop\u00edna va\u0161e telo a poskytuje v\u00fdnimo\u010dn\u00e9 pohodlie. Jeho dvojradov\u00e9 vyv\u00fd\u0161en\u00e9 operadlo pon\u00faka bezkonkuren\u010dn\u00fa oporu pre krk a chrb\u00e1t, v\u010faka \u010domu je ide\u00e1lny pre no\u010dn\u00fdch sovy, v\u00e1\u0161niv\u00fdch \u010ditate\u013eov a telev\u00edznych nad\u0161encov.<\/p>\n<p>Multifunk\u010dn\u00e1 v\u0161estrannos\u0165:<\/p>\n<p>Tento vank\u00fa\u0161 je dostato\u010dne v\u0161estrann\u00fd na viacn\u00e1sobn\u00e9 pou\u017eitie a mo\u017eno ho pou\u017ei\u0165 ako vank\u00fa\u0161 na vzpriamen\u00fd chrb\u00e1t, klinov\u00fd vank\u00fa\u0161 alebo vank\u00fa\u0161 na nohy. \u010ci u\u017e h\u013ead\u00e1te oporu pri \u010d\u00edtan\u00ed, sledovan\u00ed filmov alebo jednoducho relax\u00e1cii v posteli, je to perfektn\u00fd spolo\u010dn\u00edk.<\/p>\n<p>Vynikaj\u00face remeseln\u00e9 spracovanie:<\/p>\n<p>\u010celo postele Reading Wedge je vyroben\u00e9 z luxusnej l\u00e1tky s \u013eanov\u00fdm vzh\u013eadom a v\u00fdpl\u0148ou z ekologick\u00e9ho polyesterov\u00e9ho vl\u00e1kna a vy\u017earuje kvalitu. Jeho odn\u00edmate\u013en\u00fd vank\u00fa\u0161 na podhlavn\u00edk je mo\u017en\u00e9 pra\u0165 v pr\u00e1\u010dke pre jednoduch\u00e9 \u010distenie a praktick\u00e9 bo\u010dn\u00e9 vreck\u00e1 dod\u00e1vaj\u00fa n\u00e1dych praktickosti.<\/p>\n<p>Jednoduch\u00e1 \u00fadr\u017eba:<\/p>\n<p>\u00dadr\u017eba \u010dela postele Reading Wedge je hra\u010dka. Po\u0165ah na vank\u00fa\u0161 na \u010delo postele sa d\u00e1 \u013eahko s\u0148a\u0165 pomocou gomb\u00edkov a zipsu, \u010do umo\u017e\u0148uje r\u00fdchle pranie v pr\u00e1\u010dke.<\/p>\n<p>Dostupn\u00e9 v r\u00f4znych ve\u013ekostiach:<\/p>\n<p>Vyberte si z r\u00f4znych ve\u013ekost\u00ed, ktor\u00e9 dokonale padn\u00fa do va\u0161ej postele: 100 cm, 120 cm, 140 cm, 160 cm, 180 cm a 200 cm. Ka\u017ed\u00e1 ve\u013ekos\u0165 m\u00e1 elegantn\u00fd dizajn so st\u013apikmi pre v\u00e4\u010d\u0161\u00ed \u0161t\u00fdl.<\/p>\n<p>Odpor\u00fa\u010dania z\u00e1kazn\u00edkov:<\/p>\n<p>\u201cAbsol\u00fatne milujem svoje \u010delo postele s klinov\u00fdm tvarom na \u010d\u00edtanie! Je tak\u00e9 pohodln\u00e9 a v\u010faka nemu je \u010d\u00edtanie v posteli snom. Zv\u00fd\u0161en\u00e9 operadlo je pre m\u00f4j krk a chrb\u00e1t prelomov\u00e9.\u201d \u2013 Sarah K.<\/p>\n<p>\u201cTento vank\u00fa\u0161 je nevyhnutnos\u0165ou pre ka\u017ed\u00e9ho, kto r\u00e1d tr\u00e1vi \u010das v posteli. Je tak\u00fd v\u0161estrann\u00fd a d\u00e1 sa pou\u017ei\u0165 na to\u013eko vec\u00ed. Vrelo ho odpor\u00fa\u010dam!\u201d \u2013 John B.<\/p>\n<p>Zlep\u0161ite si z\u00e1\u017eitok pred span\u00edm s \u010delom postele Reading Wedge. Objednajte si ho e\u0161te dnes a vychutnajte si bezkonkuren\u010dn\u00e9 pohodlie a v\u0161estrannos\u0165!<\/p>","protected":false},"excerpt":{"rendered":"<ul>\n<li><strong>Maxim\u00e1lne pohodlie:<\/strong> Tento vank\u00fa\u0161 s vyv\u00fd\u0161en\u00fdm \u010delom XL pon\u00faka vynikaj\u00face pohodlie v\u010faka svojmu zaoblen\u00e9mu dizajnu. Tento \u010ditate\u013esk\u00fd vank\u00fa\u0161 s \u010delom v\u00e1m pom\u00f4\u017ee zosta\u0165 bez nap\u00e4tia na posteli, pohovke, dennej posteli alebo gau\u010di, \u010do je ide\u00e1lne pre no\u010dn\u00fdch sov, knihomo\u013eov a pozeranie telev\u00edzie v posteli.<\/li>\n<li><strong>Dizajn so zv\u00fd\u0161en\u00fdm operadlom:<\/strong> Vychutnajte si bezkonkuren\u010dn\u00e9 pohodlie s unik\u00e1tnym dvojradov\u00fdm dizajnom vyv\u00fd\u0161en\u00e9ho operadla n\u00e1\u0161ho vank\u00fa\u0161a na \u010delo postele. Zv\u00fd\u0161en\u00e9 operadlo na \u010delo postele poskytuje vynikaj\u00facu oporu pre v\u00e1\u0161 krk a chrb\u00e1t, v\u010faka \u010domu je ide\u00e1lnym miestom na relax\u00e1ciu a \u010d\u00edtanie v posteli.<\/li>\n<li><strong>Multifunk\u010dn\u00fd vank\u00fa\u0161:<\/strong> V\u010faka trom r\u00f4znym sp\u00f4sobom pou\u017eitia je n\u00e1\u0161 vank\u00fa\u0161 ide\u00e1lny pre ka\u017ed\u00fa situ\u00e1ciu. \u010ci u\u017e ho chcete pou\u017ei\u0165 ako vank\u00fa\u0161 na vzpriamen\u00fd chrb\u00e1t, klinov\u00fd vank\u00fa\u0161 alebo vank\u00fa\u0161 na nohy pre zv\u00fd\u0161en\u00fa oporu, je to ide\u00e1lny doplnok pre pohodln\u00fd odpo\u010dinok a relax\u00e1ciu.<\/li>\n<li><strong>Vynikaj\u00face remeseln\u00e9 spracovanie:<\/strong> N\u00e1\u0161 vank\u00fa\u0161 na \u010delo postele je vyroben\u00fd z l\u00e1tky s \u013eanov\u00fdm vzh\u013eadom, ktorej zlo\u017eenie je polyester 100%, a je vyplnen\u00fd ekologickou a vysoko odolnou polyesterovou v\u00fdpl\u0148ou. Odn\u00edmate\u013en\u00fd vank\u00fa\u0161 na podhlavn\u00edk sa \u013eahko pere v pr\u00e1\u010dke a mal\u00e9 bo\u010dn\u00e9 vreck\u00e1 dod\u00e1vaj\u00fa tomuto u\u017e aj tak luxusn\u00e9mu produktu praktickos\u0165.<\/li>\n<li><strong>\u013dahko sa um\u00fdva:<\/strong> Po\u0165ah na vank\u00fa\u0161 na \u010delo postele je pripevnen\u00fd k vn\u00fatornej strane vank\u00fa\u0161a pomocou gomb\u00edkov a d\u00e1 sa \u013eahko odstr\u00e1ni\u0165 pomocou zipsu. V\u010faka tomu je jeho \u010distenie bezprobl\u00e9mov\u00e9. Sta\u010d\u00ed po\u0165ah odstr\u00e1ni\u0165 a r\u00fdchlo vypra\u0165 v pr\u00e1\u010dke, aby v\u00e1\u0161 vank\u00fa\u0161 vyzeral ako nov\u00fd.<\/li>\n<li><strong>Ve\u013ekos\u0165:<\/strong> 100 cm (D100 x \u016026 x V55 | 3 st\u013apce s tla\u010didlami), 120 cm (D120 x \u016026 x V55 | 4 st\u013apce s tla\u010didlami), 140 cm (D140 x \u016026 x V55 | 4 st\u013apce s tla\u010didlami), 160 cm (D160 x \u016026 x V55 | 5 st\u013apcov s tla\u010didlami), 180 cm (D180 x \u016026 x V55 | 6 st\u013apcov s tla\u010didlami), 200 cm (D200 x \u016026 x V55 | 7 st\u013apcov s tla\u010didlami).<\/li>\n<\/ul>","protected":false},"featured_media":809,"comment_status":"open","ping_status":"closed","template":"","meta":[],"product_brand":[],"product_cat":[15],"product_tag":[109,164,161,143,166,162,65],"class_list":{"0":"post-823","1":"product","2":"type-product","3":"status-publish","4":"has-post-thumbnail","6":"product_cat-large-wedge-pillow","7":"product_tag-daybed-cushion","8":"product_tag-detachable-bolster-bed-cushion","9":"product_tag-elevated-headboard-pillow","10":"product_tag-multifunctional-pillow","11":"product_tag-reading-wedge-headboard","12":"product_tag-upright-back-pillow","13":"product_tag-wedge-pillow","15":"first","16":"instock","17":"featured","18":"shipping-taxable","19":"purchasable","20":"product-type-variable"},"_links":{"self":[{"href":"https:\/\/www.largepillow.com\/sk\/wp-json\/wp\/v2\/product\/823","targetHints":{"allow":["GET"]}}],"collection":[{"href":"https:\/\/www.largepillow.com\/sk\/wp-json\/wp\/v2\/product"}],"about":[{"href":"https:\/\/www.largepillow.com\/sk\/wp-json\/wp\/v2\/types\/product"}],"replies":[{"embeddable":true,"href":"https:\/\/www.largepillow.com\/sk\/wp-json\/wp\/v2\/comments?post=823"}],"wp:featuredmedia":[{"embeddable":true,"href":"https:\/\/www.largepillow.com\/sk\/wp-json\/wp\/v2\/media\/809"}],"wp:attachment":[{"href":"https:\/\/www.largepillow.com\/sk\/wp-json\/wp\/v2\/media?parent=823"}],"wp:term":[{"taxonomy":"product_brand","embeddable":true,"href":"https:\/\/www.largepillow.com\/sk\/wp-json\/wp\/v2\/product_brand?post=823"},{"taxonomy":"product_cat","embeddable":true,"href":"https:\/\/www.largepillow.com\/sk\/wp-json\/wp\/v2\/product_cat?post=823"},{"taxonomy":"product_tag","embeddable":true,"href":"https:\/\/www.largepillow.com\/sk\/wp-json\/wp\/v2\/product_tag?post=823"}],"curies":[{"name":"wp","href":"https:\/\/api.w.org\/{rel}","templated":true}]}}