{"id":8233,"date":"2025-06-12T02:31:41","date_gmt":"2025-06-12T02:31:41","guid":{"rendered":"https:\/\/www.largepillow.com\/product\/plush-cloud-modular-sofa-with-chaise-removable-covers"},"modified":"2025-06-17T14:00:28","modified_gmt":"2025-06-17T14:00:28","slug":"plysova-modularna-pohovka-v-tvare-oblaku-s-odnimatelnymi-potahmi-na-lezadlo","status":"publish","type":"product","link":"https:\/\/www.largepillow.com\/sk\/product\/plush-cloud-modular-sofa-with-chaise-removable-covers","title":{"rendered":"Modul\u00e1rna pohovka Ply\u0161ov\u00fd oblak s le\u017eadlom a odn\u00edmate\u013en\u00fdmi po\u0165ahmi"},"content":{"rendered":"[zc_getpagecontent mb=&#8221;mb_aplus&#8221; apid=&#8221;130&#8243;]\n","protected":false},"excerpt":{"rendered":"<ul>\n<li>MODUL\u00c1RNY DIZAJN: 273 cm rozkladacia pohovka v tvare L s v\u0161estrannou kombin\u00e1ciou sedac\u00edch modulov s hlbok\u00fdmi sedadlami a le\u017eadlom pre maxim\u00e1lne pohodlie a flexibilitu.<\/li>\n<li>POHODLIE AKO V OBLAKU: Ply\u0161ov\u00e9 ko\u017eu\u0161inov\u00e9 \u010dal\u00fanenie s bezkostnou nosnou \u0161trukt\u00farou poskytuje jemn\u00e9 zdvihnutie pre ka\u017ed\u00fd centimeter tela a vytv\u00e1ra neuverite\u013ene m\u00e4kk\u00fd z\u00e1\u017eitok zo sedenia.<\/li>\n<li>ERGONOMICK\u00c9 VLASTNOSTI: Priedu\u0161n\u00fd reflexn\u00fd materi\u00e1l so zaoblen\u00fdm povrchom zabra\u0148uje \u00fanave po\u010das dlh\u0161ieho sedenia alebo le\u0148o\u0161enia.<\/li>\n<li>PRIPRAVEN\u00c9 NA POU\u017dITIE: Jednoducho usporiadajte modul\u00e1rne diely do po\u017eadovanej konfigur\u00e1cie vo va\u0161om obytnom priestore.<\/li>\n<li>LUXUSN\u00c9 DETAILY: B\u00e9\u017eov\u00fd ply\u0161ov\u00fd ko\u017eu\u0161inov\u00fd po\u0165ah s v\u00fdrazn\u00fdm rebrovan\u00fdm text\u00farovan\u00fdm vzorom vytv\u00e1ra elegantn\u00fd, modern\u00fd estetick\u00fd vzh\u013ead a z\u00e1rove\u0148 zachov\u00e1va vynikaj\u00face pohodlie.<\/li>\n<\/ul>","protected":false},"featured_media":8224,"comment_status":"open","ping_status":"closed","template":"","meta":[],"product_brand":[],"product_cat":[228],"product_tag":[],"class_list":{"0":"post-8233","1":"product","2":"type-product","3":"status-publish","4":"has-post-thumbnail","6":"product_cat-cushions","8":"first","9":"outofstock","10":"sold-individually","11":"shipping-taxable","12":"purchasable","13":"product-type-simple"},"_links":{"self":[{"href":"https:\/\/www.largepillow.com\/sk\/wp-json\/wp\/v2\/product\/8233","targetHints":{"allow":["GET"]}}],"collection":[{"href":"https:\/\/www.largepillow.com\/sk\/wp-json\/wp\/v2\/product"}],"about":[{"href":"https:\/\/www.largepillow.com\/sk\/wp-json\/wp\/v2\/types\/product"}],"replies":[{"embeddable":true,"href":"https:\/\/www.largepillow.com\/sk\/wp-json\/wp\/v2\/comments?post=8233"}],"wp:featuredmedia":[{"embeddable":true,"href":"https:\/\/www.largepillow.com\/sk\/wp-json\/wp\/v2\/media\/8224"}],"wp:attachment":[{"href":"https:\/\/www.largepillow.com\/sk\/wp-json\/wp\/v2\/media?parent=8233"}],"wp:term":[{"taxonomy":"product_brand","embeddable":true,"href":"https:\/\/www.largepillow.com\/sk\/wp-json\/wp\/v2\/product_brand?post=8233"},{"taxonomy":"product_cat","embeddable":true,"href":"https:\/\/www.largepillow.com\/sk\/wp-json\/wp\/v2\/product_cat?post=8233"},{"taxonomy":"product_tag","embeddable":true,"href":"https:\/\/www.largepillow.com\/sk\/wp-json\/wp\/v2\/product_tag?post=8233"}],"curies":[{"name":"wp","href":"https:\/\/api.w.org\/{rel}","templated":true}]}}