{"id":8262,"date":"2025-06-12T07:43:13","date_gmt":"2025-06-12T07:43:13","guid":{"rendered":"https:\/\/www.largepillow.com\/product\/multi-use-pillow-for-comfortable-sleep-sitting-with-back-support"},"modified":"2025-11-15T16:05:15","modified_gmt":"2025-11-15T16:05:15","slug":"viacucelovy-vankus-pre-pohodlne-sedenie-a-spanie-s-oporou-chrbta","status":"publish","type":"product","link":"https:\/\/www.largepillow.com\/sk\/product\/multi-use-pillow-for-comfortable-sleep-sitting-with-back-support\/","title":{"rendered":"Viac\u00fa\u010delov\u00fd vank\u00fa\u0161 pre pohodln\u00e9 spanie a sedenie s oporou chrbta"},"content":{"rendered":"[zc_getpagecontent mb=&#8221;mb_aplus&#8221; apid=&#8221;117&#8243;]\n","protected":false},"excerpt":{"rendered":"<ul>\n<li>V\u0161estrann\u00e1 rekonvalescencia po oper\u00e1cii BBL: Na\u0161a sada vank\u00fa\u0161ov BBL po oper\u00e1cii je navrhnut\u00e1 pre pohodlie a v\u0161estrannos\u0165 po oper\u00e1cii BBL. Obsahuje penov\u00fd vank\u00fa\u0161 BBL a vank\u00fa\u0161 na podporu chrbta. Ich v\u0161estrannos\u0165 v\u00e1m umo\u017e\u0148uje pou\u017e\u00edva\u0165 ich spolo\u010dne ako vank\u00fa\u0161 tv\u00e1rou nadol po oper\u00e1cii BBL alebo ako s\u00fapravu vank\u00fa\u0161a BBL Butt Lift + vank\u00fa\u0161a na podporu chrbta, ktor\u00e1 dokonale rie\u0161i va\u0161e r\u00f4zne potreby po oper\u00e1cii BBL.<\/li>\n<li>Pohodlie pri span\u00ed na bruchu: Jedine\u010dn\u00fd dizajn otvorov vank\u00fa\u0161a tv\u00e1rou nadol umo\u017e\u0148uje spanie tv\u00e1rou nadol, \u010do podporuje optim\u00e1lne pohodlie a d\u00fdchanie. T\u00e1to poloha pom\u00e1ha pri poopera\u010dnom zotaven\u00ed vr\u00e1tane oper\u00e1cie BBL alebo in\u00fdch oper\u00e1ci\u00ed o\u010d\u00ed a vank\u00fa\u0161 je mo\u017en\u00e9 nastavi\u0165 tak, aby poskytoval dodato\u010dn\u00fa oporu, a to tak, \u017ee si okolo neho omot\u00e1te ruky.<\/li>\n<li>Podpora bedier a odpru\u017eenie chrbta: Penov\u00fd vank\u00fa\u0161 na zadok podporuje zotavenie bedier, zatia\u013e \u010do bavlnen\u00fd vank\u00fa\u0161 na chrb\u00e1t z polypropyl\u00e9nu pon\u00faka oporu chrbta, \u010do umo\u017e\u0148uje dlh\u0161ie sedenie bez nepohodlia. Tieto vank\u00fa\u0161e po oper\u00e1cii s BBQ poopera\u010dn\u00fdm doplnkom na spanie s\u00fa ide\u00e1lne na r\u00f4zne povrchy na sedenie, ako s\u00fa re\u0161taura\u010dn\u00e9 stoli\u010dky, kancel\u00e1rske stoli\u010dky, autoseda\u010dky a \u010fal\u0161ie. Sp\u013a\u0148aj\u00fa va\u0161e potreby pohodlia po oper\u00e1cii.<\/li>\n<li>Odoln\u00fd a podporn\u00fd dizajn: Na\u0161a sada vank\u00fa\u0161ov BBL je vyroben\u00e1 z peny s vysokou hustotou a unesie a\u017e 100 kg bez toho, aby sa prepadla alebo splo\u0161tila. Nad\u00fdchan\u00e1 polyesterov\u00e1 v\u00fdpl\u0148 zais\u0165uje pohodln\u00fa oporu a m\u00e4kk\u00e9 zamatov\u00e9 po\u0165ahy s\u00fa odn\u00edmate\u013en\u00e9 a daj\u00fa sa pra\u0165 v pr\u00e1\u010dke pre jednoduch\u00fa \u00fadr\u017ebu.<\/li>\n<li>Multifunk\u010dn\u00e9 pou\u017eitie: Okrem poopera\u010dnej rekonvalescencie m\u00f4\u017eu tieto vank\u00fa\u0161e sl\u00fa\u017ei\u0165 ako mas\u00e1\u017eny vank\u00fa\u0161 alebo opora pri aktivit\u00e1ch v polohe tv\u00e1rou nadol, ako je zdriemnutie si pri stole alebo spanie na bruchu. Vank\u00fa\u0161 s oporou chrbta je ur\u010den\u00fd na samostatn\u00e9 pou\u017eitie a m\u00f4\u017ee sl\u00fa\u017ei\u0165 ako vank\u00fa\u0161 na \u010d\u00edtanie pre podporu chrbta po\u010das obdobia po rekonvalescencii.<\/li>\n<li>R\u00fdchle obnovenie tvaru: Upozor\u0148ujeme, \u017ee vank\u00fa\u0161 s priliehavou hlavou sa m\u00f4\u017ee pri posaden\u00ed mierne stla\u010di\u0165, tak\u017ee nebudete m\u00f4c\u0165 dosiahnu\u0165 jeho pln\u00fa v\u00fd\u0161ku. Na\u0161e vank\u00fa\u0161ov\u00e9 sady s\u00fa v\u00e1kuovo balen\u00e9. Po rozbalen\u00ed sa vr\u00e1tia do p\u00f4vodn\u00e9ho tvaru do 48 \u2013 72 hod\u00edn.<\/li>\n<\/ul>","protected":false},"featured_media":8255,"comment_status":"open","ping_status":"closed","template":"","meta":[],"product_brand":[],"product_cat":[228],"product_tag":[],"class_list":{"0":"post-8262","1":"product","2":"type-product","3":"status-publish","4":"has-post-thumbnail","6":"product_cat-cushions","8":"first","9":"instock","10":"shipping-taxable","11":"purchasable","12":"product-type-simple"},"_links":{"self":[{"href":"https:\/\/www.largepillow.com\/sk\/wp-json\/wp\/v2\/product\/8262","targetHints":{"allow":["GET"]}}],"collection":[{"href":"https:\/\/www.largepillow.com\/sk\/wp-json\/wp\/v2\/product"}],"about":[{"href":"https:\/\/www.largepillow.com\/sk\/wp-json\/wp\/v2\/types\/product"}],"replies":[{"embeddable":true,"href":"https:\/\/www.largepillow.com\/sk\/wp-json\/wp\/v2\/comments?post=8262"}],"wp:featuredmedia":[{"embeddable":true,"href":"https:\/\/www.largepillow.com\/sk\/wp-json\/wp\/v2\/media\/8255"}],"wp:attachment":[{"href":"https:\/\/www.largepillow.com\/sk\/wp-json\/wp\/v2\/media?parent=8262"}],"wp:term":[{"taxonomy":"product_brand","embeddable":true,"href":"https:\/\/www.largepillow.com\/sk\/wp-json\/wp\/v2\/product_brand?post=8262"},{"taxonomy":"product_cat","embeddable":true,"href":"https:\/\/www.largepillow.com\/sk\/wp-json\/wp\/v2\/product_cat?post=8262"},{"taxonomy":"product_tag","embeddable":true,"href":"https:\/\/www.largepillow.com\/sk\/wp-json\/wp\/v2\/product_tag?post=8262"}],"curies":[{"name":"pracovn\u00fd list","href":"https:\/\/api.w.org\/{rel}","templated":true}]}}